{"id":1505,"date":"2013-05-20T11:58:19","date_gmt":"2013-05-20T09:58:19","guid":{"rendered":"http:\/\/www.jugendheimstaetten-duisburg.de\/?page_id=1505"},"modified":"2020-09-01T17:20:13","modified_gmt":"2020-09-01T15:20:13","slug":"einrichtungsinterner-therapeutischer-dienst","status":"publish","type":"page","link":"https:\/\/www.jugendheimstaetten-duisburg.de\/?page_id=1505","title":{"rendered":"Einrichtungsinterner therapeutischer Dienst"},"content":{"rendered":"<p>Die Jugendheimst\u00e4tten Niederrhein e.V. verf\u00fcgen \u00fcber einen eigenen einrichtungsinternen therapeutischen Dienst, der flexibel und kurzfristig in die Arbeit integriert werden kann. Der Dienst wird von Klaus Becker geleitet.<\/p>\n<p>Hier Informationen zu seinem Werdegang:<strong><\/strong><\/p>\n<p><strong>&nbsp;<\/strong><\/p>\n<p><strong>Klaus Becker <\/strong>(Jahrgang 1957)<\/p>\n<p>Psychotherapeut und Supervisor f\u00fcr Kinder- und Jugendlichenpsychotherapie, Gestalt- und Sexualtherapeut.<\/p>\n<p><strong><\/strong>Langj\u00e4hrige Berufserfahrung in unterschiedlichen Bereichen der psychosozialen Arbeit; davon 10 Jahre in einer Beratungsstelle der Arbeiterwohlfahrt in Essen zum Themenschwerpunkt Sexualit\u00e4t und ebenso 10 Jahre in einer Beratungsstelle des&nbsp; Kinderschutzbundes in Duisburg mit dem Schwerpunkt Beratung und Therapie f\u00fcr Jungen, die sexuelle Gewalt erlit\u00adten haben.<\/p>\n<p>Seit Juni 2012 als Psychotherapeut bei den Jugendheimst\u00e4tten Niederrhein e.V.<\/p>\n","protected":false},"excerpt":{"rendered":"<p>Die Jugendheimst\u00e4tten Niederrhein e.V. verf\u00fcgen \u00fcber einen eigenen einrichtungsinternen therapeutischen Dienst, der flexibel und kurzfristig in die Arbeit integriert werden kann. Der Dienst wird von Klaus Becker geleitet. Hier Informationen zu seinem Werdegang: &nbsp; Klaus Becker (Jahrgang 1957) Psychotherapeut und Supervisor f\u00fcr Kinder- und Jugendlichenpsychotherapie, Gestalt- und Sexualtherapeut. Langj\u00e4hrige Berufserfahrung in unterschiedlichen Bereichen der psychosozialen &hellip; <\/p>\n<p class=\"link-more\"><a href=\"https:\/\/www.jugendheimstaetten-duisburg.de\/?page_id=1505\" class=\"more-link\"><span class=\"screen-reader-text\">\u201eEinrichtungsinterner therapeutischer Dienst\u201c <\/span>weiterlesen<\/a><\/p>\n","protected":false},"author":5,"featured_media":0,"parent":0,"menu_order":0,"comment_status":"closed","ping_status":"open","template":"","meta":{"footnotes":""},"class_list":["post-1505","page","type-page","status-publish","hentry"],"aioseo_notices":[],"_links":{"self":[{"href":"https:\/\/www.jugendheimstaetten-duisburg.de\/index.php?rest_route=\/wp\/v2\/pages\/1505","targetHints":{"allow":["GET"]}}],"collection":[{"href":"https:\/\/www.jugendheimstaetten-duisburg.de\/index.php?rest_route=\/wp\/v2\/pages"}],"about":[{"href":"https:\/\/www.jugendheimstaetten-duisburg.de\/index.php?rest_route=\/wp\/v2\/types\/page"}],"author":[{"embeddable":true,"href":"https:\/\/www.jugendheimstaetten-duisburg.de\/index.php?rest_route=\/wp\/v2\/users\/5"}],"replies":[{"embeddable":true,"href":"https:\/\/www.jugendheimstaetten-duisburg.de\/index.php?rest_route=%2Fwp%2Fv2%2Fcomments&post=1505"}],"version-history":[{"count":4,"href":"https:\/\/www.jugendheimstaetten-duisburg.de\/index.php?rest_route=\/wp\/v2\/pages\/1505\/revisions"}],"predecessor-version":[{"id":7976,"href":"https:\/\/www.jugendheimstaetten-duisburg.de\/index.php?rest_route=\/wp\/v2\/pages\/1505\/revisions\/7976"}],"wp:attachment":[{"href":"https:\/\/www.jugendheimstaetten-duisburg.de\/index.php?rest_route=%2Fwp%2Fv2%2Fmedia&parent=1505"}],"curies":[{"name":"wp","href":"https:\/\/api.w.org\/{rel}","templated":true}]}}