{"id":166,"date":"2019-04-15T13:08:07","date_gmt":"2019-04-15T11:08:07","guid":{"rendered":"http:\/\/www.jugendheimstaetten-duisburg.de\/?page_id=166"},"modified":"2020-10-03T20:26:58","modified_gmt":"2020-10-03T18:26:58","slug":"historie","status":"publish","type":"page","link":"https:\/\/www.jugendheimstaetten-duisburg.de\/?page_id=166","title":{"rendered":"Historie"},"content":{"rendered":"<p>Wir, die Jugendheimst\u00e4tten Niederrhein e. V., wurden am 23. August 1950 von Hartmut (1921-1996) und Marie Schneider (1928-2014) gegr\u00fcndet.<\/p>\n<p>Wir sind ein freier Tr\u00e4gervein der station\u00e4ren Jugendhilfe mit vier Standorten in Duisburg und Dinslaken.<\/p>\n<p style=\"text-align: center;\"><a href=\"https:\/\/www.jugendheimstaetten-duisburg.de\/wp-content\/uploads\/2010\/02\/JHS-04.jpg\"><img loading=\"lazy\" decoding=\"async\" class=\"wp-image-4371 size-thumbnail aligncenter\" src=\"https:\/\/www.jugendheimstaetten-duisburg.de\/wp-content\/uploads\/2010\/02\/JHS-04-150x150.jpg\" alt=\"JHS-04\" width=\"150\" height=\"150\" srcset=\"https:\/\/www.jugendheimstaetten-duisburg.de\/wp-content\/uploads\/2010\/02\/JHS-04-150x150.jpg 150w, https:\/\/www.jugendheimstaetten-duisburg.de\/wp-content\/uploads\/2010\/02\/JHS-04-144x144.jpg 144w\" sizes=\"auto, (max-width: 150px) 100vw, 150px\" \/><\/a><\/p>\n<p style=\"text-align: center;\"><em>Dr. Hartmut Schneider um die Zeit der Gr\u00fcndung des Vereins<\/em><\/p>\n<p>Der Verein entstand nach dem zweiten Weltkrieg als Teil der Heimstattbewegung, die Vorl\u00e4uferin der organisierten Jugendsozialarbeit. Unsere Wurzeln sind in den Zielen und Idealen der Jugendbewegung aus dem Anfang des 20. Jahrhunderts wiederzufinden. Hier ist besonders Kurt Hahn hervorzuheben, der als Begr\u00fcnder der Erlebnisp\u00e4dagogik gilt, die auch heute noch ein wichtiger Bestandteil unserer Arbeit ist.<\/p>\n<p>Zu Gr\u00fcndungszeiten war es das Ziel, einer immer noch zunehmenden und entwurzelten Fl\u00fcchtlingsjugend \u2013 aus durch den Krieg belasteten sowie strukturschwachen Gebieten Deutschlands \u2013 nach dem zweiten Weltkrieg eine neue Heimat zu geben und eine Perspektive zu erm\u00f6glichen. Dadurch gepr\u00e4gt versuchen wir seit \u00fcber 60 Jahren eine \u201eErziehung zu einer freiheitlich demokratischen Lebensordnung\u201c zu leisten.<\/p>\n<p>Zu diesem Zweck wurde ab M\u00e4rz 1952 in mehreren Schritten der erste Standort der Jugendheimst\u00e4tten Niederrhein e.V., ein Wohnheim in der Tradition der Lehrlings- und Gesellenwohnheime, das \u201eLehrlings- und Jungarbeiterwohnheim\u201c in Duisburg Hochfeld an der Zeppelinstra\u00dfe er\u00f6ffnet.<\/p>\n<p><center><a href=\"https:\/\/www.jugendheimstaetten-duisburg.de\/wp-content\/uploads\/2019\/04\/1.jpg\"><img loading=\"lazy\" decoding=\"async\" class=\"aligncenter size-medium wp-image-7055\" src=\"https:\/\/www.jugendheimstaetten-duisburg.de\/wp-content\/uploads\/2019\/04\/1-300x187.jpg\" alt=\"\" width=\"300\" height=\"187\" srcset=\"https:\/\/www.jugendheimstaetten-duisburg.de\/wp-content\/uploads\/2019\/04\/1-300x187.jpg 300w, https:\/\/www.jugendheimstaetten-duisburg.de\/wp-content\/uploads\/2019\/04\/1-768x478.jpg 768w, https:\/\/www.jugendheimstaetten-duisburg.de\/wp-content\/uploads\/2019\/04\/1.jpg 852w\" sizes=\"auto, (max-width: 300px) 100vw, 300px\" \/><\/a>&nbsp;&nbsp;<\/p>\n<p><em>Unser <\/em><em>Haupthaus Duisburg-Hochfeld nach der Sanierung 2017<\/em><\/p>\n<p><\/center>Wenige Jahre sp\u00e4ter erweiterten wir unser bisheriges Angebot durch ein Ferienhaus im Oberbergischen Land. Bis heute ist dieser Standort in Lieberhausen aktiv und vielf\u00e4ltig in unsere p\u00e4dagogische Arbeit eingebunden und es finden regelm\u00e4\u00dfig Fahrten dorthin statt. Es wurde 2016 aufwendig saniert und modernisiert.<\/p>\n<p><center><a href=\"https:\/\/www.jugendheimstaetten-duisburg.de\/wp-content\/uploads\/2019\/04\/2.jpg\"><img loading=\"lazy\" decoding=\"async\" class=\"aligncenter size-medium wp-image-7056\" src=\"https:\/\/www.jugendheimstaetten-duisburg.de\/wp-content\/uploads\/2019\/04\/2-300x225.jpg\" alt=\"\" width=\"300\" height=\"225\" srcset=\"https:\/\/www.jugendheimstaetten-duisburg.de\/wp-content\/uploads\/2019\/04\/2-300x225.jpg 300w, https:\/\/www.jugendheimstaetten-duisburg.de\/wp-content\/uploads\/2019\/04\/2-768x576.jpg 768w, https:\/\/www.jugendheimstaetten-duisburg.de\/wp-content\/uploads\/2019\/04\/2.jpg 1024w\" sizes=\"auto, (max-width: 300px) 100vw, 300px\" \/><\/a><\/center>&nbsp;<\/p>\n<p><center><em>Unser Ferienhaus in Lieberhausen<\/em><\/center>&nbsp;<\/p>\n<p>Seit unserem Bestehen sind wir politisch wie auch konfessionell unabh\u00e4ngig. Dies ist vor allem mit den Erfahrungen des Gr\u00fcnders aus den Jahren zwischen den beiden Weltkriegen und der nationalsozialistischen Diktatur begr\u00fcndet.<\/p>\n<p>Da Jugendliche in der Vorkriegs- und Kriegszeit eine verk\u00fcrzte Schulzeit hatten, litt ihre kulturelle Bildung. So war es eines unserer Vorhaben in der Nachkriegszeit, dieser Jugend die Geschichte und das Erbe der europ\u00e4ischen Kultur nahe zu bringen. So finden seit Mitte der 50er Jahre Fahrten nach Italien (Region Latium), Griechenland (Athen\/Olympia) und S\u00fcdfrankreich (Provence), die sogenannten S\u00fcdlandfahrten, statt.<\/p>\n<p><center><a href=\"https:\/\/www.jugendheimstaetten-duisburg.de\/wp-content\/uploads\/2010\/02\/JHS-07.jpg\"><img loading=\"lazy\" decoding=\"async\" class=\"aligncenter wp-image-4386\" src=\"https:\/\/www.jugendheimstaetten-duisburg.de\/wp-content\/uploads\/2010\/02\/JHS-07-300x203.jpg\" alt=\"JHS-07\" width=\"150\" height=\"102\" srcset=\"https:\/\/www.jugendheimstaetten-duisburg.de\/wp-content\/uploads\/2010\/02\/JHS-07-300x203.jpg 300w, https:\/\/www.jugendheimstaetten-duisburg.de\/wp-content\/uploads\/2010\/02\/JHS-07.jpg 601w\" sizes=\"auto, (max-width: 150px) 100vw, 150px\" \/><\/a>&nbsp;&nbsp;<\/p>\n<p><em>Ferienfreizeit in der Vergangenheit<\/em><\/p>\n<p><\/center>Seit Ende der 60er Jahre des letzten Jahrhunderts bieten wir Segelfahrten mit unseren eigenen Booten an. Nach mehreren Schiffs- wechseln nutzen wir seit 2017 unsere Ajas II f\u00fcr unsere Segelfrei- zeiten in Holland.<\/p>\n<p><center><br \/>\n<a href=\"https:\/\/www.jugendheimstaetten-duisburg.de\/wp-content\/uploads\/2019\/04\/4.jpg\"><img loading=\"lazy\" decoding=\"async\" class=\"aligncenter size-medium wp-image-7057\" src=\"https:\/\/www.jugendheimstaetten-duisburg.de\/wp-content\/uploads\/2019\/04\/4-254x300.jpg\" alt=\"\" width=\"254\" height=\"300\" srcset=\"https:\/\/www.jugendheimstaetten-duisburg.de\/wp-content\/uploads\/2019\/04\/4-254x300.jpg 254w, https:\/\/www.jugendheimstaetten-duisburg.de\/wp-content\/uploads\/2019\/04\/4.jpg 458w\" sizes=\"auto, (max-width: 254px) 100vw, 254px\" \/><\/a>&nbsp;<\/p>\n<p><em>Unsere Ajas II auf dem Ijsselmeer in Holland<\/em><\/p>\n<p><\/center>Bis in die 80er Jahre stand vor allem das Ziel der Jugendsozialarbeit im Mittelpunkt. Durch die sichtbar wachsenden Erziehungsschwierigkeiten seit dieser Zeit dominieren heute die station\u00e4ren erzieherischen Hilfen unsere allt\u00e4gliche Arbeit.<\/p>\n<p>2006 er\u00f6ffneten wir unser zweites Haus, die Au\u00dfenwohngruppe (AWG) Watereckstra\u00dfe Duisburg Walsum. Hier wohnen Jungen und M\u00e4dchen im Alter von 12 bis 15 Jahren. Ziel ist es zun\u00e4chst, den Kindern ein vertrauensvolles und stabiles Umfeld zu bieten und die Pers\u00f6nlichkeit sowie Selbstst\u00e4ndigkeit zu f\u00f6rdern. Wie in unseren anderen H\u00e4usern auch, legen wir hier gro\u00dfen Wert auf die Freizeit- und Erlebnisp\u00e4dagogik.<\/p>\n<p><center><a href=\"https:\/\/www.jugendheimstaetten-duisburg.de\/wp-content\/uploads\/2010\/02\/k-DSCN4338.jpg\"><img loading=\"lazy\" decoding=\"async\" class=\"aligncenter wp-image-4391\" src=\"https:\/\/www.jugendheimstaetten-duisburg.de\/wp-content\/uploads\/2010\/02\/k-DSCN4338-300x225.jpg\" alt=\"k-DSCN4338\" width=\"150\" height=\"113\" srcset=\"https:\/\/www.jugendheimstaetten-duisburg.de\/wp-content\/uploads\/2010\/02\/k-DSCN4338-300x225.jpg 300w, https:\/\/www.jugendheimstaetten-duisburg.de\/wp-content\/uploads\/2010\/02\/k-DSCN4338.jpg 640w\" sizes=\"auto, (max-width: 150px) 100vw, 150px\" \/><\/a>&nbsp;&nbsp;<\/p>\n<p><em>Unser <\/em><em>Standort Watereckstra\u00dfe in Duisburg-Walsum<\/em><\/p>\n<p><\/center>Im Jahr 2009 er\u00f6ffnete der Verein das Wohnprojekt an der Gerokstra\u00dfe in Duisburg-Hochfeld. Hier leben die Jugendlichen in Wohngemeinschaften zu zweit und lernen, ihr Leben selbstst\u00e4ndig zu meistern. Realit\u00e4tsnah und mit Unterst\u00fctzung unserer p\u00e4dagogischen Fachkr\u00e4fte lernen die Jugendlichen, ihren Alltag zu regeln.<\/p>\n<p><center><a href=\"https:\/\/www.jugendheimstaetten-duisburg.de\/wp-content\/uploads\/2010\/02\/k-P1050959.jpg\"><img loading=\"lazy\" decoding=\"async\" class=\"aligncenter size-medium wp-image-4392\" src=\"https:\/\/www.jugendheimstaetten-duisburg.de\/wp-content\/uploads\/2010\/02\/k-P1050959-225x300.jpg\" alt=\"k-P1050959\" width=\"112\" height=\"150\" srcset=\"https:\/\/www.jugendheimstaetten-duisburg.de\/wp-content\/uploads\/2010\/02\/k-P1050959-225x300.jpg 225w, https:\/\/www.jugendheimstaetten-duisburg.de\/wp-content\/uploads\/2010\/02\/k-P1050959.jpg 600w\" sizes=\"auto, (max-width: 112px) 100vw, 112px\" \/><\/a>&nbsp;&nbsp;<\/p>\n<p><em>Unser Wohnprojekt an der Gerokstra\u00dfe in Duisburg-Hochfeld<\/em><\/p>\n<p><\/center><br \/>\nDas sehr erfolgreiche Projekt ist eingebettet in das sozial-politische Engagement im Stadtteil und die kommunale Sozialpolitik. Hilfe zur Erziehung unterliegt hier einem zeitgem\u00e4\u00dfen Paradigmenwechsel von der Einzelfall- zur Sozialraumorientierung.<\/p>\n<p>Aufgrund der hohen Nachfrage nach Pl\u00e4tzen in unserer AWG Watereck entschlossen wir uns einen vierten Standort zu errichten. Nach einem Jahr Bauphase konnten wir 2013 die Fertigstellung und Er\u00f6ffnung unseres Hauses in der Amalienstra\u00dfe in Dinslaken feiern. Hier finden 20 Jugendliche im Kernalter von 12-15 Jahren in zwei Wohngruppen ein Zuhause.<\/p>\n<p><center><a href=\"https:\/\/www.jugendheimstaetten-duisburg.de\/wp-content\/uploads\/2010\/02\/k-Team2.jpg\"><img loading=\"lazy\" decoding=\"async\" class=\"aligncenter size-medium wp-image-4393\" src=\"https:\/\/www.jugendheimstaetten-duisburg.de\/wp-content\/uploads\/2010\/02\/k-Team2-300x168.jpg\" alt=\"k-Team2\" width=\"200\" height=\"105\"><\/a>&nbsp;&nbsp;<\/p>\n<p><em>Unsere <\/em><em>AWG\u00b4s in der &nbsp;Amalienstra\u00dfe in Dinslaken<\/em><\/p>\n<p><\/center><\/p>\n","protected":false},"excerpt":{"rendered":"<p>Wir, die Jugendheimst\u00e4tten Niederrhein e. V., wurden am 23. August 1950 von Hartmut (1921-1996) und Marie Schneider (1928-2014) gegr\u00fcndet. Wir sind ein freier Tr\u00e4gervein der station\u00e4ren Jugendhilfe mit vier Standorten in Duisburg und Dinslaken. Dr. Hartmut Schneider um die Zeit der Gr\u00fcndung des Vereins Der Verein entstand nach dem zweiten Weltkrieg als Teil der Heimstattbewegung, &hellip; <\/p>\n<p class=\"link-more\"><a href=\"https:\/\/www.jugendheimstaetten-duisburg.de\/?page_id=166\" class=\"more-link\"><span class=\"screen-reader-text\">\u201eHistorie\u201c <\/span>weiterlesen<\/a><\/p>\n","protected":false},"author":1,"featured_media":0,"parent":169,"menu_order":2,"comment_status":"closed","ping_status":"closed","template":"","meta":{"footnotes":""},"class_list":["post-166","page","type-page","status-publish","hentry"],"aioseo_notices":[],"_links":{"self":[{"href":"https:\/\/www.jugendheimstaetten-duisburg.de\/index.php?rest_route=\/wp\/v2\/pages\/166","targetHints":{"allow":["GET"]}}],"collection":[{"href":"https:\/\/www.jugendheimstaetten-duisburg.de\/index.php?rest_route=\/wp\/v2\/pages"}],"about":[{"href":"https:\/\/www.jugendheimstaetten-duisburg.de\/index.php?rest_route=\/wp\/v2\/types\/page"}],"author":[{"embeddable":true,"href":"https:\/\/www.jugendheimstaetten-duisburg.de\/index.php?rest_route=\/wp\/v2\/users\/1"}],"replies":[{"embeddable":true,"href":"https:\/\/www.jugendheimstaetten-duisburg.de\/index.php?rest_route=%2Fwp%2Fv2%2Fcomments&post=166"}],"version-history":[{"count":75,"href":"https:\/\/www.jugendheimstaetten-duisburg.de\/index.php?rest_route=\/wp\/v2\/pages\/166\/revisions"}],"predecessor-version":[{"id":8512,"href":"https:\/\/www.jugendheimstaetten-duisburg.de\/index.php?rest_route=\/wp\/v2\/pages\/166\/revisions\/8512"}],"up":[{"embeddable":true,"href":"https:\/\/www.jugendheimstaetten-duisburg.de\/index.php?rest_route=\/wp\/v2\/pages\/169"}],"wp:attachment":[{"href":"https:\/\/www.jugendheimstaetten-duisburg.de\/index.php?rest_route=%2Fwp%2Fv2%2Fmedia&parent=166"}],"curies":[{"name":"wp","href":"https:\/\/api.w.org\/{rel}","templated":true}]}}