{"id":325,"date":"2018-09-12T19:34:14","date_gmt":"2018-09-12T17:34:14","guid":{"rendered":"http:\/\/www.jugendheimstaetten-duisburg.de\/?page_id=325"},"modified":"2020-09-01T16:30:40","modified_gmt":"2020-09-01T14:30:40","slug":"eltern-familien-und-angehorigenarbeit-der-jugendheimstatten-niederrhein-e-v","status":"publish","type":"page","link":"https:\/\/www.jugendheimstaetten-duisburg.de\/?page_id=325","title":{"rendered":"Familienaktivierung"},"content":{"rendered":"<p>Den Fachkr\u00e4ften der Jugendheimst\u00e4tten Niederrhein e.V. sind die schwierigen Prozesse, die die Familien vor, w\u00e4hrend und nach einer Unterbringung der Kinder im Heim durchleben, bewusst. Sie versuchen, die Eltern und das Familiennetzwerk zu begleiten, zu st\u00e4rken und \u2013 so viel wie m\u00f6glich \u2013 am Alltag ihrer Kinder zu beteiligen. Dazu sind Erziehungsberechtigte eingeladen, unsere Einrichtung \u2013 auch au\u00dferhalb offizieller Termine \u2013 jederzeit zu besuchen. Die Eltern werden in ihrer Erziehungsverantwortung und -kompetenz anerkannt, beraten, aktiviert und gest\u00e4rkt. Gemeinsam mit ihnen, dem Heranwachsenden und dem Jugendamt werden Ziele und Mittel f\u00fcr die F\u00f6rderung und Entwicklung benannt und angestrebt.<\/p>\n<p><strong><em>Eltern haben aktiv Teil an der Erziehungsplanung.<\/em><\/strong><\/p>\n<p>Um diese Prozesse der Wiederbelebung famili\u00e4rer Interaktion sowie der Bereitschaft, Erziehungsberechtigter ihre Verantwortung wieder wahrzunehmen, zu st\u00fctzen, finden gemeinsame Aktionen mit Eltern und Angeh\u00f6rigen statt. Diese reichen von intensiven Beratungsgespr\u00e4chen im telefonischen und direkten Kontakt, gemeinsamen Elterntreffen (als Fr\u00fchst\u00fccks-, Kaffee- und Kuchen- oder Abendangebot), gemeinsamen Unternehmungen mit Eltern und Kind und wichtigen Angeh\u00f6rigen sowie Hausbesuchen.<\/p>\n<p>Eltern, Familien und Angeh\u00f6rige unserer Bewohner und Bewohnerinnen nehmen Teil an internen Festen und Veranstaltungen, wie dem j\u00e4hrlichen Sommerfest, Adventkaffees u.a. All dies dient der aktiven Einbindung der Eltern, Familien und Angeh\u00f6rigen in unsere Arbeit und dem Gelingen der Hilfen.<\/p>\n<p><strong><a href=\"https:\/\/www.jugendheimstaetten-duisburg.de\/?page_id=433\" target=\"_self\" rel=\"noopener noreferrer\">Hier<\/a><\/strong> exemplarisch ein Dankesschreiben einer Familie f\u00fcr die als erfolgreich empfundene Unterst\u00fctzung in der Erziehung ihres Sohnes.<\/p>\n","protected":false},"excerpt":{"rendered":"<p>Den Fachkr\u00e4ften der Jugendheimst\u00e4tten Niederrhein e.V. sind die schwierigen Prozesse, die die Familien vor, w\u00e4hrend und nach einer Unterbringung der Kinder im Heim durchleben, bewusst. Sie versuchen, die Eltern und das Familiennetzwerk zu begleiten, zu st\u00e4rken und \u2013 so viel wie m\u00f6glich \u2013 am Alltag ihrer Kinder zu beteiligen. Dazu sind Erziehungsberechtigte eingeladen, unsere Einrichtung &hellip; <\/p>\n<p class=\"link-more\"><a href=\"https:\/\/www.jugendheimstaetten-duisburg.de\/?page_id=325\" class=\"more-link\"><span class=\"screen-reader-text\">\u201eFamilienaktivierung\u201c <\/span>weiterlesen<\/a><\/p>\n","protected":false},"author":9192191,"featured_media":0,"parent":8,"menu_order":0,"comment_status":"closed","ping_status":"closed","template":"","meta":{"footnotes":""},"class_list":["post-325","page","type-page","status-publish","hentry"],"aioseo_notices":[],"_links":{"self":[{"href":"https:\/\/www.jugendheimstaetten-duisburg.de\/index.php?rest_route=\/wp\/v2\/pages\/325","targetHints":{"allow":["GET"]}}],"collection":[{"href":"https:\/\/www.jugendheimstaetten-duisburg.de\/index.php?rest_route=\/wp\/v2\/pages"}],"about":[{"href":"https:\/\/www.jugendheimstaetten-duisburg.de\/index.php?rest_route=\/wp\/v2\/types\/page"}],"author":[{"embeddable":true,"href":"https:\/\/www.jugendheimstaetten-duisburg.de\/index.php?rest_route=\/wp\/v2\/users\/9192191"}],"replies":[{"embeddable":true,"href":"https:\/\/www.jugendheimstaetten-duisburg.de\/index.php?rest_route=%2Fwp%2Fv2%2Fcomments&post=325"}],"version-history":[{"count":39,"href":"https:\/\/www.jugendheimstaetten-duisburg.de\/index.php?rest_route=\/wp\/v2\/pages\/325\/revisions"}],"predecessor-version":[{"id":7992,"href":"https:\/\/www.jugendheimstaetten-duisburg.de\/index.php?rest_route=\/wp\/v2\/pages\/325\/revisions\/7992"}],"up":[{"embeddable":true,"href":"https:\/\/www.jugendheimstaetten-duisburg.de\/index.php?rest_route=\/wp\/v2\/pages\/8"}],"wp:attachment":[{"href":"https:\/\/www.jugendheimstaetten-duisburg.de\/index.php?rest_route=%2Fwp%2Fv2%2Fmedia&parent=325"}],"curies":[{"name":"wp","href":"https:\/\/api.w.org\/{rel}","templated":true}]}}