{"id":48,"date":"2020-08-29T16:43:21","date_gmt":"2020-08-29T14:43:21","guid":{"rendered":"http:\/\/localhost\/JHS\/?page_id=48"},"modified":"2020-09-18T21:57:34","modified_gmt":"2020-09-18T19:57:34","slug":"erlebnisse","status":"publish","type":"page","link":"https:\/\/www.jugendheimstaetten-duisburg.de\/?page_id=48","title":{"rendered":"Erlebnisse"},"content":{"rendered":"<p>Die Aktivit\u00e4ten, die wir mit den Kindern und Jugendlichen betreiben, sind ein Merkmal unserer Einrichtungen. Die Bewohner*innen unserer H\u00e4user motivieren wir zu betreuten Aktivit\u00e4ten, die je nach Interesse und Neigung in Anspruch genommen werden k\u00f6nnen. Hierbei ist es uns wichtig, die Jugendlichen nicht zu besch\u00e4ftigen, sondern ihre individuelle F\u00e4higkeiten zu entfalten sowie ihr Selbstbewusstsein zu steigern.<\/p>\n<p><i>Ein Auszug aus unseren Angeboten:<\/i><\/p>\n<p>In den Ferien reisen wir zu unserem Ferienhaus in Lieberhausen, stechen mit unserem Segelboot in See oder bereisen andere spannende Orte.<\/p>\n<p>Dazu sind wir sportlich aktiv und Paddeln mit Kanadiern, gehen regelm\u00e4\u00dfig zum Indoor Soccer, spielen Volleyball und probieren alle m\u00f6glichen Sportarten auf unserer Au\u00dfenanlage aus. Schwimmtraining in einer nahe liegenden Schwimmhalle oder Klettern stehen ebenso wie Tischtennis oder Tischfu\u00dfball auf dem Programm.<\/p>\n<p>Unsere Bewohner*innen k\u00f6nnen nat\u00fcrlich eigene Ideen mitbringen oder sich bestehenden Teams anschlie\u00dfen. Diverse Interessengruppen in den Bereichen Musik, Gestaltung, Hauswirtschaft, Kunst, Fantasie Rollenspiel oder Life Rollenspiel machen das Gesamtangebot zu einer runden Sache!<\/p>\n","protected":false},"excerpt":{"rendered":"<p>Die Aktivit\u00e4ten, die wir mit den Kindern und Jugendlichen betreiben, sind ein Merkmal unserer Einrichtungen. Die Bewohner*innen unserer H\u00e4user motivieren wir zu betreuten Aktivit\u00e4ten, die je nach Interesse und Neigung in Anspruch genommen werden k\u00f6nnen. Hierbei ist es uns wichtig, die Jugendlichen nicht zu besch\u00e4ftigen, sondern ihre individuelle F\u00e4higkeiten zu entfalten sowie ihr Selbstbewusstsein zu &hellip; <\/p>\n<p class=\"link-more\"><a href=\"https:\/\/www.jugendheimstaetten-duisburg.de\/?page_id=48\" class=\"more-link\"><span class=\"screen-reader-text\">\u201eErlebnisse\u201c <\/span>weiterlesen<\/a><\/p>\n","protected":false},"author":5,"featured_media":0,"parent":8004,"menu_order":0,"comment_status":"closed","ping_status":"closed","template":"","meta":{"footnotes":""},"class_list":["post-48","page","type-page","status-publish","hentry"],"aioseo_notices":[],"_links":{"self":[{"href":"https:\/\/www.jugendheimstaetten-duisburg.de\/index.php?rest_route=\/wp\/v2\/pages\/48","targetHints":{"allow":["GET"]}}],"collection":[{"href":"https:\/\/www.jugendheimstaetten-duisburg.de\/index.php?rest_route=\/wp\/v2\/pages"}],"about":[{"href":"https:\/\/www.jugendheimstaetten-duisburg.de\/index.php?rest_route=\/wp\/v2\/types\/page"}],"author":[{"embeddable":true,"href":"https:\/\/www.jugendheimstaetten-duisburg.de\/index.php?rest_route=\/wp\/v2\/users\/5"}],"replies":[{"embeddable":true,"href":"https:\/\/www.jugendheimstaetten-duisburg.de\/index.php?rest_route=%2Fwp%2Fv2%2Fcomments&post=48"}],"version-history":[{"count":7,"href":"https:\/\/www.jugendheimstaetten-duisburg.de\/index.php?rest_route=\/wp\/v2\/pages\/48\/revisions"}],"predecessor-version":[{"id":8407,"href":"https:\/\/www.jugendheimstaetten-duisburg.de\/index.php?rest_route=\/wp\/v2\/pages\/48\/revisions\/8407"}],"up":[{"embeddable":true,"href":"https:\/\/www.jugendheimstaetten-duisburg.de\/index.php?rest_route=\/wp\/v2\/pages\/8004"}],"wp:attachment":[{"href":"https:\/\/www.jugendheimstaetten-duisburg.de\/index.php?rest_route=%2Fwp%2Fv2%2Fmedia&parent=48"}],"curies":[{"name":"wp","href":"https:\/\/api.w.org\/{rel}","templated":true}]}}