{"id":8004,"date":"2020-08-29T13:46:07","date_gmt":"2020-08-29T11:46:07","guid":{"rendered":"http:\/\/localhost\/JHS\/?page_id=8"},"modified":"2020-09-01T17:09:08","modified_gmt":"2020-09-01T15:09:08","slug":"startseite","status":"publish","type":"page","link":"https:\/\/www.jugendheimstaetten-duisburg.de\/","title":{"rendered":"Wer wir sind und was wir m\u00f6chten"},"content":{"rendered":"\n<p>Der Verein Jugendheimst\u00e4tten Niederrhein e.V. ist ein freier Tr\u00e4ger der station\u00e4ren Jugendhilfe mit Standorten in Duisburg und Dinslaken.<\/p>\n\n\n\n<div class=\"wp-block-image\"><figure class=\"aligncenter size-large\"><img loading=\"lazy\" decoding=\"async\" width=\"150\" height=\"150\" src=\"https:\/\/www.jugendheimstaetten-duisburg.de\/wp-content\/uploads\/2020\/08\/Hartmut-150x150-1.jpg\" alt=\"\" class=\"wp-image-7697\"\/><\/figure><\/div>\n\n\n\n<p>Der Gr\u00fcnder unseres Vereins, Dr. Hartmut Schneider, hat Anfang der 1950er-Jahre Leitgedanken und Methoden vorgezeichnet, die in unserer p\u00e4dagogischen Arbeit bis in die Gegenwart hinein Bestand behalten haben.<\/p>\n\n\n\n<p>Seit nunmehr \u00fcber 60 Jahren verwirklichen wir in der p\u00e4dagogischen Praxis kontinuierlich Hartmut Schneiders Ideen zur \u201eP\u00e4dagogik des Abenteuers\u201c und \u201eGanzheitlichen Jugendbildung an der Antike\u201c.<\/p>\n\n\n\n<p>Sie pr\u00e4gen die Grundhaltung unserer Einrichtung an den verschiedenen Standorten und bilden den Leitgedanken unseres t\u00e4glichen Handelns.<\/p>\n\n\n\n<p><\/p>\n\n\n\n<p><\/p>\n","protected":false},"excerpt":{"rendered":"<p>Der Verein Jugendheimst\u00e4tten Niederrhein e.V. ist ein freier Tr\u00e4ger der station\u00e4ren Jugendhilfe mit Standorten in Duisburg und Dinslaken. Der Gr\u00fcnder unseres Vereins, Dr. Hartmut Schneider, hat Anfang der 1950er-Jahre Leitgedanken und Methoden vorgezeichnet, die in unserer p\u00e4dagogischen Arbeit bis in die Gegenwart hinein Bestand behalten haben. Seit nunmehr \u00fcber 60 Jahren verwirklichen wir in der &hellip; <\/p>\n<p class=\"link-more\"><a href=\"https:\/\/www.jugendheimstaetten-duisburg.de\/\" class=\"more-link\"><span class=\"screen-reader-text\">\u201eWer wir sind und was wir m\u00f6chten\u201c <\/span>weiterlesen<\/a><\/p>\n","protected":false},"author":5,"featured_media":8208,"parent":0,"menu_order":0,"comment_status":"closed","ping_status":"closed","template":"","meta":{"footnotes":""},"class_list":["post-8004","page","type-page","status-publish","has-post-thumbnail","hentry"],"aioseo_notices":[],"_links":{"self":[{"href":"https:\/\/www.jugendheimstaetten-duisburg.de\/index.php?rest_route=\/wp\/v2\/pages\/8004","targetHints":{"allow":["GET"]}}],"collection":[{"href":"https:\/\/www.jugendheimstaetten-duisburg.de\/index.php?rest_route=\/wp\/v2\/pages"}],"about":[{"href":"https:\/\/www.jugendheimstaetten-duisburg.de\/index.php?rest_route=\/wp\/v2\/types\/page"}],"author":[{"embeddable":true,"href":"https:\/\/www.jugendheimstaetten-duisburg.de\/index.php?rest_route=\/wp\/v2\/users\/5"}],"replies":[{"embeddable":true,"href":"https:\/\/www.jugendheimstaetten-duisburg.de\/index.php?rest_route=%2Fwp%2Fv2%2Fcomments&post=8004"}],"version-history":[{"count":2,"href":"https:\/\/www.jugendheimstaetten-duisburg.de\/index.php?rest_route=\/wp\/v2\/pages\/8004\/revisions"}],"predecessor-version":[{"id":8089,"href":"https:\/\/www.jugendheimstaetten-duisburg.de\/index.php?rest_route=\/wp\/v2\/pages\/8004\/revisions\/8089"}],"wp:featuredmedia":[{"embeddable":true,"href":"https:\/\/www.jugendheimstaetten-duisburg.de\/index.php?rest_route=\/wp\/v2\/media\/8208"}],"wp:attachment":[{"href":"https:\/\/www.jugendheimstaetten-duisburg.de\/index.php?rest_route=%2Fwp%2Fv2%2Fmedia&parent=8004"}],"curies":[{"name":"wp","href":"https:\/\/api.w.org\/{rel}","templated":true}]}}