{"id":8005,"date":"2020-08-29T13:46:07","date_gmt":"2020-08-29T11:46:07","guid":{"rendered":"http:\/\/localhost\/JHS\/?page_id=9"},"modified":"2022-01-25T22:38:17","modified_gmt":"2022-01-25T21:38:17","slug":"ueber-uns","status":"publish","type":"page","link":"https:\/\/www.jugendheimstaetten-duisburg.de\/?page_id=8005","title":{"rendered":"\u00dcber uns"},"content":{"rendered":"\n<p><strong>Leitgedanken<\/strong><\/p>\n\n\n\n<p>In ihrem sozialp\u00e4dagogischen Selbstverst\u00e4ndnis gehen die Jugendheimst\u00e4tten Niederrhein e.V. von einem christlich gepr\u00e4gten, humanistischen Gesellschaftsbild aus, wobei die Prinzipien des Grundgesetzes unbedingte Verpflichtungen unseres Handelns sind. Toleranz und Solidarit\u00e4t sind zwei besondere Grundpfeiler unseres Menschenbildes.<\/p>\n\n\n\n<p>Dreh- und Angelpunkt unserer sozialp\u00e4dagogischen Bem\u00fchungen ist es, die individuelle Entwicklung des jeweiligen Kindes oder Jugendlichen zu f\u00f6rdern. Wir st\u00e4rken die Pers\u00f6nlichkeit der jungen Menschen, sodass sie lernen, ihr Leben eigenverantwortlich und erfolgreich zu gestalten.<\/p>\n\n\n\n<p>Dies geschieht in einem wechselseitigen Prozess zwischen Fachkr\u00e4ften und Bewohnern einerseits und dem Einzelnen und seiner Bezugsgruppe andererseits. Deshalb gehen wir prinzipiell von den biografisch mitgebrachten Potenzialen und Kompetenzen aus, die das Kind oder der Jugendliche als Individuum bereits in sich tr\u00e4gt. Diese gilt es in einem vom Kind oder Jugendlichen selbst mitgestalteten aktiven dialogischen Prozess zu entfalten.<\/p>\n\n\n\n<p><strong>Hilfsangebote<\/strong><\/p>\n\n\n\n<p>Die Adressatinnen und Adressaten der vorwiegend station\u00e4ren koedukativen Leistungsangebote unserer Einrichtung der Hilfen zur Erziehung sind Kinder, Jugendliche und junge Erwachsene mit einem speziellen Hilfebedarf. Die Wohngruppen \u2013 und anderen Wohnformen \u2013 richten sich nach den Vorgaben f\u00fcr sogenannte Regelangebote. Es geht uns um die effektive Umsetzung der im Hilfeplanverfahren vereinbarten Ziele und um die gelingende Pers\u00f6nlichkeitsentwicklung unserer Bewohner und Bewohnerinnen.<\/p>\n\n\n\n<p><strong>Partizipation<\/strong><\/p>\n\n\n\n<p>Teilhabe und Mitwirkung von Kindern und Jugendlichen ergeben sich f\u00fcr uns als Selbstverst\u00e4ndlichkeit auf der Basis des von uns formulierten Menschenbilds und der sich daraus ergebenden Grundhaltung im p\u00e4dagogischen Prozess. Unsere Bewohnerinnen und Bewohner verstehen wir als Mitgestalter in den Wohngruppen. Im dialogischen Prozess mit allen Beteiligten vollzieht sich die Gestaltung des Alltags und somit ein fortw\u00e4hrendes partizipatives Miteinander.<\/p>\n\n\n\n<p><strong>Wir wollen Menschen f\u00fcr ihre Zukunft beraten, begleiten und betreuen und bieten umfassende, individuelle und l\u00f6sungsorientierte Hilfen zur Selbsthilfe.<\/strong><\/p>\n","protected":false},"excerpt":{"rendered":"<p>Leitgedanken In ihrem sozialp\u00e4dagogischen Selbstverst\u00e4ndnis gehen die Jugendheimst\u00e4tten Niederrhein e.V. von einem christlich gepr\u00e4gten, humanistischen Gesellschaftsbild aus, wobei die Prinzipien des Grundgesetzes unbedingte Verpflichtungen unseres Handelns sind. Toleranz und Solidarit\u00e4t sind zwei besondere Grundpfeiler unseres Menschenbildes. Dreh- und Angelpunkt unserer sozialp\u00e4dagogischen Bem\u00fchungen ist es, die individuelle Entwicklung des jeweiligen Kindes oder Jugendlichen zu f\u00f6rdern. Wir &hellip; <\/p>\n<p class=\"link-more\"><a href=\"https:\/\/www.jugendheimstaetten-duisburg.de\/?page_id=8005\" class=\"more-link\"><span class=\"screen-reader-text\">\u201e\u00dcber uns\u201c <\/span>weiterlesen<\/a><\/p>\n","protected":false},"author":5,"featured_media":0,"parent":0,"menu_order":0,"comment_status":"closed","ping_status":"closed","template":"","meta":{"footnotes":""},"class_list":["post-8005","page","type-page","status-publish","hentry"],"aioseo_notices":[],"_links":{"self":[{"href":"https:\/\/www.jugendheimstaetten-duisburg.de\/index.php?rest_route=\/wp\/v2\/pages\/8005","targetHints":{"allow":["GET"]}}],"collection":[{"href":"https:\/\/www.jugendheimstaetten-duisburg.de\/index.php?rest_route=\/wp\/v2\/pages"}],"about":[{"href":"https:\/\/www.jugendheimstaetten-duisburg.de\/index.php?rest_route=\/wp\/v2\/types\/page"}],"author":[{"embeddable":true,"href":"https:\/\/www.jugendheimstaetten-duisburg.de\/index.php?rest_route=\/wp\/v2\/users\/5"}],"replies":[{"embeddable":true,"href":"https:\/\/www.jugendheimstaetten-duisburg.de\/index.php?rest_route=%2Fwp%2Fv2%2Fcomments&post=8005"}],"version-history":[{"count":5,"href":"https:\/\/www.jugendheimstaetten-duisburg.de\/index.php?rest_route=\/wp\/v2\/pages\/8005\/revisions"}],"predecessor-version":[{"id":8738,"href":"https:\/\/www.jugendheimstaetten-duisburg.de\/index.php?rest_route=\/wp\/v2\/pages\/8005\/revisions\/8738"}],"wp:attachment":[{"href":"https:\/\/www.jugendheimstaetten-duisburg.de\/index.php?rest_route=%2Fwp%2Fv2%2Fmedia&parent=8005"}],"curies":[{"name":"wp","href":"https:\/\/api.w.org\/{rel}","templated":true}]}}