{"id":8192,"date":"2020-09-01T16:33:22","date_gmt":"2020-09-01T14:33:22","guid":{"rendered":"https:\/\/www.jugendheimstaetten-duisburg.de\/?page_id=8192"},"modified":"2026-03-22T08:22:48","modified_gmt":"2026-03-22T07:22:48","slug":"jobs","status":"publish","type":"page","link":"https:\/\/www.jugendheimstaetten-duisburg.de\/?page_id=8192","title":{"rendered":"Jobs"},"content":{"rendered":"\n<p>Wir suchen eine p\u00e4dagogische Fachkraft (m, w, d) f\u00fcr eine Vollzeitstelle in unserem Haupthaus an der Zeppelinstra\u00dfe sowie f\u00fcr unsere Au\u00dfenwohngruppe Watereckstra\u00dfe in Duisburg Walsum. Zu der ausf\u00fchrlichen Stellenbeschreibung geht es <a href=\"https:\/\/www.jugendheimstaetten-duisburg.de\/wp-content\/uploads\/2026\/03\/Stellenausschreibung-paedagogische-Fachkraft.pdf\" target=\"_blank\" rel=\"noopener\" title=\"hier.\">hier.<\/a><\/p>\n\n\n\n<p><\/p>\n","protected":false},"excerpt":{"rendered":"<p>Wir suchen eine p\u00e4dagogische Fachkraft (m, w, d) f\u00fcr eine Vollzeitstelle in unserem Haupthaus an der Zeppelinstra\u00dfe sowie f\u00fcr unsere Au\u00dfenwohngruppe Watereckstra\u00dfe in Duisburg Walsum. Zu der ausf\u00fchrlichen Stellenbeschreibung geht es hier.<\/p>\n","protected":false},"author":5,"featured_media":0,"parent":0,"menu_order":0,"comment_status":"closed","ping_status":"closed","template":"","meta":{"footnotes":""},"class_list":["post-8192","page","type-page","status-publish","hentry"],"aioseo_notices":[],"_links":{"self":[{"href":"https:\/\/www.jugendheimstaetten-duisburg.de\/index.php?rest_route=\/wp\/v2\/pages\/8192","targetHints":{"allow":["GET"]}}],"collection":[{"href":"https:\/\/www.jugendheimstaetten-duisburg.de\/index.php?rest_route=\/wp\/v2\/pages"}],"about":[{"href":"https:\/\/www.jugendheimstaetten-duisburg.de\/index.php?rest_route=\/wp\/v2\/types\/page"}],"author":[{"embeddable":true,"href":"https:\/\/www.jugendheimstaetten-duisburg.de\/index.php?rest_route=\/wp\/v2\/users\/5"}],"replies":[{"embeddable":true,"href":"https:\/\/www.jugendheimstaetten-duisburg.de\/index.php?rest_route=%2Fwp%2Fv2%2Fcomments&post=8192"}],"version-history":[{"count":48,"href":"https:\/\/www.jugendheimstaetten-duisburg.de\/index.php?rest_route=\/wp\/v2\/pages\/8192\/revisions"}],"predecessor-version":[{"id":9827,"href":"https:\/\/www.jugendheimstaetten-duisburg.de\/index.php?rest_route=\/wp\/v2\/pages\/8192\/revisions\/9827"}],"wp:attachment":[{"href":"https:\/\/www.jugendheimstaetten-duisburg.de\/index.php?rest_route=%2Fwp%2Fv2%2Fmedia&parent=8192"}],"curies":[{"name":"wp","href":"https:\/\/api.w.org\/{rel}","templated":true}]}}