{"id":8269,"date":"2020-09-15T15:12:31","date_gmt":"2020-09-15T13:12:31","guid":{"rendered":"https:\/\/www.jugendheimstaetten-duisburg.de\/?page_id=8269"},"modified":"2020-09-15T15:25:59","modified_gmt":"2020-09-15T13:25:59","slug":"steuerrad-uebergabe","status":"publish","type":"page","link":"https:\/\/www.jugendheimstaetten-duisburg.de\/?page_id=8269","title":{"rendered":"Steuerrad \u00dcbergabe"},"content":{"rendered":"<p>Am 04. September 2020 war es soweit, das Steuerrad der Jugendheimst\u00e4tten wurde an unseren neuen Einrichtungsleiter Joachim Kloppke (oder einfach nur Jochen) \u00fcbergeben. Corona bedingt fand die \u00dcbergabe in einem kleinen Kreis von Mitarbeitern und Vereinsmitgliedern statt. Mitarbeiter der Wohngruppen lie\u00dfen es sich nicht nehmen, mit einem pers\u00f6nlichen Geschenk ihrem \u201eChef\u201c zu gratulieren.<\/p>\n<p><center><div id=\"metaslider-id-8256\" style=\"max-width: 400px;\" class=\"ml-slider-3-108-0 metaslider metaslider-flex metaslider-8256 ml-slider ms-theme-default nav-hidden\" role=\"region\" aria-label=\"2020 Jochen\" data-height=\"266\" data-width=\"400\">\n    <div id=\"metaslider_container_8256\">\n        <div id=\"metaslider_8256\">\n            <ul class='slides'>\n                <li style=\"display: block; width: 100%;\" class=\"slide-8263 ms-image \" aria-roledescription=\"slide\" data-date=\"2020-09-15 15:10:34\" data-filename=\"2.jpg\" data-slide-type=\"image\"><img loading=\"lazy\" decoding=\"async\" src=\"https:\/\/www.jugendheimstaetten-duisburg.de\/wp-content\/uploads\/2020\/09\/2.jpg\" height=\"266\" width=\"400\" alt=\"\" class=\"slider-8256 slide-8263 msDefaultImage\" title=\"2\" \/><\/li>\n                <li style=\"display: none; width: 100%;\" class=\"slide-8264 ms-image \" aria-roledescription=\"slide\" data-date=\"2020-09-15 15:10:34\" data-filename=\"3.jpg\" data-slide-type=\"image\"><img loading=\"lazy\" decoding=\"async\" src=\"https:\/\/www.jugendheimstaetten-duisburg.de\/wp-content\/uploads\/2020\/09\/3.jpg\" height=\"266\" width=\"400\" alt=\"\" class=\"slider-8256 slide-8264 msDefaultImage\" title=\"3\" \/><\/li>\n                <li style=\"display: none; width: 100%;\" class=\"slide-8265 ms-image \" aria-roledescription=\"slide\" data-date=\"2020-09-15 15:10:34\" data-filename=\"4.jpg\" data-slide-type=\"image\"><img loading=\"lazy\" decoding=\"async\" src=\"https:\/\/www.jugendheimstaetten-duisburg.de\/wp-content\/uploads\/2020\/09\/4.jpg\" height=\"266\" width=\"400\" alt=\"\" class=\"slider-8256 slide-8265 msDefaultImage\" title=\"4\" \/><\/li>\n                <li style=\"display: none; width: 100%;\" class=\"slide-8266 ms-image \" aria-roledescription=\"slide\" data-date=\"2020-09-15 15:10:34\" data-filename=\"5.jpg\" data-slide-type=\"image\"><img loading=\"lazy\" decoding=\"async\" src=\"https:\/\/www.jugendheimstaetten-duisburg.de\/wp-content\/uploads\/2020\/09\/5.jpg\" height=\"266\" width=\"400\" alt=\"\" class=\"slider-8256 slide-8266 msDefaultImage\" title=\"5\" \/><\/li>\n                <li style=\"display: none; width: 100%;\" class=\"slide-8267 ms-image \" aria-roledescription=\"slide\" data-date=\"2020-09-15 15:10:34\" data-filename=\"6.jpg\" data-slide-type=\"image\"><img loading=\"lazy\" decoding=\"async\" src=\"https:\/\/www.jugendheimstaetten-duisburg.de\/wp-content\/uploads\/2020\/09\/6.jpg\" height=\"266\" width=\"400\" alt=\"\" class=\"slider-8256 slide-8267 msDefaultImage\" title=\"6\" \/><\/li>\n                <li style=\"display: none; width: 100%;\" class=\"slide-8268 ms-image \" aria-roledescription=\"slide\" data-date=\"2020-09-15 15:10:34\" data-filename=\"1.jpg\" data-slide-type=\"image\"><img loading=\"lazy\" decoding=\"async\" src=\"https:\/\/www.jugendheimstaetten-duisburg.de\/wp-content\/uploads\/2020\/09\/1.jpg\" height=\"266\" width=\"400\" alt=\"\" class=\"slider-8256 slide-8268 msDefaultImage\" title=\"1\" \/><\/li>\n            <\/ul>\n        <\/div>\n        \n    <\/div>\n<\/div><\/center><\/p>\n","protected":false},"excerpt":{"rendered":"<p>Am 04. September 2020 war es soweit, das Steuerrad der Jugendheimst\u00e4tten wurde an unseren neuen Einrichtungsleiter Joachim Kloppke (oder einfach nur Jochen) \u00fcbergeben. Corona bedingt fand die \u00dcbergabe in einem kleinen Kreis von Mitarbeitern und Vereinsmitgliedern statt. Mitarbeiter der Wohngruppen lie\u00dfen es sich nicht nehmen, mit einem pers\u00f6nlichen Geschenk ihrem \u201eChef\u201c zu gratulieren.<\/p>\n","protected":false},"author":5,"featured_media":8275,"parent":0,"menu_order":0,"comment_status":"closed","ping_status":"closed","template":"","meta":{"footnotes":""},"class_list":["post-8269","page","type-page","status-publish","has-post-thumbnail","hentry"],"aioseo_notices":[],"_links":{"self":[{"href":"https:\/\/www.jugendheimstaetten-duisburg.de\/index.php?rest_route=\/wp\/v2\/pages\/8269","targetHints":{"allow":["GET"]}}],"collection":[{"href":"https:\/\/www.jugendheimstaetten-duisburg.de\/index.php?rest_route=\/wp\/v2\/pages"}],"about":[{"href":"https:\/\/www.jugendheimstaetten-duisburg.de\/index.php?rest_route=\/wp\/v2\/types\/page"}],"author":[{"embeddable":true,"href":"https:\/\/www.jugendheimstaetten-duisburg.de\/index.php?rest_route=\/wp\/v2\/users\/5"}],"replies":[{"embeddable":true,"href":"https:\/\/www.jugendheimstaetten-duisburg.de\/index.php?rest_route=%2Fwp%2Fv2%2Fcomments&post=8269"}],"version-history":[{"count":2,"href":"https:\/\/www.jugendheimstaetten-duisburg.de\/index.php?rest_route=\/wp\/v2\/pages\/8269\/revisions"}],"predecessor-version":[{"id":8272,"href":"https:\/\/www.jugendheimstaetten-duisburg.de\/index.php?rest_route=\/wp\/v2\/pages\/8269\/revisions\/8272"}],"wp:featuredmedia":[{"embeddable":true,"href":"https:\/\/www.jugendheimstaetten-duisburg.de\/index.php?rest_route=\/wp\/v2\/media\/8275"}],"wp:attachment":[{"href":"https:\/\/www.jugendheimstaetten-duisburg.de\/index.php?rest_route=%2Fwp%2Fv2%2Fmedia&parent=8269"}],"curies":[{"name":"wp","href":"https:\/\/api.w.org\/{rel}","templated":true}]}}