{"id":8303,"date":"2020-09-16T12:33:47","date_gmt":"2020-09-16T10:33:47","guid":{"rendered":"https:\/\/www.jugendheimstaetten-duisburg.de\/?page_id=8303"},"modified":"2020-09-16T12:51:37","modified_gmt":"2020-09-16T10:51:37","slug":"segeln-ostern","status":"publish","type":"page","link":"https:\/\/www.jugendheimstaetten-duisburg.de\/?page_id=8303","title":{"rendered":"Segeln Ostern"},"content":{"rendered":"<p>Am Samstag, den 13.04.2019, hie\u00df es nach langer Winterpause wieder \u201eMast und Schotbruch\u201c bei den Jugendheimst\u00e4tten. F\u00fcnf Jugendliche und zwei Erwachsene brachen nach Andijk auf, um das Ijsselmeer mit dem Segelboot zu erkunden. Leider konnte die Mannschaft unter Admiral Frank Specker und Piratenk\u00f6nigin Adriane R\u00f6mer erst am dritten Tag mit der Ajas in See stechen, da wichtige Teile des Schiffes nicht wie vorbesprochen angebracht waren. Um sich die Zeit zu vertreiben, bereitete sich die Mannschaft mit dem \u00dcben von Knoten, dem Kennenlernen der Schiffsbestandteile und der Schiffspflege vor.<\/p>\n<p>Mehrere Ausfl\u00fcge in die nahegelegenen St\u00e4dte geh\u00f6rten ebenso zum Programm wie die Fertigstellung des Schiffes und die Vorbereitung aufs Segeln.<\/p>\n<p><a href=\"https:\/\/www.jugendheimstaetten-duisburg.de\/wp-content\/uploads\/2020\/09\/4-1.jpg\"><img loading=\"lazy\" decoding=\"async\" class=\"aligncenter size-medium wp-image-8336\" src=\"https:\/\/www.jugendheimstaetten-duisburg.de\/wp-content\/uploads\/2020\/09\/4-1-300x200.jpg\" alt=\"\" width=\"300\" height=\"200\" srcset=\"https:\/\/www.jugendheimstaetten-duisburg.de\/wp-content\/uploads\/2020\/09\/4-1-300x200.jpg 300w, https:\/\/www.jugendheimstaetten-duisburg.de\/wp-content\/uploads\/2020\/09\/4-1.jpg 400w\" sizes=\"auto, (max-width: 300px) 100vw, 300px\" \/><\/a><\/p>\n<p>Nach drei Tagen konnte die Mannschaft dann endlich in See stechen und mit den Man\u00f6ver\u00fcbungen beginnen. Alle waren sehr begeistert und die Stimmung an Bord war au\u00dferordentlich gut. Nach einer Menge Spa\u00df und vielen praktischen \u00dcbungen und auch einigen Seemeilen ging es dann nach Ostern wieder zur\u00fcck nach Duisburg.<\/p>\n<p>Wehm\u00fctig schauen wir nun zur\u00fcck auf die sch\u00f6ne Zeit und tr\u00f6sten uns damit, dass nach dem Segeln vor dem Segeln ist.<\/p>\n\n<p><center><div id=\"metaslider-id-7244\" style=\"max-width: 400px;\" class=\"ml-slider-3-108-0 metaslider metaslider-flex metaslider-7244 ml-slider ms-theme-default nav-hidden\" role=\"region\" aria-label=\"2019 Segeln Ostern\" data-height=\"266\" data-width=\"400\">\n    <div id=\"metaslider_container_7244\">\n        <div id=\"metaslider_7244\">\n            <ul class='slides'>\n                <li style=\"display: block; width: 100%;\" class=\"slide-7251 ms-image \" aria-roledescription=\"slide\" data-date=\"2019-11-13 20:32:25\" data-filename=\"6.jpg\" data-slide-type=\"image\"><img loading=\"lazy\" decoding=\"async\" src=\"https:\/\/www.jugendheimstaetten-duisburg.de\/wp-content\/uploads\/2019\/11\/6.jpg\" height=\"266\" width=\"400\" alt=\"\" class=\"slider-7244 slide-7251 msDefaultImage\" title=\"6\" \/><\/li>\n                <li style=\"display: none; width: 100%;\" class=\"slide-7252 ms-image \" aria-roledescription=\"slide\" data-date=\"2019-11-13 20:32:25\" data-filename=\"1.jpg\" data-slide-type=\"image\"><img loading=\"lazy\" decoding=\"async\" src=\"https:\/\/www.jugendheimstaetten-duisburg.de\/wp-content\/uploads\/2019\/11\/1.jpg\" height=\"266\" width=\"400\" alt=\"\" class=\"slider-7244 slide-7252 msDefaultImage\" title=\"1\" \/><\/li>\n                <li style=\"display: none; width: 100%;\" class=\"slide-7253 ms-image \" aria-roledescription=\"slide\" data-date=\"2019-11-13 20:32:25\" data-filename=\"2.jpg\" data-slide-type=\"image\"><img loading=\"lazy\" decoding=\"async\" src=\"https:\/\/www.jugendheimstaetten-duisburg.de\/wp-content\/uploads\/2019\/11\/2.jpg\" height=\"266\" width=\"400\" alt=\"\" class=\"slider-7244 slide-7253 msDefaultImage\" title=\"2\" \/><\/li>\n                <li style=\"display: none; width: 100%;\" class=\"slide-7254 ms-image \" aria-roledescription=\"slide\" data-date=\"2019-11-13 20:32:25\" data-filename=\"3.jpg\" data-slide-type=\"image\"><img loading=\"lazy\" decoding=\"async\" src=\"https:\/\/www.jugendheimstaetten-duisburg.de\/wp-content\/uploads\/2019\/11\/3.jpg\" height=\"266\" width=\"400\" alt=\"\" class=\"slider-7244 slide-7254 msDefaultImage\" title=\"3\" \/><\/li>\n                <li style=\"display: none; width: 100%;\" class=\"slide-7255 ms-image \" aria-roledescription=\"slide\" data-date=\"2019-11-13 20:32:26\" data-filename=\"4.jpg\" data-slide-type=\"image\"><img loading=\"lazy\" decoding=\"async\" src=\"https:\/\/www.jugendheimstaetten-duisburg.de\/wp-content\/uploads\/2019\/11\/4.jpg\" height=\"266\" width=\"400\" alt=\"\" class=\"slider-7244 slide-7255 msDefaultImage\" title=\"4\" \/><\/li>\n                <li style=\"display: none; width: 100%;\" class=\"slide-7256 ms-image \" aria-roledescription=\"slide\" data-date=\"2019-11-13 20:32:26\" data-filename=\"5.jpg\" data-slide-type=\"image\"><img loading=\"lazy\" decoding=\"async\" src=\"https:\/\/www.jugendheimstaetten-duisburg.de\/wp-content\/uploads\/2019\/11\/5.jpg\" height=\"266\" width=\"400\" alt=\"\" class=\"slider-7244 slide-7256 msDefaultImage\" title=\"5\" \/><\/li>\n            <\/ul>\n        <\/div>\n        \n    <\/div>\n<\/div><\/center><\/p>\n","protected":false},"excerpt":{"rendered":"<p>Am Samstag, den 13.04.2019, hie\u00df es nach langer Winterpause wieder \u201eMast und Schotbruch\u201c bei den Jugendheimst\u00e4tten. F\u00fcnf Jugendliche und zwei Erwachsene brachen nach Andijk auf, um das Ijsselmeer mit dem Segelboot zu erkunden. Leider konnte die Mannschaft unter Admiral Frank Specker und Piratenk\u00f6nigin Adriane R\u00f6mer erst am dritten Tag mit der Ajas in See stechen, &hellip; <\/p>\n<p class=\"link-more\"><a href=\"https:\/\/www.jugendheimstaetten-duisburg.de\/?page_id=8303\" class=\"more-link\"><span class=\"screen-reader-text\">\u201eSegeln Ostern\u201c <\/span>weiterlesen<\/a><\/p>\n","protected":false},"author":5,"featured_media":8335,"parent":0,"menu_order":0,"comment_status":"closed","ping_status":"closed","template":"","meta":{"footnotes":""},"class_list":["post-8303","page","type-page","status-publish","has-post-thumbnail","hentry"],"aioseo_notices":[],"_links":{"self":[{"href":"https:\/\/www.jugendheimstaetten-duisburg.de\/index.php?rest_route=\/wp\/v2\/pages\/8303","targetHints":{"allow":["GET"]}}],"collection":[{"href":"https:\/\/www.jugendheimstaetten-duisburg.de\/index.php?rest_route=\/wp\/v2\/pages"}],"about":[{"href":"https:\/\/www.jugendheimstaetten-duisburg.de\/index.php?rest_route=\/wp\/v2\/types\/page"}],"author":[{"embeddable":true,"href":"https:\/\/www.jugendheimstaetten-duisburg.de\/index.php?rest_route=\/wp\/v2\/users\/5"}],"replies":[{"embeddable":true,"href":"https:\/\/www.jugendheimstaetten-duisburg.de\/index.php?rest_route=%2Fwp%2Fv2%2Fcomments&post=8303"}],"version-history":[{"count":2,"href":"https:\/\/www.jugendheimstaetten-duisburg.de\/index.php?rest_route=\/wp\/v2\/pages\/8303\/revisions"}],"predecessor-version":[{"id":8337,"href":"https:\/\/www.jugendheimstaetten-duisburg.de\/index.php?rest_route=\/wp\/v2\/pages\/8303\/revisions\/8337"}],"wp:featuredmedia":[{"embeddable":true,"href":"https:\/\/www.jugendheimstaetten-duisburg.de\/index.php?rest_route=\/wp\/v2\/media\/8335"}],"wp:attachment":[{"href":"https:\/\/www.jugendheimstaetten-duisburg.de\/index.php?rest_route=%2Fwp%2Fv2%2Fmedia&parent=8303"}],"curies":[{"name":"wp","href":"https:\/\/api.w.org\/{rel}","templated":true}]}}