{"id":8309,"date":"2020-09-16T12:34:30","date_gmt":"2020-09-16T10:34:30","guid":{"rendered":"https:\/\/www.jugendheimstaetten-duisburg.de\/?page_id=8309"},"modified":"2020-09-16T13:02:33","modified_gmt":"2020-09-16T11:02:33","slug":"lieberhausen-fahrt-august","status":"publish","type":"page","link":"https:\/\/www.jugendheimstaetten-duisburg.de\/?page_id=8309","title":{"rendered":"Lieberhausen-Fahrt August"},"content":{"rendered":"<p><i>Tag 1<\/i><\/p>\n<p>Nachdem wir gefr\u00fchst\u00fcckt hatten, bepackten wir den Transit mit unseren Sachen und fuhren los in Richtung Bergisches Land. Nach ca. 1,5 Stunden Fahrt kamen wir bei bestem Wetter in unserem Ferienhaus in Lieberhausen an. Nun stellte sich uns die Frage: Wer geht mit wem auf ein Zimmer? Dank guter Vorausplanung der Jungs und zuvor getroffenen Absprachen verteilten sich die sechs Jugendlichen auf drei Zimmer. Nach dem Auspacken fuhr Engin mit drei Jugendlichen nach Gummersbach einkaufen, w\u00e4hrend Christoph alles im Haus vorbereitete.<\/p>\n<p>Im Anschluss a\u00dfen wir Hot Dogs und \u201echillten\u201c vor Ort. Dann lernten die Jungs Lieberhausen kennen, indem Engin mit ihnen einen ausgedehnten Spaziergang durch Dorf und Felder machte. Zum Abendbrot kamen alle p\u00fcnktlich zusammen und der Abend wurde gemeinsam im Wohnzimmer beim Filmgucken begangen. Gegen 23:00 Uhr waren die Jungs, als auch Christoph und Engin, so m\u00fcde, dass sie fr\u00fch schlafen gingen.<\/p>\n<p><i>Tag 2<\/i><\/p>\n<p>Um 10:00 Uhr begann der Tag f\u00fcr alle mit einem ausgedehnten Fr\u00fchst\u00fcck. Leider mussten wir feststellen, dass wir keine Eier eingekauft hatten und somit die Spiegeleier auf den kommenden Tag verschoben werden mussten. Doch dies tat der Stimmung keinen Abbruch. Gegen Mittag fuhren wir nun zum ersten Programmpunkt unserer Reise, die Wiehler Tropfsteinh\u00f6hle.<\/p>\n<p><a href=\"https:\/\/www.jugendheimstaetten-duisburg.de\/wp-content\/uploads\/2020\/09\/3-2.jpg\"><img loading=\"lazy\" decoding=\"async\" class=\"aligncenter size-medium wp-image-8348\" src=\"https:\/\/www.jugendheimstaetten-duisburg.de\/wp-content\/uploads\/2020\/09\/3-2-300x200.jpg\" alt=\"\" width=\"300\" height=\"200\" srcset=\"https:\/\/www.jugendheimstaetten-duisburg.de\/wp-content\/uploads\/2020\/09\/3-2-300x200.jpg 300w, https:\/\/www.jugendheimstaetten-duisburg.de\/wp-content\/uploads\/2020\/09\/3-2.jpg 400w\" sizes=\"auto, (max-width: 300px) 100vw, 300px\" \/><\/a><\/p>\n<p>Es ging zun\u00e4chst ca. 8 Meter unter die Erde. Dort erkl\u00e4rte uns die F\u00fchrerin, dass die H\u00f6hle aus Kalkstein besteht und daher Wasser mit Samen der Pflanzen durch die Decke diffundiert. Durch das k\u00fcnstliche Licht in der H\u00f6hle leben nun auch diverse Pflanzen in der feucht-kalten H\u00f6hle. Zudem gab es in Wiehl vor tausenden Jahren ein Meer. So waren die Jungs auch sehr begeistert als sie Muscheln in den Felsen vorfanden. Nach etwa 45 Minuten war die F\u00fchrung beendet und die Jungs konnten ihre letzten Fragen loswerden.<\/p>\n<p>Anschlie\u00dfend fuhren wir in die Gummersbacher City und haben einen Shoppingday gemacht, den wir mit einem gemeinsamen D\u00f6neressen abschlossen. Um den Abend ausklingen zu lassen schauten wir uns gemeinsam einen Horrorfilm an. Eigentlich w\u00fcnschten sich die Jungs eine Nachtwanderung, jedoch brauchten sie erstmal einen lustigen Film, um runterzukommen. Danach kamen wir nun endlich zur Wanderung. Bis 01:00 Uhr waren wir in den W\u00e4ldern und Bergen Lieberhausens unterwegs bis die M\u00fcdigkeit alle Richtung Haus trieb.<\/p>\n<p><i>Tag 3<\/i><\/p>\n<p>Wie bereits am Tag zuvor gab es ein ausgiebiges und langes Fr\u00fchst\u00fcck, wie die Jungs es sich gew\u00fcnscht hatten. Nachdem sich alle Brote f\u00fcr unterwegs gemacht hatten, fuhren wir in den Panorama-Park Sauerland nach Olpe.<\/p>\n<p>Bei bestem Wetter dort angekommen, fuhren wir in einem Sessellift auf den Berg, damit wir uns von oben nach unten arbeiten konnten. Die Jungs gingen zun\u00e4chst schnurstracks auf eines der beiden XXL-Trampoline. Dort konnten sie sich nach Herzenslust auspowern und vergn\u00fcgen. Nach dem H\u00fcpfen ging es r\u00fcber zur Wasserrutsche. Dort konnte man sich mit kleinen Schlauchboten auf vier Bahnen rennen liefern. Von dort aus ging es weiter zum Irrgarten und dann zum Streichelzoo, wo wir Bekanntschaft mit vielen Ziegen und Schafen machen konnten. Die Jungs freuten sich sehr dar\u00fcber den Tieren so nah kommen und sie f\u00fcttern zu k\u00f6nnen.<\/p>\n<p><a href=\"https:\/\/www.jugendheimstaetten-duisburg.de\/wp-content\/uploads\/2020\/09\/6-4.jpg\"><img loading=\"lazy\" decoding=\"async\" class=\"aligncenter size-medium wp-image-8350\" src=\"https:\/\/www.jugendheimstaetten-duisburg.de\/wp-content\/uploads\/2020\/09\/6-4-300x200.jpg\" alt=\"\" width=\"300\" height=\"200\" srcset=\"https:\/\/www.jugendheimstaetten-duisburg.de\/wp-content\/uploads\/2020\/09\/6-4-300x200.jpg 300w, https:\/\/www.jugendheimstaetten-duisburg.de\/wp-content\/uploads\/2020\/09\/6-4.jpg 400w\" sizes=\"auto, (max-width: 300px) 100vw, 300px\" \/><\/a><\/p>\n<p>Nun ging es wieder runter ins Tal. Erneut fuhren wir mit dem Sessellift und konnten bei klarem Himmel und Sonnenschein sowie Temperaturen um die 30 Grad Celsius die Berge und H\u00fcgel des Sauerlandes bewundern. Unten angekommen ging es auf direktem Wege zum absoluten Highlight des Parks: die Sommerrodelbahn. Nach langem Warten kamen wir endlich an die Reihe. Zun\u00e4chst wurden wir mit einer Seilwinde den Berg hochgezogen. Nach dem Ausklinken ging es mit Geschwindigkeiten von bis zu 2 m\/s kurvig bergab. Adrenalin pur! Was also machten wir dann? Richtig, erneut anstellen! Und das insgesamt drei Mal bis die Bahn schloss.<\/p>\n<p>Anschlie\u00dfend ging es noch durch ein Horrorhaus, vorbei an einem Spiegelkabinett und einem Wolfsgehege. Zum Abschluss des tollen Tages grillten wir in Lieberhausen im Garten und machten anschlie\u00dfend ein Feuerchen und lie\u00dfen die zwar kurze, aber erlebnisreiche Freizeit ausklingen.<\/p>\n<p><i>Tag 4<\/i><\/p>\n<p>Nach dem Fr\u00fchst\u00fcck putzten die Jungs gemeinsam mit Christoph und Engin das Haus und bereiteten alles f\u00fcr die Abfahrt vor. Hier hat sich gezeigt, dass alle Jungs tatkr\u00e4ftig mit angepackt haben.<\/p>\n\n<p><center><div id=\"metaslider-id-7190\" style=\"max-width: 400px;\" class=\"ml-slider-3-108-0 metaslider metaslider-flex metaslider-7190 ml-slider ms-theme-default nav-hidden\" role=\"region\" aria-label=\"2019 LH August\" data-height=\"266\" data-width=\"400\">\n    <div id=\"metaslider_container_7190\">\n        <div id=\"metaslider_7190\">\n            <ul class='slides'>\n                <li style=\"display: block; width: 100%;\" class=\"slide-7198 ms-image \" aria-roledescription=\"slide\" data-date=\"2019-10-29 12:28:13\" data-filename=\"1.jpg\" data-slide-type=\"image\"><img loading=\"lazy\" decoding=\"async\" src=\"https:\/\/www.jugendheimstaetten-duisburg.de\/wp-content\/uploads\/2019\/10\/1.jpg\" height=\"266\" width=\"400\" alt=\"\" class=\"slider-7190 slide-7198 msDefaultImage\" title=\"1\" \/><\/li>\n                <li style=\"display: none; width: 100%;\" class=\"slide-7199 ms-image \" aria-roledescription=\"slide\" data-date=\"2019-10-29 12:28:13\" data-filename=\"2.jpg\" data-slide-type=\"image\"><img loading=\"lazy\" decoding=\"async\" src=\"https:\/\/www.jugendheimstaetten-duisburg.de\/wp-content\/uploads\/2019\/10\/2.jpg\" height=\"266\" width=\"400\" alt=\"\" class=\"slider-7190 slide-7199 msDefaultImage\" title=\"2\" \/><\/li>\n                <li style=\"display: none; width: 100%;\" class=\"slide-7200 ms-image \" aria-roledescription=\"slide\" data-date=\"2019-10-29 12:28:13\" data-filename=\"3.jpg\" data-slide-type=\"image\"><img loading=\"lazy\" decoding=\"async\" src=\"https:\/\/www.jugendheimstaetten-duisburg.de\/wp-content\/uploads\/2019\/10\/3.jpg\" height=\"266\" width=\"400\" alt=\"\" class=\"slider-7190 slide-7200 msDefaultImage\" title=\"3\" \/><\/li>\n                <li style=\"display: none; width: 100%;\" class=\"slide-7201 ms-image \" aria-roledescription=\"slide\" data-date=\"2019-10-29 12:28:13\" data-filename=\"4.jpg\" data-slide-type=\"image\"><img loading=\"lazy\" decoding=\"async\" src=\"https:\/\/www.jugendheimstaetten-duisburg.de\/wp-content\/uploads\/2019\/10\/4.jpg\" height=\"266\" width=\"400\" alt=\"\" class=\"slider-7190 slide-7201 msDefaultImage\" title=\"4\" \/><\/li>\n                <li style=\"display: none; width: 100%;\" class=\"slide-7202 ms-image \" aria-roledescription=\"slide\" data-date=\"2019-10-29 12:28:13\" data-filename=\"5.jpg\" data-slide-type=\"image\"><img loading=\"lazy\" decoding=\"async\" src=\"https:\/\/www.jugendheimstaetten-duisburg.de\/wp-content\/uploads\/2019\/10\/5.jpg\" height=\"266\" width=\"400\" alt=\"\" class=\"slider-7190 slide-7202 msDefaultImage\" title=\"5\" \/><\/li>\n                <li style=\"display: none; width: 100%;\" class=\"slide-7203 ms-image \" aria-roledescription=\"slide\" data-date=\"2019-10-29 12:28:13\" data-filename=\"6.jpg\" data-slide-type=\"image\"><img loading=\"lazy\" decoding=\"async\" src=\"https:\/\/www.jugendheimstaetten-duisburg.de\/wp-content\/uploads\/2019\/10\/6.jpg\" height=\"266\" width=\"400\" alt=\"\" class=\"slider-7190 slide-7203 msDefaultImage\" title=\"6\" \/><\/li>\n                <li style=\"display: none; width: 100%;\" class=\"slide-7204 ms-image \" aria-roledescription=\"slide\" data-date=\"2019-10-29 12:28:13\" data-filename=\"7.jpg\" data-slide-type=\"image\"><img loading=\"lazy\" decoding=\"async\" src=\"https:\/\/www.jugendheimstaetten-duisburg.de\/wp-content\/uploads\/2019\/10\/7.jpg\" height=\"266\" width=\"400\" alt=\"\" class=\"slider-7190 slide-7204 msDefaultImage\" title=\"7\" \/><\/li>\n            <\/ul>\n        <\/div>\n        \n    <\/div>\n<\/div><\/center><\/p>\n","protected":false},"excerpt":{"rendered":"<p>Tag 1 Nachdem wir gefr\u00fchst\u00fcckt hatten, bepackten wir den Transit mit unseren Sachen und fuhren los in Richtung Bergisches Land. Nach ca. 1,5 Stunden Fahrt kamen wir bei bestem Wetter in unserem Ferienhaus in Lieberhausen an. Nun stellte sich uns die Frage: Wer geht mit wem auf ein Zimmer? Dank guter Vorausplanung der Jungs und &hellip; <\/p>\n<p class=\"link-more\"><a href=\"https:\/\/www.jugendheimstaetten-duisburg.de\/?page_id=8309\" class=\"more-link\"><span class=\"screen-reader-text\">\u201eLieberhausen-Fahrt August\u201c <\/span>weiterlesen<\/a><\/p>\n","protected":false},"author":5,"featured_media":8351,"parent":0,"menu_order":0,"comment_status":"closed","ping_status":"closed","template":"","meta":{"footnotes":""},"class_list":["post-8309","page","type-page","status-publish","has-post-thumbnail","hentry"],"aioseo_notices":[],"_links":{"self":[{"href":"https:\/\/www.jugendheimstaetten-duisburg.de\/index.php?rest_route=\/wp\/v2\/pages\/8309","targetHints":{"allow":["GET"]}}],"collection":[{"href":"https:\/\/www.jugendheimstaetten-duisburg.de\/index.php?rest_route=\/wp\/v2\/pages"}],"about":[{"href":"https:\/\/www.jugendheimstaetten-duisburg.de\/index.php?rest_route=\/wp\/v2\/types\/page"}],"author":[{"embeddable":true,"href":"https:\/\/www.jugendheimstaetten-duisburg.de\/index.php?rest_route=\/wp\/v2\/users\/5"}],"replies":[{"embeddable":true,"href":"https:\/\/www.jugendheimstaetten-duisburg.de\/index.php?rest_route=%2Fwp%2Fv2%2Fcomments&post=8309"}],"version-history":[{"count":3,"href":"https:\/\/www.jugendheimstaetten-duisburg.de\/index.php?rest_route=\/wp\/v2\/pages\/8309\/revisions"}],"predecessor-version":[{"id":8352,"href":"https:\/\/www.jugendheimstaetten-duisburg.de\/index.php?rest_route=\/wp\/v2\/pages\/8309\/revisions\/8352"}],"wp:featuredmedia":[{"embeddable":true,"href":"https:\/\/www.jugendheimstaetten-duisburg.de\/index.php?rest_route=\/wp\/v2\/media\/8351"}],"wp:attachment":[{"href":"https:\/\/www.jugendheimstaetten-duisburg.de\/index.php?rest_route=%2Fwp%2Fv2%2Fmedia&parent=8309"}],"curies":[{"name":"wp","href":"https:\/\/api.w.org\/{rel}","templated":true}]}}