{"id":8315,"date":"2020-09-16T12:35:27","date_gmt":"2020-09-16T10:35:27","guid":{"rendered":"https:\/\/www.jugendheimstaetten-duisburg.de\/?page_id=8315"},"modified":"2020-09-16T13:11:11","modified_gmt":"2020-09-16T11:11:11","slug":"ferienfahrt-an-die-nordsee","status":"publish","type":"page","link":"https:\/\/www.jugendheimstaetten-duisburg.de\/?page_id=8315","title":{"rendered":"Ferienfahrt an die Nordsee"},"content":{"rendered":"<p>Endlich waren wieder Sommerferien und das Wetter schien perfekt f\u00fcr eine Campingfreizeit an der deutschen Nordseek\u00fcste! So machten wir uns am Sonntagmorgen auf den Weg in Richtung Norddeutschland. Zwei P\u00e4dagogen mit sechs Kindern auf den R\u00fcckb\u00e4nken unseres Transits und einem vollen Kofferraum mit allem, was man braucht.<\/p>\n<p>Nach gut vier Stunden Fahrt kamen wir am Zielort an. Dann begann die Suche nach dem Campingplatz. Leider war dieser etwas sp\u00e4rlich ausgeschildert, sodass wir eine Ehrenrunde drehen mussten. Schlie\u00dflich fanden wir diesen dann und fingen rasch an unsere Zelte aufzubauen. Da es an diesem Tag besonders b\u00f6ig war, mussten wir ein Zelt nach dem anderen aufbauen und konnten dies nicht parallel machen. So brauchten wir vier bis zu f\u00fcnf Mann\/Frau um ein Zelt aufzubauen. Als das Camp dann stand machten wir uns auf den ca. 300 Meter weiten Weg zum Meer. Ebbe. Also Watt machen wir dann? Richtig, Wattwandern. Mit anf\u00e4nglicher Unsicherheit wegen des schlammigen Untergrunds konnten sich dann doch noch alle dazu aufraffen, dieses Erlebnis zu teilen. Nach der Entdeckung von Krebsen, Muscheln und anderen kleinen Tieren im Watt gingen wir zur\u00fcck ans Land. Dort mussten wir uns erstmal vom ganzen Schlick befreien. Ziemlich ersch\u00f6pft von an der Anreise, den Strapazen beim Zeltaufbau und der Wattwanderung konnten wir nach dem Abendessen alle gut einschlafen.<\/p>\n<p>5 Uhr. Wattv\u00f6gel. Lauthals schnattern sie um die Wette. Eine kurze Pause gen\u00fcgte, um schnell nochmal einzuschlafen. Als wir dann alle aus den Zelten gekrochen waren, haben wir gefr\u00fchst\u00fcckt und uns frisch gemacht. Auf ging es nach Aurich ins EEZ. Das EEZ ist ein Energie-, Bildungs- und Erlebnis-Zentrum. Spielerisch konnte jeder einzelne mit seinem \u201eEnergieschl\u00fcssel\u201c in dieser Ausstellung Energien der Vergangenheit, Gegenwart und Zukunft erforschen. Es wurden Fragen und Aufgaben zur Energiegewinnung durch Luft, Wasser, Erde und Sonne thematisiert. Auch konnte man in dem Au\u00dfenbereich des EEZ durch eigene Kraft Energie herstellen. Ein Highlight war es ins Innere eines Windrads einzutauchen. An den ostfriesischen K\u00fcsten begegnet man diesen Riesen andauernd, Wissen dar\u00fcber hat man aber nur wenig. Nachdem bei jedem der Drang nach Forschung gestillt war, haben wir uns noch das Stadtzentrum in Aurich angeschaut. Nach ausgiebigem Shopping traten wir dann die R\u00fcckreise an. Wir erfrischten uns noch im Salzwasserfreibad und begannen dann mit dem Abendprogramm.<\/p>\n<p>Ein sch\u00f6ner Dienstagmorgen. Die Sonne auf der Haut w\u00e4rmte einen schnell von der k\u00fchlen Nacht wieder auf. Der Wind war mittlerweile nur noch m\u00e4\u00dfig und somit war der Tag perfekt f\u00fcr eine Fahrradtour. Nach dem Fr\u00fchst\u00fcck haben sich noch einige eingecremt, einige auch nicht, und wir machten uns auf dem Weg zum Fahrradverleih. Jeder konnte sich ein individuelles Fahrrad ausleihen, die mit den K\u00f6rben waren nat\u00fcrlich schnell vergriffen. Nun ging es westlich die Nordseek\u00fcste entlang. Zun\u00e4chst \u00fcber Stra\u00dfen, welche umgeben waren von Getreidefeldern, B\u00fcschen, Blumen und einigen B\u00e4umen. Auf unserem Weg nach Bensersiel machten wir eine kleine Verschnaufpause in Neuharlingersiel. Von dort aus ging es auf den Deich und weiter in der prallen Sonne und bei Ebbe. Auf dem Weg mussten wir durch eine Schafsherde. Nach einem guten St\u00fcck wussten wir, dass Vorsicht geboten war, denn die Schafe rannten manchmal aus irgendwelchen Gr\u00fcnden kreuz und quer durch all die Fahrradfahrer, welche auf dem Deich fuhren.<\/p>\n<p><a href=\"https:\/\/www.jugendheimstaetten-duisburg.de\/wp-content\/uploads\/2020\/09\/3-3.jpg\"><img loading=\"lazy\" decoding=\"async\" class=\"aligncenter size-medium wp-image-8360\" src=\"https:\/\/www.jugendheimstaetten-duisburg.de\/wp-content\/uploads\/2020\/09\/3-3-300x200.jpg\" alt=\"\" width=\"300\" height=\"200\" srcset=\"https:\/\/www.jugendheimstaetten-duisburg.de\/wp-content\/uploads\/2020\/09\/3-3-300x200.jpg 300w, https:\/\/www.jugendheimstaetten-duisburg.de\/wp-content\/uploads\/2020\/09\/3-3.jpg 400w\" sizes=\"auto, (max-width: 300px) 100vw, 300px\" \/><\/a><\/p>\n<p>Endlich. Bensersiel. Im Schatten eines gro\u00dfen Baumes pausierten wir und erholten und von der Fahrt. Wir erkundeten die kleine Stadt und g\u00f6nnten uns ein k\u00fchles Eis. Da die Temperaturen immer weiter stiegen, machten wir uns auch schnell auf dem Heimweg, um noch im Freibad das gute Wetter genie\u00dfen zu k\u00f6nnen. Der R\u00fcckweg zog sich wie Kaugummi, kaum Wind und kein bisschen Schatten auf dem Deich. Nach der insgesamt 40 km Tour haben sich alle auf das Freibad gefreut. Am Abend zeichnete sich dann ab, wer sich eingecremt hatte und wer es auf keinen Fall wollte, ab dann hatten wir ein paar Krebse unter uns.<\/p>\n<p>Mittwoch haben wir uns einen Tag Auszeit genommen. Mit unseren Krebsen sind wir recht fr\u00fch an den Strand gelaufen und haben es uns dort in unseren Strandmuscheln gem\u00fctlich gemacht. Im Wechsel zwischen Watt, Freibad und Strandmuschel haben wir den Tag davonziehen lassen. Die Kinder haben sich mit ihrer neuen Freundin \u201eAfterSun-Creme\u201c den Tag dann noch vers\u00fc\u00dft. Nach einigen Stunden Spa\u00df und reichlich Abwechslung stand ein gemeinsamer Einkauf an f\u00fcrs Grillen. Neben Fleisch, Gem\u00fcse, Salat und Brot lag da noch Quark im Einkaufswagen. Nach Omas Rezept wurde sich am Camp damit eine Quarkmaske gegen den Sonnenbrand gemacht. Das gemeinsame Grillen war ein Gaumenschmaus. Mit vollen B\u00e4uchen und guter Laune lie\u00dfen wir den Abend noch ruhig ausklingen.<\/p>\n<p>Ein neuer Tag. Heute stand der Jaderpark auf unserer Aktionsliste. Verglichen hatten wir den Park mit dem Kettlerhof. Einige Vergleiche konnten die Kinder ziehen, doch die Tiere waren viel exotischer. Neben der hei\u00dfbegehrten Wasserbahn an diesem Tag und einem riesigen Wasserspielplatz f\u00fcr Gro\u00df und Klein, gab es etwas ganz Besonderes. Alle warteten auf 14:30 Uhr. Endlich war es soweit und wir gingen nach dem Mittagessen zum Giraffengehege, dort stand die Mitmach-F\u00fctterung an. Nach einer kurzen Einweisung im Umgang mit den Tieren konnten wir hautnah herantreten. Die Zungen der Giraffen waren sehr lang und super rau. Sie umklammerten die H\u00e4nde mit dem Futter und hinterlie\u00dfen einiges an Speichel. Streicheln durften wir die Wildtiere nicht und langsam bewegen mussten wir uns auch, da Giraffen Fluchttiere sind und die F\u00fctterung sonst beendet gewesen w\u00e4re. Nach dieser Aufregung waren alle ziemlich fertig. Vielleicht lag dies mit zum Teil daran, dass es der hei\u00dfeste Tag in dieser Woche war. Auf der R\u00fcckfahrt haben einige geschlafen und alle schienen doch sehr zufrieden. Diesmal gingen wir nicht ins Freibad, sondern in der Nordsee baden. Es war \u00e4hnlich wie in einer Badewanne. Das Watt hatte sich den ganzen Tag aufgew\u00e4rmt und bei einer Wasserh\u00f6he von nur ca. einem Meter w\u00e4rmte auch das Wasser doch recht schnell auf. An diesem Tag verlie\u00df uns die Power nicht. Nach dem Abendessen gab es noch mehrere windige Partien Wikingerschach.<\/p>\n<p><a href=\"https:\/\/www.jugendheimstaetten-duisburg.de\/wp-content\/uploads\/2020\/09\/1-3.jpg\"><img loading=\"lazy\" decoding=\"async\" class=\"aligncenter size-medium wp-image-8361\" src=\"https:\/\/www.jugendheimstaetten-duisburg.de\/wp-content\/uploads\/2020\/09\/1-3-300x200.jpg\" alt=\"\" width=\"300\" height=\"200\" srcset=\"https:\/\/www.jugendheimstaetten-duisburg.de\/wp-content\/uploads\/2020\/09\/1-3-300x200.jpg 300w, https:\/\/www.jugendheimstaetten-duisburg.de\/wp-content\/uploads\/2020\/09\/1-3.jpg 400w\" sizes=\"auto, (max-width: 300px) 100vw, 300px\" \/><\/a><\/p>\n<p>Schon war es Freitag. Heute war es mit der windigste Tag. Wir entschlossen uns nach Norden in die Seehundstation zu fahren. Es gab sehr viele Informationen \u00fcber die Seehunde an der Nordseek\u00fcste. \u00dcber die Aufzucht gefundener Seehundbabys (Heuler), medizinische Dokumentation von verendeten Seehunden, \u00fcber deren Nahrung und Z\u00e4hlung der Population. Die Seehundstation war sehr interaktiv aufgebaut und man konnte viel erforschen. Danach ging es noch \u00fcber das Stadtfest, welches zuf\u00e4llig heute angefangen hatte. Neben vielen Handwerksausstellungen gab es nat\u00fcrlich auch Fisch- und Getr\u00e4nkebuden. Einige Kinder holten sich noch etwas bevor es wieder zur\u00fcckging. Am Campingplatz angekommen stellten wir fest, dass es noch windiger wurde. Wie immer gingen wir ins Freibad. Als wir zur\u00fcck kamen mussten wir mit bedauern feststellen, dass der Wind noch st\u00e4rker wurde und ein Zelt bereits kaputt war. Da der Wetterbericht noch heftigeren Wind angesagt hatte und alle Zelte sich am Biegen waren mussten wir aufgrund unserer Sicherheit die Freizeit am fr\u00fchen Abend abbrechen. Durch den starken Wind gestaltete sich das abbauen der Zelte schwieriger. Da aber alle mit angepackt haben und wir mittlerweile ein eingespieltes Team waren, hatten wir nur wenige Probleme. Zum Abschied sind wir in Aurich noch Abendessen gegangen, da nat\u00fcrlich das Essen durch die Abreise wegfiel. In der Nacht kamen wir dann zu Hause an und alle haben mit angepackt. Nun konnten alle in ihr Bett zur\u00fcck, welches sie sechs Tage nicht hatten und friedlich von den Aktionen und Erlebnissen der Freizeit tr\u00e4umen.<\/p>\n\n<p><center><div id=\"metaslider-id-7107\" style=\"max-width: 400px;\" class=\"ml-slider-3-108-0 metaslider metaslider-flex metaslider-7107 ml-slider ms-theme-default nav-hidden\" role=\"region\" aria-label=\"2019 Nordsee\" data-height=\"266\" data-width=\"400\">\n    <div id=\"metaslider_container_7107\">\n        <div id=\"metaslider_7107\">\n            <ul class='slides'>\n                <li style=\"display: block; width: 100%;\" class=\"slide-7113 ms-image \" aria-roledescription=\"slide\" data-date=\"2019-08-22 13:59:26\" data-filename=\"1-1.jpg\" data-slide-type=\"image\"><img loading=\"lazy\" decoding=\"async\" src=\"https:\/\/www.jugendheimstaetten-duisburg.de\/wp-content\/uploads\/2019\/08\/1-1.jpg\" height=\"266\" width=\"400\" alt=\"\" class=\"slider-7107 slide-7113 msDefaultImage\" title=\"1\" \/><\/li>\n                <li style=\"display: none; width: 100%;\" class=\"slide-7114 ms-image \" aria-roledescription=\"slide\" data-date=\"2019-08-22 13:59:26\" data-filename=\"2-1.jpg\" data-slide-type=\"image\"><img loading=\"lazy\" decoding=\"async\" src=\"https:\/\/www.jugendheimstaetten-duisburg.de\/wp-content\/uploads\/2019\/08\/2-1.jpg\" height=\"266\" width=\"400\" alt=\"\" class=\"slider-7107 slide-7114 msDefaultImage\" title=\"2\" \/><\/li>\n                <li style=\"display: none; width: 100%;\" class=\"slide-7115 ms-image \" aria-roledescription=\"slide\" data-date=\"2019-08-22 13:59:26\" data-filename=\"3-1.jpg\" data-slide-type=\"image\"><img loading=\"lazy\" decoding=\"async\" src=\"https:\/\/www.jugendheimstaetten-duisburg.de\/wp-content\/uploads\/2019\/08\/3-1.jpg\" height=\"266\" width=\"400\" alt=\"\" class=\"slider-7107 slide-7115 msDefaultImage\" title=\"3\" \/><\/li>\n                <li style=\"display: none; width: 100%;\" class=\"slide-7116 ms-image \" aria-roledescription=\"slide\" data-date=\"2019-08-22 13:59:26\" data-filename=\"4-1.jpg\" data-slide-type=\"image\"><img loading=\"lazy\" decoding=\"async\" src=\"https:\/\/www.jugendheimstaetten-duisburg.de\/wp-content\/uploads\/2019\/08\/4-1.jpg\" height=\"266\" width=\"400\" alt=\"\" class=\"slider-7107 slide-7116 msDefaultImage\" title=\"4\" \/><\/li>\n                <li style=\"display: none; width: 100%;\" class=\"slide-7117 ms-image \" aria-roledescription=\"slide\" data-date=\"2019-08-22 13:59:26\" data-filename=\"5-1.jpg\" data-slide-type=\"image\"><img loading=\"lazy\" decoding=\"async\" src=\"https:\/\/www.jugendheimstaetten-duisburg.de\/wp-content\/uploads\/2019\/08\/5-1.jpg\" height=\"266\" width=\"400\" alt=\"\" class=\"slider-7107 slide-7117 msDefaultImage\" title=\"5\" \/><\/li>\n            <\/ul>\n        <\/div>\n        \n    <\/div>\n<\/div><\/center><\/p>\n","protected":false},"excerpt":{"rendered":"<p>Endlich waren wieder Sommerferien und das Wetter schien perfekt f\u00fcr eine Campingfreizeit an der deutschen Nordseek\u00fcste! So machten wir uns am Sonntagmorgen auf den Weg in Richtung Norddeutschland. Zwei P\u00e4dagogen mit sechs Kindern auf den R\u00fcckb\u00e4nken unseres Transits und einem vollen Kofferraum mit allem, was man braucht. Nach gut vier Stunden Fahrt kamen wir am &hellip; <\/p>\n<p class=\"link-more\"><a href=\"https:\/\/www.jugendheimstaetten-duisburg.de\/?page_id=8315\" class=\"more-link\"><span class=\"screen-reader-text\">\u201eFerienfahrt an die Nordsee\u201c <\/span>weiterlesen<\/a><\/p>\n","protected":false},"author":5,"featured_media":8359,"parent":0,"menu_order":0,"comment_status":"closed","ping_status":"closed","template":"","meta":{"footnotes":""},"class_list":["post-8315","page","type-page","status-publish","has-post-thumbnail","hentry"],"aioseo_notices":[],"_links":{"self":[{"href":"https:\/\/www.jugendheimstaetten-duisburg.de\/index.php?rest_route=\/wp\/v2\/pages\/8315","targetHints":{"allow":["GET"]}}],"collection":[{"href":"https:\/\/www.jugendheimstaetten-duisburg.de\/index.php?rest_route=\/wp\/v2\/pages"}],"about":[{"href":"https:\/\/www.jugendheimstaetten-duisburg.de\/index.php?rest_route=\/wp\/v2\/types\/page"}],"author":[{"embeddable":true,"href":"https:\/\/www.jugendheimstaetten-duisburg.de\/index.php?rest_route=\/wp\/v2\/users\/5"}],"replies":[{"embeddable":true,"href":"https:\/\/www.jugendheimstaetten-duisburg.de\/index.php?rest_route=%2Fwp%2Fv2%2Fcomments&post=8315"}],"version-history":[{"count":3,"href":"https:\/\/www.jugendheimstaetten-duisburg.de\/index.php?rest_route=\/wp\/v2\/pages\/8315\/revisions"}],"predecessor-version":[{"id":8362,"href":"https:\/\/www.jugendheimstaetten-duisburg.de\/index.php?rest_route=\/wp\/v2\/pages\/8315\/revisions\/8362"}],"wp:featuredmedia":[{"embeddable":true,"href":"https:\/\/www.jugendheimstaetten-duisburg.de\/index.php?rest_route=\/wp\/v2\/media\/8359"}],"wp:attachment":[{"href":"https:\/\/www.jugendheimstaetten-duisburg.de\/index.php?rest_route=%2Fwp%2Fv2%2Fmedia&parent=8315"}],"curies":[{"name":"wp","href":"https:\/\/api.w.org\/{rel}","templated":true}]}}