{"id":8319,"date":"2020-09-16T12:36:15","date_gmt":"2020-09-16T10:36:15","guid":{"rendered":"https:\/\/www.jugendheimstaetten-duisburg.de\/?page_id=8319"},"modified":"2020-09-16T14:48:49","modified_gmt":"2020-09-16T12:48:49","slug":"lieberhausen","status":"publish","type":"page","link":"https:\/\/www.jugendheimstaetten-duisburg.de\/?page_id=8319","title":{"rendered":"Winterlicher Kurztrip nach Lieberhausen"},"content":{"rendered":"<center><i>\u201eRaus aus dem Einrichtungsalltag, rein ins Ferienhaus in Lieberhausen\u201c<\/i><\/center>\n<p><br>Eine spontane Idee f\u00fchrte dazu, dass wir die Winterferien 2018\/19 genutzt haben, um mit sechs M\u00e4dchen und zwei Betreuerinnen unser Ferienhaus in Lieberhausen zu besuchen. Am 02.01. ging es f\u00fcr die \u201eDamentruppe\u201c AWG Amalienstra\u00dfe Richtung Sauerland. Nach dem Fr\u00fchst\u00fcck in Dinslaken wurde gemeinsam der Bus gepackt und los ging\u2019s. Alles war an Bord, au\u00dfer der Schl\u00fcssel f\u00fcr die Geldkassette. Zum Gl\u00fcck fiel uns diese Tatsache noch in Dinslaken auf, sodass wir nochmal eine Kehrtwende zur Einrichtung machen mussten. Ok, Klappe die Zweite. Jetzt aber! Ohne Stau erreichten wir Meinerzhagen, wo erst einmal eingekauft wurde. Mit vereinten Kr\u00e4ften schafften wir unser Gep\u00e4ck und unsere Eink\u00e4ufe ins Haus. Puuuh, ganz sch\u00f6n anstrengend\u2026 Erst mal eine kleine Verschnaufpause einlegen. Konkret bedeutete dies, dass sich unsere eitlen M\u00e4dels von ihrem \u201eDresscode\u201c trennten und die gem\u00fctliche Jogginghose bevorzugten. Der erste Tag in Lieberhausen konnte am besten unter dem Motto: \u201ePURE GEM\u00dcTLICHKEIT\u201c beschrieben werden.<\/p>\n<p>Da eine unserer Jugendlichen am 03.01. Geburtstag hatte, mussten einige \u201eAblenk-Aktionen\u201c stattfinden, damit wir f\u00fcr sie einen Kuchen backen konnten und p\u00fcnktlich um 0:00 Uhr mit Kuchen, Kerzen und Geschenken unserem Sch\u00fctzling gratulieren konnten. Gemeinsam wurde der Geburtstagskuchen vernichtet und gegen 1:00 Uhr waren dann alle Akkus leer und wir gingen schlafen.<\/p>\n<p><a href=\"https:\/\/www.jugendheimstaetten-duisburg.de\/wp-content\/uploads\/2020\/09\/3-4.jpg\"><img loading=\"lazy\" decoding=\"async\" class=\"aligncenter size-medium wp-image-8366\" src=\"https:\/\/www.jugendheimstaetten-duisburg.de\/wp-content\/uploads\/2020\/09\/3-4-300x200.jpg\" alt=\"\" width=\"300\" height=\"200\" srcset=\"https:\/\/www.jugendheimstaetten-duisburg.de\/wp-content\/uploads\/2020\/09\/3-4-300x200.jpg 300w, https:\/\/www.jugendheimstaetten-duisburg.de\/wp-content\/uploads\/2020\/09\/3-4.jpg 400w\" sizes=\"auto, (max-width: 300px) 100vw, 300px\" \/><\/a><\/p>\n<p>Unser nun 15-j\u00e4hriges Geburtstagskind durfte ihren Ehrentag selbstst\u00e4ndig gestalten und w\u00fcnschte sich einen Besuch der Innenstadt von Gummersbach. Also hie\u00df es nach dem Fr\u00fchst\u00fcck: \u201eAlle Mann an Bord?\u201c \u201eJa, alle Frauen da!\u201c Zum Gl\u00fcck war die \u201epuderzucker-schnee-bedeckte\u201c Stra\u00dfe bereits gestreut, sodass wir bedenkenlos losfahren konnten. Angekommen in Gummersbach konnten die M\u00e4dels shoppen, soweit das Bekleidungsgeld reichte. Nach einem dreist\u00fcndigen Aufenthalt in Gummersbach waren alle durchgefroren und es ging zur\u00fcck ins kuschelige Ferienhaus.<\/p>\n<p>Der Nachmittag und der Abend standen dann ganz im Zeichen von Wellness und Beauty. Zusammen r\u00fchrten wir eine Heilerde-Gesichtsmaske an, schmierten uns diese ins Gesicht und haben die Themen Pflege und Hygiene aufgegriffen. Unseren M\u00e4dels wurde schnell klar, dass Pflegeprodukte nur wirken k\u00f6nnen, wenn auch die \u201et\u00e4gliche Standardhygiene\u201c stimmt.<\/p>\n<p>Auch am 04.01. begann unser Tag mit einem opulenten Fr\u00fchst\u00fcck. Nachdem wir acht Ladies dann alle mal endlich fertig waren, nutzten wir unser gem\u00fctliches Wohnzimmer, um \u00dcbungen und Methoden zur Selbstwahrnehmung sowie die Verbreitung von positiven Beziehungsbotschaften durchzuf\u00fchren. Es war mehr als sch\u00f6n anzusehen, wie sehr sich unsere M\u00e4dels \u00fcber die netten gegenseitigen Worte und Aufmerksamkeiten gefreut haben. Der Tag war voll mit \u201ePOSITIVE VIBES\u201c.<\/p>\n<p><a href=\"https:\/\/www.jugendheimstaetten-duisburg.de\/wp-content\/uploads\/2020\/09\/12-1.jpg\"><img loading=\"lazy\" decoding=\"async\" class=\"aligncenter size-medium wp-image-8369\" src=\"https:\/\/www.jugendheimstaetten-duisburg.de\/wp-content\/uploads\/2020\/09\/12-1-300x200.jpg\" alt=\"\" width=\"300\" height=\"200\" srcset=\"https:\/\/www.jugendheimstaetten-duisburg.de\/wp-content\/uploads\/2020\/09\/12-1-300x200.jpg 300w, https:\/\/www.jugendheimstaetten-duisburg.de\/wp-content\/uploads\/2020\/09\/12-1.jpg 400w\" sizes=\"auto, (max-width: 300px) 100vw, 300px\" \/><\/a><\/p>\n<p>Bestens gelaunt ging es abends dann f\u00fcr die \u201eDamentruppe\u201c zum Italiener nach Wiedenest. Dort wurde geschlemmt, was das Zeug hielt. Pappsatt endete unser letzter Abend in Lieberhausen mit einer lustigen Spielerunde, die zum schallenden Gel\u00e4chter f\u00fchrte.<\/p>\n<p>Abschlie\u00dfend m\u00f6chten wir festhalten, dass die drei Tage M\u00e4dels-Trip sehr harmonisch abgelaufen sind und dass wir mit der \u201eDamentruppe\u201c der AWG Amalienstra\u00dfe das Klischee von Zickereien und Drama widerlegen konnten.<\/p>\n<p>Sch\u00f6n war\u2019s und bis zum n\u00e4chsten Mal!<\/p>\n\n<p><center><div id=\"metaslider-id-6998\" style=\"max-width: 400px;\" class=\"ml-slider-3-107-0 metaslider metaslider-flex metaslider-6998 ml-slider ms-theme-default nav-hidden\" role=\"region\" aria-label=\"2019 LH Amalien\" data-height=\"266\" data-width=\"400\">\n    <div id=\"metaslider_container_6998\">\n        <div id=\"metaslider_6998\">\n            <ul class='slides'>\n                <li style=\"display: block; width: 100%;\" class=\"slide-7012 ms-image \" aria-roledescription=\"slide\" data-date=\"2019-01-20 15:05:56\" data-filename=\"1-1.jpg\" data-slide-type=\"image\"><img loading=\"lazy\" decoding=\"async\" src=\"https:\/\/www.jugendheimstaetten-duisburg.de\/wp-content\/uploads\/2019\/01\/1-1.jpg\" height=\"266\" width=\"400\" alt=\"\" class=\"slider-6998 slide-7012 msDefaultImage\" title=\"1\" \/><\/li>\n                <li style=\"display: none; width: 100%;\" class=\"slide-7013 ms-image \" aria-roledescription=\"slide\" data-date=\"2019-01-20 15:05:56\" data-filename=\"2-1.jpg\" data-slide-type=\"image\"><img loading=\"lazy\" decoding=\"async\" src=\"https:\/\/www.jugendheimstaetten-duisburg.de\/wp-content\/uploads\/2019\/01\/2-1.jpg\" height=\"266\" width=\"400\" alt=\"\" class=\"slider-6998 slide-7013 msDefaultImage\" title=\"2\" \/><\/li>\n                <li style=\"display: none; width: 100%;\" class=\"slide-7014 ms-image \" aria-roledescription=\"slide\" data-date=\"2019-01-20 15:05:56\" data-filename=\"3-1.jpg\" data-slide-type=\"image\"><img loading=\"lazy\" decoding=\"async\" src=\"https:\/\/www.jugendheimstaetten-duisburg.de\/wp-content\/uploads\/2019\/01\/3-1.jpg\" height=\"266\" width=\"400\" alt=\"\" class=\"slider-6998 slide-7014 msDefaultImage\" title=\"3\" \/><\/li>\n                <li style=\"display: none; width: 100%;\" class=\"slide-7015 ms-image \" aria-roledescription=\"slide\" data-date=\"2019-01-20 15:05:56\" data-filename=\"4-1.jpg\" data-slide-type=\"image\"><img loading=\"lazy\" decoding=\"async\" src=\"https:\/\/www.jugendheimstaetten-duisburg.de\/wp-content\/uploads\/2019\/01\/4-1.jpg\" height=\"266\" width=\"400\" alt=\"\" class=\"slider-6998 slide-7015 msDefaultImage\" title=\"4\" \/><\/li>\n                <li style=\"display: none; width: 100%;\" class=\"slide-7016 ms-image \" aria-roledescription=\"slide\" data-date=\"2019-01-20 15:05:56\" data-filename=\"5-1.jpg\" data-slide-type=\"image\"><img loading=\"lazy\" decoding=\"async\" src=\"https:\/\/www.jugendheimstaetten-duisburg.de\/wp-content\/uploads\/2019\/01\/5-1.jpg\" height=\"266\" width=\"400\" alt=\"\" class=\"slider-6998 slide-7016 msDefaultImage\" title=\"5\" \/><\/li>\n                <li style=\"display: none; width: 100%;\" class=\"slide-7017 ms-image \" aria-roledescription=\"slide\" data-date=\"2019-01-20 15:05:56\" data-filename=\"6-1.jpg\" data-slide-type=\"image\"><img loading=\"lazy\" decoding=\"async\" src=\"https:\/\/www.jugendheimstaetten-duisburg.de\/wp-content\/uploads\/2019\/01\/6-1.jpg\" height=\"266\" width=\"400\" alt=\"\" class=\"slider-6998 slide-7017 msDefaultImage\" title=\"6\" \/><\/li>\n                <li style=\"display: none; width: 100%;\" class=\"slide-7018 ms-image \" aria-roledescription=\"slide\" data-date=\"2019-01-20 15:05:56\" data-filename=\"7-1.jpg\" data-slide-type=\"image\"><img loading=\"lazy\" decoding=\"async\" src=\"https:\/\/www.jugendheimstaetten-duisburg.de\/wp-content\/uploads\/2019\/01\/7-1.jpg\" height=\"266\" width=\"400\" alt=\"\" class=\"slider-6998 slide-7018 msDefaultImage\" title=\"7\" \/><\/li>\n                <li style=\"display: none; width: 100%;\" class=\"slide-7019 ms-image \" aria-roledescription=\"slide\" data-date=\"2019-01-20 15:05:56\" data-filename=\"8-1.jpg\" data-slide-type=\"image\"><img loading=\"lazy\" decoding=\"async\" src=\"https:\/\/www.jugendheimstaetten-duisburg.de\/wp-content\/uploads\/2019\/01\/8-1.jpg\" height=\"266\" width=\"400\" alt=\"\" class=\"slider-6998 slide-7019 msDefaultImage\" title=\"8\" \/><\/li>\n                <li style=\"display: none; width: 100%;\" class=\"slide-7020 ms-image \" aria-roledescription=\"slide\" data-date=\"2019-01-20 15:05:56\" data-filename=\"9-1.jpg\" data-slide-type=\"image\"><img loading=\"lazy\" decoding=\"async\" src=\"https:\/\/www.jugendheimstaetten-duisburg.de\/wp-content\/uploads\/2019\/01\/9-1.jpg\" height=\"266\" width=\"400\" alt=\"\" class=\"slider-6998 slide-7020 msDefaultImage\" title=\"9\" \/><\/li>\n                <li style=\"display: none; width: 100%;\" class=\"slide-7021 ms-image \" aria-roledescription=\"slide\" data-date=\"2019-01-20 15:05:56\" data-filename=\"10-1.jpg\" data-slide-type=\"image\"><img loading=\"lazy\" decoding=\"async\" src=\"https:\/\/www.jugendheimstaetten-duisburg.de\/wp-content\/uploads\/2019\/01\/10-1.jpg\" height=\"266\" width=\"400\" alt=\"\" class=\"slider-6998 slide-7021 msDefaultImage\" title=\"10\" \/><\/li>\n                <li style=\"display: none; width: 100%;\" class=\"slide-7022 ms-image \" aria-roledescription=\"slide\" data-date=\"2019-01-20 15:05:56\" data-filename=\"11-1.jpg\" data-slide-type=\"image\"><img loading=\"lazy\" decoding=\"async\" src=\"https:\/\/www.jugendheimstaetten-duisburg.de\/wp-content\/uploads\/2019\/01\/11-1.jpg\" height=\"266\" width=\"400\" alt=\"\" class=\"slider-6998 slide-7022 msDefaultImage\" title=\"11\" \/><\/li>\n                <li style=\"display: none; width: 100%;\" class=\"slide-7023 ms-image \" aria-roledescription=\"slide\" data-date=\"2019-01-20 15:05:56\" data-filename=\"12-1.jpg\" data-slide-type=\"image\"><img loading=\"lazy\" decoding=\"async\" src=\"https:\/\/www.jugendheimstaetten-duisburg.de\/wp-content\/uploads\/2019\/01\/12-1.jpg\" height=\"266\" width=\"400\" alt=\"\" class=\"slider-6998 slide-7023 msDefaultImage\" title=\"12\" \/><\/li>\n                <li style=\"display: none; width: 100%;\" class=\"slide-7024 ms-image \" aria-roledescription=\"slide\" data-date=\"2019-01-20 15:05:56\" data-filename=\"13-1.jpg\" data-slide-type=\"image\"><img loading=\"lazy\" decoding=\"async\" src=\"https:\/\/www.jugendheimstaetten-duisburg.de\/wp-content\/uploads\/2019\/01\/13-1.jpg\" height=\"266\" width=\"400\" alt=\"\" class=\"slider-6998 slide-7024 msDefaultImage\" title=\"13\" \/><\/li>\n            <\/ul>\n        <\/div>\n        \n    <\/div>\n<\/div><\/center><\/p>\n","protected":false},"excerpt":{"rendered":"<p>\u201eRaus aus dem Einrichtungsalltag, rein ins Ferienhaus in Lieberhausen\u201c Eine spontane Idee f\u00fchrte dazu, dass wir die Winterferien 2018\/19 genutzt haben, um mit sechs M\u00e4dchen und zwei Betreuerinnen unser Ferienhaus in Lieberhausen zu besuchen. Am 02.01. ging es f\u00fcr die \u201eDamentruppe\u201c AWG Amalienstra\u00dfe Richtung Sauerland. Nach dem Fr\u00fchst\u00fcck in Dinslaken wurde gemeinsam der Bus gepackt &hellip; <\/p>\n<p class=\"link-more\"><a href=\"https:\/\/www.jugendheimstaetten-duisburg.de\/?page_id=8319\" class=\"more-link\"><span class=\"screen-reader-text\">\u201eWinterlicher Kurztrip nach Lieberhausen\u201c <\/span>weiterlesen<\/a><\/p>\n","protected":false},"author":5,"featured_media":8364,"parent":0,"menu_order":0,"comment_status":"closed","ping_status":"closed","template":"","meta":{"footnotes":""},"class_list":["post-8319","page","type-page","status-publish","has-post-thumbnail","hentry"],"aioseo_notices":[],"_links":{"self":[{"href":"https:\/\/www.jugendheimstaetten-duisburg.de\/index.php?rest_route=\/wp\/v2\/pages\/8319","targetHints":{"allow":["GET"]}}],"collection":[{"href":"https:\/\/www.jugendheimstaetten-duisburg.de\/index.php?rest_route=\/wp\/v2\/pages"}],"about":[{"href":"https:\/\/www.jugendheimstaetten-duisburg.de\/index.php?rest_route=\/wp\/v2\/types\/page"}],"author":[{"embeddable":true,"href":"https:\/\/www.jugendheimstaetten-duisburg.de\/index.php?rest_route=\/wp\/v2\/users\/5"}],"replies":[{"embeddable":true,"href":"https:\/\/www.jugendheimstaetten-duisburg.de\/index.php?rest_route=%2Fwp%2Fv2%2Fcomments&post=8319"}],"version-history":[{"count":7,"href":"https:\/\/www.jugendheimstaetten-duisburg.de\/index.php?rest_route=\/wp\/v2\/pages\/8319\/revisions"}],"predecessor-version":[{"id":8384,"href":"https:\/\/www.jugendheimstaetten-duisburg.de\/index.php?rest_route=\/wp\/v2\/pages\/8319\/revisions\/8384"}],"wp:featuredmedia":[{"embeddable":true,"href":"https:\/\/www.jugendheimstaetten-duisburg.de\/index.php?rest_route=\/wp\/v2\/media\/8364"}],"wp:attachment":[{"href":"https:\/\/www.jugendheimstaetten-duisburg.de\/index.php?rest_route=%2Fwp%2Fv2%2Fmedia&parent=8319"}],"curies":[{"name":"wp","href":"https:\/\/api.w.org\/{rel}","templated":true}]}}