{"id":8401,"date":"2020-09-18T12:33:36","date_gmt":"2020-09-18T10:33:36","guid":{"rendered":"https:\/\/www.jugendheimstaetten-duisburg.de\/?page_id=8401"},"modified":"2020-10-01T10:32:38","modified_gmt":"2020-10-01T08:32:38","slug":"segeln-auf-dem-ijsselmeer-2","status":"publish","type":"page","link":"https:\/\/www.jugendheimstaetten-duisburg.de\/?page_id=8401","title":{"rendered":"Segeln auf dem Ijsselmeer"},"content":{"rendered":"<p>Auch in diesem Jahr verbrachten wir wieder einen Teil der Sommerferien auf der Ajas II in den Niederlanden auf dem Ijsselmeer. Das Wetter war uns diesmal wohlgesonnen und wir hatten eigentlich jeden Tag sommerliche Temperaturen, blauen Himmel und Sonnenschein. Deshalb konnten wir auch viel segeln.<\/p>\n<p>Unsere Route f\u00fchrte von Andijk nach Enkuizen, wo wir zum ersten Mal im Oosterhaven festgemacht haben. Von dort segelten wir bei leicht bedecktem Himmel nach Urk. Dort war so viel los, dass wir erstmal im Zweierpaket festmachen mussten und im Laufe des Nachmittags sogar noch ein drittes Boot neben uns festmachte. Wegen des tollen Wetters und dem Strand direkt vor dem Boot, entschieden wir, zwei N\u00e4chte zu bleiben und Dominiks 20. Geburtstag in Urk zu verbringen.<\/p>\n<p>Dann fuhren wir wieder f\u00fcr eine Nacht nach Enkuizen und sind zum ersten und einzigen Mal w\u00e4hrend unserer Freizeit nass geworden. Der Regen hielt aber nicht lange und schon am sp\u00e4ten Nachmittag schien wieder die Sonne. Die Jungs nutzten den Nachmittag zum Shoppen.<\/p>\n<p>Am n\u00e4chsten Tag segelten wir nach Medemblik und blieben dort auf Wunsch der Crew zwei N\u00e4chte. Donnerstag machten wir uns vormittags auf den Weg zur\u00fcck nach Andijk, fuhren von dort mit dem Transit ans Meer und verbrachten einen entspannten Strandtag.<\/p>\n<p>Freitag haben wir dann den halben Tag das Boot geschrubbt und auf Vordermann gebracht, waren abends noch gemeinsam essen und haben in Medemblik am Hafen der Sonne gute Nacht gesagt.<\/p>\n<p>Am letzten Tag haben wir in der Fr\u00fch noch die restlichen Sachen verstaut, den Transit beladen und es ging wieder Richtung Heimat. Es war eine sch\u00f6ne und entspannte Zeit und wir freuen uns schon auf das n\u00e4chste Mal!<\/p>\n\n\n[ngg src=&#8220;galleries&#8220; ids=&#8220;94&#8243; display=&#8220;basic_slideshow&#8220;]\n","protected":false},"excerpt":{"rendered":"<p>Auch in diesem Jahr verbrachten wir wieder einen Teil der Sommerferien auf der Ajas II in den Niederlanden auf dem Ijsselmeer. Das Wetter war uns diesmal wohlgesonnen und wir hatten eigentlich jeden Tag sommerliche Temperaturen, blauen Himmel und Sonnenschein. Deshalb konnten wir auch viel segeln. Unsere Route f\u00fchrte von Andijk nach Enkuizen, wo wir zum &hellip; <\/p>\n<p class=\"link-more\"><a href=\"https:\/\/www.jugendheimstaetten-duisburg.de\/?page_id=8401\" class=\"more-link\"><span class=\"screen-reader-text\">\u201eSegeln auf dem Ijsselmeer\u201c <\/span>weiterlesen<\/a><\/p>\n","protected":false},"author":5,"featured_media":8405,"parent":0,"menu_order":0,"comment_status":"closed","ping_status":"closed","template":"","meta":{"footnotes":""},"class_list":["post-8401","page","type-page","status-publish","has-post-thumbnail","hentry"],"aioseo_notices":[],"_links":{"self":[{"href":"https:\/\/www.jugendheimstaetten-duisburg.de\/index.php?rest_route=\/wp\/v2\/pages\/8401","targetHints":{"allow":["GET"]}}],"collection":[{"href":"https:\/\/www.jugendheimstaetten-duisburg.de\/index.php?rest_route=\/wp\/v2\/pages"}],"about":[{"href":"https:\/\/www.jugendheimstaetten-duisburg.de\/index.php?rest_route=\/wp\/v2\/types\/page"}],"author":[{"embeddable":true,"href":"https:\/\/www.jugendheimstaetten-duisburg.de\/index.php?rest_route=\/wp\/v2\/users\/5"}],"replies":[{"embeddable":true,"href":"https:\/\/www.jugendheimstaetten-duisburg.de\/index.php?rest_route=%2Fwp%2Fv2%2Fcomments&post=8401"}],"version-history":[{"count":7,"href":"https:\/\/www.jugendheimstaetten-duisburg.de\/index.php?rest_route=\/wp\/v2\/pages\/8401\/revisions"}],"predecessor-version":[{"id":8505,"href":"https:\/\/www.jugendheimstaetten-duisburg.de\/index.php?rest_route=\/wp\/v2\/pages\/8401\/revisions\/8505"}],"wp:featuredmedia":[{"embeddable":true,"href":"https:\/\/www.jugendheimstaetten-duisburg.de\/index.php?rest_route=\/wp\/v2\/media\/8405"}],"wp:attachment":[{"href":"https:\/\/www.jugendheimstaetten-duisburg.de\/index.php?rest_route=%2Fwp%2Fv2%2Fmedia&parent=8401"}],"curies":[{"name":"wp","href":"https:\/\/api.w.org\/{rel}","templated":true}]}}