{"id":8671,"date":"2021-07-29T15:46:15","date_gmt":"2021-07-29T13:46:15","guid":{"rendered":"https:\/\/www.jugendheimstaetten-duisburg.de\/?page_id=8671"},"modified":"2021-07-29T15:46:15","modified_gmt":"2021-07-29T13:46:15","slug":"lieberhausen-die-2","status":"publish","type":"page","link":"https:\/\/www.jugendheimstaetten-duisburg.de\/?page_id=8671","title":{"rendered":"Lieberhausen die 2."},"content":{"rendered":"<p>In der dritten Sommerferienwoche machte sich eine zweite Gruppe aus unserem Haupthaus auf den Weg nach Lieberhausen. Die Jungs, die schon in der ersten Woche mit nach Lieberhausen gefahren waren, konnten es kaum abwarten. Die eine Woche Arbeit verging f\u00fcr sie wie im Flug.<\/p>\n<p>W\u00e4hrend der Tage im Ferienhaus war Chillen nat\u00fcrlich das erste Gebot. Egal wo, am See, im Garten beim Grillen oder in K\u00f6ln beim Shoppen. Urlaub soll zum entspannen sein und daf\u00fcr ist Lieberhausen genau richtig.<\/p>\n<p>Aber wir nutzten die Zeit auch, um zu klettern und uns abzuseilen. So waren das Vertiefen von Bewegungsabl\u00e4ufen von den Fahrtenteilnehmern der ersten Fahrt und das Sichern der neuen Fahrtenteilnehmer Schwerpunkte.<\/p>\n\n\n[ngg src=&#8220;galleries&#8220; ids=&#8220;98&#8243; display=&#8220;basic_slideshow&#8220;]\n\n\n<p>W\u00e4hrend der Fahrt kam bei einem Teil der Gruppe die Frage auf, wer eigentlich die Schneiders waren. Wir wussten, dass das Haus in Lieberhausen den Gr\u00fcnder*innen der Jugendheimst\u00e4tten Niederrhein geh\u00f6rt hatte. Wir wussten auch, dass die Einwohner*innen von Lieberhausen das Haus liebevoll das \u201eSchneider Haus\u201c nennen. Also suchten wir nach dem Grab unserer Gr\u00fcnder*innen und fanden es auch. Ein sehr sch\u00f6ner Friedhof an dem Frau und Herr Schneider ihre letzte Ruhest\u00e4tte haben. So hielten wir inne und sprachen unseren Dank aus.<\/p>\n<p>Wie eigentlich bei jeder Fahrt war der Abreisetag der unbeliebteste. Zum einen war das Reinigen des Hauses selten beliebt, aber notwendig. Zum anderen zur\u00fcck in Duisburg zu sein, bei der tollen Woche. Montag wieder arbeiten und der Regen trug nicht zu besserer Stimmung bei. Auf der anderen Seite freuten sich einige sich zu ihren Familien abzumelden und von einer tollen Woche erz\u00e4hlen zu k\u00f6nnen.<\/p>\n<p><i>Einen ausf\u00fchrlicheren und bebilderten Bericht der Fahrt gibt es <a href=\"https:\/\/www.jugendheimstaetten-duisburg.de\/wp-content\/uploads\/2021\/07\/Fahrtenbericht-LH-Sommer-FW-3.pdf\" target=\"_blank\" rel=\"noopener\">hier<\/a> zu lesen.<\/i><\/p>","protected":false},"excerpt":{"rendered":"<p>In der dritten Sommerferienwoche machte sich eine zweite Gruppe aus unserem Haupthaus auf den Weg nach Lieberhausen. Die Jungs, die schon in der ersten Woche mit nach Lieberhausen gefahren waren, konnten es kaum abwarten. Die eine Woche Arbeit verging f\u00fcr sie wie im Flug. W\u00e4hrend der Tage im Ferienhaus war Chillen nat\u00fcrlich das erste Gebot. &hellip; <\/p>\n<p class=\"link-more\"><a href=\"https:\/\/www.jugendheimstaetten-duisburg.de\/?page_id=8671\" class=\"more-link\"><span class=\"screen-reader-text\">\u201eLieberhausen die 2.\u201c <\/span>weiterlesen<\/a><\/p>\n","protected":false},"author":5,"featured_media":8673,"parent":0,"menu_order":0,"comment_status":"closed","ping_status":"closed","template":"","meta":{"footnotes":""},"class_list":["post-8671","page","type-page","status-publish","has-post-thumbnail","hentry"],"aioseo_notices":[],"_links":{"self":[{"href":"https:\/\/www.jugendheimstaetten-duisburg.de\/index.php?rest_route=\/wp\/v2\/pages\/8671","targetHints":{"allow":["GET"]}}],"collection":[{"href":"https:\/\/www.jugendheimstaetten-duisburg.de\/index.php?rest_route=\/wp\/v2\/pages"}],"about":[{"href":"https:\/\/www.jugendheimstaetten-duisburg.de\/index.php?rest_route=\/wp\/v2\/types\/page"}],"author":[{"embeddable":true,"href":"https:\/\/www.jugendheimstaetten-duisburg.de\/index.php?rest_route=\/wp\/v2\/users\/5"}],"replies":[{"embeddable":true,"href":"https:\/\/www.jugendheimstaetten-duisburg.de\/index.php?rest_route=%2Fwp%2Fv2%2Fcomments&post=8671"}],"version-history":[{"count":4,"href":"https:\/\/www.jugendheimstaetten-duisburg.de\/index.php?rest_route=\/wp\/v2\/pages\/8671\/revisions"}],"predecessor-version":[{"id":8677,"href":"https:\/\/www.jugendheimstaetten-duisburg.de\/index.php?rest_route=\/wp\/v2\/pages\/8671\/revisions\/8677"}],"wp:featuredmedia":[{"embeddable":true,"href":"https:\/\/www.jugendheimstaetten-duisburg.de\/index.php?rest_route=\/wp\/v2\/media\/8673"}],"wp:attachment":[{"href":"https:\/\/www.jugendheimstaetten-duisburg.de\/index.php?rest_route=%2Fwp%2Fv2%2Fmedia&parent=8671"}],"curies":[{"name":"wp","href":"https:\/\/api.w.org\/{rel}","templated":true}]}}