{"id":8681,"date":"2021-08-24T12:20:18","date_gmt":"2021-08-24T10:20:18","guid":{"rendered":"https:\/\/www.jugendheimstaetten-duisburg.de\/?page_id=8681"},"modified":"2021-08-24T12:28:01","modified_gmt":"2021-08-24T10:28:01","slug":"foerderbetrag-von-der-town-country-stiftung","status":"publish","type":"page","link":"https:\/\/www.jugendheimstaetten-duisburg.de\/?page_id=8681","title":{"rendered":"F\u00f6rderbetrag von der Town &#038; Country Stiftung"},"content":{"rendered":"\n<p>Wir freuen uns sehr, von der Town &amp; Country Stiftung f\u00fcr unser Engagement in der F\u00f6rderung unserer Bewohner ausgezeichnet worden zu sein und einen F\u00f6rderbetrag in H\u00f6he von 1.000 \u20ac zu erhalten.<\/p>\n\n\n\n<p>Ziel des Projektes ist es, unseren Bewohnern F\u00e4higkeiten und Kenntnisse zum herk\u00f6mmlichen Bewerbungsverfahren zu vermitteln. Vor allem in Anbetracht der derzeitigen Pandemiesituation mit dem Fokus auf Online-Bewerbungsverfahren. <\/p>\n\n\n\n<p>Den F\u00f6rderbetrag m\u00f6chten wir daher zur Anschaffung von Tabletcomputern einsetzen. Zus\u00e4tzlich zu den Tablets m\u00f6chten wir den Betrag f\u00fcr Zubeh\u00f6r und f\u00fcr eventuelle Softwarel\u00f6sungen nutzen, um die M\u00f6glichkeiten zu schaffen, unsere Bewohner mit Online-Bewerbungsverfahren vertraut zu machen.<\/p>\n\n\n\n<figure class=\"wp-block-image size-full\"><a href=\"https:\/\/www.jugendheimstaetten-duisburg.de\/wp-content\/uploads\/2021\/08\/Urkunde.jpg\"><img loading=\"lazy\" decoding=\"async\" width=\"590\" height=\"807\" src=\"https:\/\/www.jugendheimstaetten-duisburg.de\/wp-content\/uploads\/2021\/08\/Urkunde.jpg\" alt=\"\" class=\"wp-image-8684\" srcset=\"https:\/\/www.jugendheimstaetten-duisburg.de\/wp-content\/uploads\/2021\/08\/Urkunde.jpg 590w, https:\/\/www.jugendheimstaetten-duisburg.de\/wp-content\/uploads\/2021\/08\/Urkunde-219x300.jpg 219w\" sizes=\"auto, (max-width: 590px) 100vw, 590px\" \/><\/a><\/figure>\n","protected":false},"excerpt":{"rendered":"<p>Wir freuen uns sehr, von der Town &amp; Country Stiftung f\u00fcr unser Engagement in der F\u00f6rderung unserer Bewohner ausgezeichnet worden zu sein und einen F\u00f6rderbetrag in H\u00f6he von 1.000 \u20ac zu erhalten. Ziel des Projektes ist es, unseren Bewohnern F\u00e4higkeiten und Kenntnisse zum herk\u00f6mmlichen Bewerbungsverfahren zu vermitteln. Vor allem in Anbetracht der derzeitigen Pandemiesituation mit &hellip; <\/p>\n<p class=\"link-more\"><a href=\"https:\/\/www.jugendheimstaetten-duisburg.de\/?page_id=8681\" class=\"more-link\"><span class=\"screen-reader-text\">\u201eF\u00f6rderbetrag von der Town &#038; Country Stiftung\u201c <\/span>weiterlesen<\/a><\/p>\n","protected":false},"author":5,"featured_media":0,"parent":0,"menu_order":0,"comment_status":"closed","ping_status":"closed","template":"","meta":{"footnotes":""},"class_list":["post-8681","page","type-page","status-publish","hentry"],"aioseo_notices":[],"_links":{"self":[{"href":"https:\/\/www.jugendheimstaetten-duisburg.de\/index.php?rest_route=\/wp\/v2\/pages\/8681","targetHints":{"allow":["GET"]}}],"collection":[{"href":"https:\/\/www.jugendheimstaetten-duisburg.de\/index.php?rest_route=\/wp\/v2\/pages"}],"about":[{"href":"https:\/\/www.jugendheimstaetten-duisburg.de\/index.php?rest_route=\/wp\/v2\/types\/page"}],"author":[{"embeddable":true,"href":"https:\/\/www.jugendheimstaetten-duisburg.de\/index.php?rest_route=\/wp\/v2\/users\/5"}],"replies":[{"embeddable":true,"href":"https:\/\/www.jugendheimstaetten-duisburg.de\/index.php?rest_route=%2Fwp%2Fv2%2Fcomments&post=8681"}],"version-history":[{"count":3,"href":"https:\/\/www.jugendheimstaetten-duisburg.de\/index.php?rest_route=\/wp\/v2\/pages\/8681\/revisions"}],"predecessor-version":[{"id":8695,"href":"https:\/\/www.jugendheimstaetten-duisburg.de\/index.php?rest_route=\/wp\/v2\/pages\/8681\/revisions\/8695"}],"wp:attachment":[{"href":"https:\/\/www.jugendheimstaetten-duisburg.de\/index.php?rest_route=%2Fwp%2Fv2%2Fmedia&parent=8681"}],"curies":[{"name":"wp","href":"https:\/\/api.w.org\/{rel}","templated":true}]}}