{"id":8697,"date":"2021-09-17T15:08:08","date_gmt":"2021-09-17T13:08:08","guid":{"rendered":"https:\/\/www.jugendheimstaetten-duisburg.de\/?page_id=8697"},"modified":"2021-09-17T15:13:59","modified_gmt":"2021-09-17T13:13:59","slug":"ehrung-kanda","status":"publish","type":"page","link":"https:\/\/www.jugendheimstaetten-duisburg.de\/?page_id=8697","title":{"rendered":"Ehrung Kanda"},"content":{"rendered":"\n<p>Unser Bewohner Kanda Cond\u00e9 erhielt am 02.09.2021 als einer von zehn gefl\u00fcchteten Sch\u00fclern aus ganz Duisburg den F\u00f6rderpreis \u201eRotary macht Schule\u201c des Duisburger Rotary-Clubs. Ausgezeichnet wurde er im Rathaus von Oberb\u00fcrgermeister S\u00f6ren Link (SPD) und Margit Burgbacher (Inner Wheel Club Duisburg) f\u00fcr besondere schulische Leistungen.<\/p>\n\n\n\n<div class=\"wp-block-image\"><figure class=\"aligncenter size-full is-resized\"><a href=\"https:\/\/www.jugendheimstaetten-duisburg.de\/wp-content\/uploads\/2021\/09\/3-bearbeitet.jpg\"><img loading=\"lazy\" decoding=\"async\" src=\"https:\/\/www.jugendheimstaetten-duisburg.de\/wp-content\/uploads\/2021\/09\/3-bearbeitet.jpg\" alt=\"\" class=\"wp-image-8699\" width=\"400\" height=\"266\" srcset=\"https:\/\/www.jugendheimstaetten-duisburg.de\/wp-content\/uploads\/2021\/09\/3-bearbeitet.jpg 800w, https:\/\/www.jugendheimstaetten-duisburg.de\/wp-content\/uploads\/2021\/09\/3-bearbeitet-300x200.jpg 300w, https:\/\/www.jugendheimstaetten-duisburg.de\/wp-content\/uploads\/2021\/09\/3-bearbeitet-768x511.jpg 768w\" sizes=\"auto, (max-width: 400px) 100vw, 400px\" \/><\/a><\/figure><\/div>\n\n\n\n<p>Kanda besuchte bis zum Sommer 2021 die Internationale F\u00f6rderklasse der Globus-Gesamtschule. Diese konnte er, nach nur zwei Jahren, erfolgreich mit dem Hauptschulabschluss beenden und absolviert seit August eine Ausbildung zum Lagerlogistiker bei DB Schenker in M\u00fclheim.<\/p>\n\n\n\n<div class=\"wp-block-image\"><figure class=\"aligncenter size-full is-resized\"><a href=\"https:\/\/www.jugendheimstaetten-duisburg.de\/wp-content\/uploads\/2021\/09\/2-bearbeitet.jpg\"><img loading=\"lazy\" decoding=\"async\" src=\"https:\/\/www.jugendheimstaetten-duisburg.de\/wp-content\/uploads\/2021\/09\/2-bearbeitet.jpg\" alt=\"\" class=\"wp-image-8700\" width=\"400\" height=\"266\" srcset=\"https:\/\/www.jugendheimstaetten-duisburg.de\/wp-content\/uploads\/2021\/09\/2-bearbeitet.jpg 800w, https:\/\/www.jugendheimstaetten-duisburg.de\/wp-content\/uploads\/2021\/09\/2-bearbeitet-300x200.jpg 300w, https:\/\/www.jugendheimstaetten-duisburg.de\/wp-content\/uploads\/2021\/09\/2-bearbeitet-768x511.jpg 768w\" sizes=\"auto, (max-width: 400px) 100vw, 400px\" \/><\/a><\/figure><\/div>\n\n\n\n<p>Frau Burgbacher sagte bei der Ehrung \u00fcber die Sch\u00fcler: \u201eDie Preistr\u00e4ger sind Vorbilder. Sie leben vor, wie durch pers\u00f6nlichen Einsatz und Leistungswillen ein Neustart in einer fremden Umgebung gelingen kann. Sie geben zugleich ein Beispiel, wie auch wir von diesen Menschen profitieren k\u00f6nnen.\u201c<\/p>\n\n\n\n<p>Auch wir sind sehr stolz auf Kanda und gratulieren ihm von Herzen!<\/p>\n\n\n\n<p><em>Die Bildrechte liegen beim Rotary Club Duisburg &#8211; Quelle:<br><a href=\"https:\/\/duisburg.rotary.de\/#neues-auch-in-corona-zeiten=20212022\">https:\/\/duisburg.rotary.de\/#neues-auch-in-corona-zeiten=20212022<\/a><\/em><\/p>\n","protected":false},"excerpt":{"rendered":"<p>Unser Bewohner Kanda Cond\u00e9 erhielt am 02.09.2021 als einer von zehn gefl\u00fcchteten Sch\u00fclern aus ganz Duisburg den F\u00f6rderpreis \u201eRotary macht Schule\u201c des Duisburger Rotary-Clubs. Ausgezeichnet wurde er im Rathaus von Oberb\u00fcrgermeister S\u00f6ren Link (SPD) und Margit Burgbacher (Inner Wheel Club Duisburg) f\u00fcr besondere schulische Leistungen. Kanda besuchte bis zum Sommer 2021 die Internationale F\u00f6rderklasse der &hellip; <\/p>\n<p class=\"link-more\"><a href=\"https:\/\/www.jugendheimstaetten-duisburg.de\/?page_id=8697\" class=\"more-link\"><span class=\"screen-reader-text\">\u201eEhrung Kanda\u201c <\/span>weiterlesen<\/a><\/p>\n","protected":false},"author":5,"featured_media":8702,"parent":0,"menu_order":0,"comment_status":"closed","ping_status":"closed","template":"","meta":{"footnotes":""},"class_list":["post-8697","page","type-page","status-publish","has-post-thumbnail","hentry"],"aioseo_notices":[],"_links":{"self":[{"href":"https:\/\/www.jugendheimstaetten-duisburg.de\/index.php?rest_route=\/wp\/v2\/pages\/8697","targetHints":{"allow":["GET"]}}],"collection":[{"href":"https:\/\/www.jugendheimstaetten-duisburg.de\/index.php?rest_route=\/wp\/v2\/pages"}],"about":[{"href":"https:\/\/www.jugendheimstaetten-duisburg.de\/index.php?rest_route=\/wp\/v2\/types\/page"}],"author":[{"embeddable":true,"href":"https:\/\/www.jugendheimstaetten-duisburg.de\/index.php?rest_route=\/wp\/v2\/users\/5"}],"replies":[{"embeddable":true,"href":"https:\/\/www.jugendheimstaetten-duisburg.de\/index.php?rest_route=%2Fwp%2Fv2%2Fcomments&post=8697"}],"version-history":[{"count":4,"href":"https:\/\/www.jugendheimstaetten-duisburg.de\/index.php?rest_route=\/wp\/v2\/pages\/8697\/revisions"}],"predecessor-version":[{"id":8712,"href":"https:\/\/www.jugendheimstaetten-duisburg.de\/index.php?rest_route=\/wp\/v2\/pages\/8697\/revisions\/8712"}],"wp:featuredmedia":[{"embeddable":true,"href":"https:\/\/www.jugendheimstaetten-duisburg.de\/index.php?rest_route=\/wp\/v2\/media\/8702"}],"wp:attachment":[{"href":"https:\/\/www.jugendheimstaetten-duisburg.de\/index.php?rest_route=%2Fwp%2Fv2%2Fmedia&parent=8697"}],"curies":[{"name":"wp","href":"https:\/\/api.w.org\/{rel}","templated":true}]}}