{"id":8759,"date":"2022-03-26T11:11:25","date_gmt":"2022-03-26T10:11:25","guid":{"rendered":"https:\/\/www.jugendheimstaetten-duisburg.de\/?page_id=8759"},"modified":"2022-03-26T11:12:05","modified_gmt":"2022-03-26T10:12:05","slug":"schlachtfeld-jugendheimstaetten","status":"publish","type":"page","link":"https:\/\/www.jugendheimstaetten-duisburg.de\/?page_id=8759","title":{"rendered":"\u201eSchlachtfeld Jugendheimst\u00e4tten\u201c"},"content":{"rendered":"<p>Eine Gruppe von Bewohnern wurde gemeinsam mit unserer Praktikantin kreativ und entwarf im Rahmen eines Projekts das Spiel ,,Schlachtfeld Jugendheimst\u00e4tten&#8220;. Hierf\u00fcr wurden sich eigene Regeln ausgedacht sowie ein Spieltisch gebaut und bemalt.<\/p>\n<p>Es stehen nun viele gemeinsame \u201eSchlachten\u201c bevor. Die Ereigniskarten werden dabei immer wieder f\u00fcr gute sowie schlechte \u00dcberraschungen, vor allem aber f\u00fcr viel Spa\u00df, sorgen.<\/p>\n<p><center><div id=\"metaslider-id-8748\" style=\"max-width: 400px;\" class=\"ml-slider-3-108-0 metaslider metaslider-flex metaslider-8748 ml-slider ms-theme-default nav-hidden\" role=\"region\" aria-label=\"Schlachtfeld JHS\" data-height=\"266\" data-width=\"400\">\n    <div id=\"metaslider_container_8748\">\n        <div id=\"metaslider_8748\">\n            <ul class='slides'>\n                <li style=\"display: block; width: 100%;\" class=\"slide-8754 ms-image \" aria-roledescription=\"slide\" data-date=\"2022-03-26 11:08:39\" data-filename=\"3-400x266.jpg\" data-slide-type=\"image\"><img loading=\"lazy\" decoding=\"async\" src=\"https:\/\/www.jugendheimstaetten-duisburg.de\/wp-content\/uploads\/2022\/03\/3-400x266.jpg\" height=\"266\" width=\"400\" alt=\"\" class=\"slider-8748 slide-8754 msDefaultImage\" title=\"3\" \/><\/li>\n                <li style=\"display: none; width: 100%;\" class=\"slide-8755 ms-image \" aria-roledescription=\"slide\" data-date=\"2022-03-26 11:08:39\" data-filename=\"4-400x266.jpg\" data-slide-type=\"image\"><img loading=\"lazy\" decoding=\"async\" src=\"https:\/\/www.jugendheimstaetten-duisburg.de\/wp-content\/uploads\/2022\/03\/4-400x266.jpg\" height=\"266\" width=\"400\" alt=\"\" class=\"slider-8748 slide-8755 msDefaultImage\" title=\"4\" \/><\/li>\n                <li style=\"display: none; width: 100%;\" class=\"slide-8756 ms-image \" aria-roledescription=\"slide\" data-date=\"2022-03-26 11:08:39\" data-filename=\"5-400x266.jpg\" data-slide-type=\"image\"><img loading=\"lazy\" decoding=\"async\" src=\"https:\/\/www.jugendheimstaetten-duisburg.de\/wp-content\/uploads\/2022\/03\/5-400x266.jpg\" height=\"266\" width=\"400\" alt=\"\" class=\"slider-8748 slide-8756 msDefaultImage\" title=\"5\" \/><\/li>\n                <li style=\"display: none; width: 100%;\" class=\"slide-8757 ms-image \" aria-roledescription=\"slide\" data-date=\"2022-03-26 11:08:39\" data-filename=\"1-400x266.jpg\" data-slide-type=\"image\"><img loading=\"lazy\" decoding=\"async\" src=\"https:\/\/www.jugendheimstaetten-duisburg.de\/wp-content\/uploads\/2022\/03\/1-400x266.jpg\" height=\"266\" width=\"400\" alt=\"\" class=\"slider-8748 slide-8757 msDefaultImage\" title=\"1\" \/><\/li>\n                <li style=\"display: none; width: 100%;\" class=\"slide-8758 ms-image \" aria-roledescription=\"slide\" data-date=\"2022-03-26 11:08:39\" data-filename=\"2-400x266.jpg\" data-slide-type=\"image\"><img loading=\"lazy\" decoding=\"async\" src=\"https:\/\/www.jugendheimstaetten-duisburg.de\/wp-content\/uploads\/2022\/03\/2-400x266.jpg\" height=\"266\" width=\"400\" alt=\"\" class=\"slider-8748 slide-8758 msDefaultImage\" title=\"2\" \/><\/li>\n            <\/ul>\n        <\/div>\n        \n    <\/div>\n<\/div><\/center><\/p>\n","protected":false},"excerpt":{"rendered":"<p>Eine Gruppe von Bewohnern wurde gemeinsam mit unserer Praktikantin kreativ und entwarf im Rahmen eines Projekts das Spiel ,,Schlachtfeld Jugendheimst\u00e4tten&#8220;. Hierf\u00fcr wurden sich eigene Regeln ausgedacht sowie ein Spieltisch gebaut und bemalt. Es stehen nun viele gemeinsame \u201eSchlachten\u201c bevor. Die Ereigniskarten werden dabei immer wieder f\u00fcr gute sowie schlechte \u00dcberraschungen, vor allem aber f\u00fcr viel &hellip; <\/p>\n<p class=\"link-more\"><a href=\"https:\/\/www.jugendheimstaetten-duisburg.de\/?page_id=8759\" class=\"more-link\"><span class=\"screen-reader-text\">\u201e\u201eSchlachtfeld Jugendheimst\u00e4tten\u201c\u201c <\/span>weiterlesen<\/a><\/p>\n","protected":false},"author":5,"featured_media":8761,"parent":0,"menu_order":0,"comment_status":"closed","ping_status":"closed","template":"","meta":{"footnotes":""},"class_list":["post-8759","page","type-page","status-publish","has-post-thumbnail","hentry"],"aioseo_notices":[],"_links":{"self":[{"href":"https:\/\/www.jugendheimstaetten-duisburg.de\/index.php?rest_route=\/wp\/v2\/pages\/8759","targetHints":{"allow":["GET"]}}],"collection":[{"href":"https:\/\/www.jugendheimstaetten-duisburg.de\/index.php?rest_route=\/wp\/v2\/pages"}],"about":[{"href":"https:\/\/www.jugendheimstaetten-duisburg.de\/index.php?rest_route=\/wp\/v2\/types\/page"}],"author":[{"embeddable":true,"href":"https:\/\/www.jugendheimstaetten-duisburg.de\/index.php?rest_route=\/wp\/v2\/users\/5"}],"replies":[{"embeddable":true,"href":"https:\/\/www.jugendheimstaetten-duisburg.de\/index.php?rest_route=%2Fwp%2Fv2%2Fcomments&post=8759"}],"version-history":[{"count":1,"href":"https:\/\/www.jugendheimstaetten-duisburg.de\/index.php?rest_route=\/wp\/v2\/pages\/8759\/revisions"}],"predecessor-version":[{"id":8762,"href":"https:\/\/www.jugendheimstaetten-duisburg.de\/index.php?rest_route=\/wp\/v2\/pages\/8759\/revisions\/8762"}],"wp:featuredmedia":[{"embeddable":true,"href":"https:\/\/www.jugendheimstaetten-duisburg.de\/index.php?rest_route=\/wp\/v2\/media\/8761"}],"wp:attachment":[{"href":"https:\/\/www.jugendheimstaetten-duisburg.de\/index.php?rest_route=%2Fwp%2Fv2%2Fmedia&parent=8759"}],"curies":[{"name":"wp","href":"https:\/\/api.w.org\/{rel}","templated":true}]}}