{"id":8767,"date":"2022-05-17T13:44:39","date_gmt":"2022-05-17T11:44:39","guid":{"rendered":"https:\/\/www.jugendheimstaetten-duisburg.de\/?page_id=8767"},"modified":"2022-05-17T13:44:39","modified_gmt":"2022-05-17T11:44:39","slug":"segelfreizeit-awg-watereck","status":"publish","type":"page","link":"https:\/\/www.jugendheimstaetten-duisburg.de\/?page_id=8767","title":{"rendered":"Segelfreizeit AWG Watereck"},"content":{"rendered":"\n<p><em>Tag 1<\/em><\/p>\n\n\n\n<p>Nach einem gemeinsamen Fr\u00fchst\u00fcck machte sich die Crew, bestehend aus K\u00e4pt`n Jochen, Offizier Freddy und den Matrosen Gerrit, Timo, Yanis, Conner und Benny, \u00fcber den Landweg auf zum Heimathafen in Andijk. Auf dem Weg dorthin hielt sie in Medemblik, um sich mit Vorr\u00e4ten f\u00fcr auf See einzudecken. Am Mittag in Andijk angekommen wurden die Kaj\u00fcten zugeteilt und eingerichtet, eine kleine St\u00e4rkung wurde eingenommen und der weitere Tag besprochen. Die Crew entschied sich dazu, f\u00fcr eine kurze Runde in See zu stechen, anschlie\u00dfend die einheimische K\u00fcche aufzusuchen und die Hafengegend zu erkunden. Also wurde das Segelboot zum Ablegen klargemacht und in See gestochen. Die Crew fuhr etwa zwei Stunden lang gem\u00e4chlich ein paar kleinere Man\u00f6ver bei Windst\u00e4rke 2 und kehrte anschlie\u00dfend in den Hafen zur\u00fcck. Dort angelegt knurrte allen der Magen und sie begaben sich auf den Weg zum Imbiss des anliegenden Campingplatzes. Dort gab es f\u00fcr alle das traditionelle holl\u00e4ndische Gericht Frikandel- und Pommes Spezial. Nun waren alle ges\u00e4ttigt und die Matrosen entschieden sich dazu, den restlichen Landgang auf einer H\u00fcpfburg oder bei einem kurzen Eisbad im Ijsselmeer zu verbringen. Kurz nach Sonnenuntergang kehrten alle zur\u00fcck auf Deck und die Crew legte sich zur Ruhe.<\/p>\n\n\n\n<p><em>Tag 2<\/em><\/p>\n\n\n\n<p>Die Crew wurde am zweiten Tag um 08:30 Uhr vom Wetterbericht des Offiziers geweckt. Einzelne Matrosen beschwerten sich \u00fcber die mangelnde Bequemlichkeit ihrer Kaj\u00fcte, andere dar\u00fcber, so fr\u00fch schon das Gesicht des Offiziers ertragen zu m\u00fcssen. Anschlie\u00dfend machte sich die Crew frisch und die Bordk\u00fcche bereitete ein st\u00e4rkendes Fr\u00fchst\u00fcck vor. Gemeinsam wurde dann gespeist und die Segelroute festgelegt. Es wurde entschieden, den Yachthafen in Medemblik anzusteuern. Gesagt getan. Nach dem Fr\u00fchst\u00fcck legte die Crew also in Richtung Medemblik ab. Die See war bei Windst\u00e4rke 3 recht ruhig und so kam die Crew nach einigen \u201eMann-\u00fcber-Bord\u201c-Man\u00f6vern rund drei Stunden sp\u00e4ter in Medemblik an. Dort vert\u00e4ute die Crew bei strahlendem Sonnenschein das Schiff und ging an Land, um die Umgebung zu erkunden. Der K\u00e4pt`n entrichtete anschlie\u00dfend die Hafengeb\u00fchr. Einige Matrosen deckten sich mit lebenswichtigen Rationen, wie beispielsweise Chips und Weingummi, ein oder erwarben neue Kleidungsst\u00fccke. Der Offizier fischte mit einem Matrosen der Bordk\u00fcche derweil Kartoffeln, Spinat und Fischst\u00e4bchen aus den Regalen des \u00f6rtlichen Sparmarktes. Beim gemeinsamen Abendessen \u00e4u\u00dferten die meisten Matrosen den Wunsch, den Tag mit einem Dungeons and Dragons Abenteuer ausklingen zu lassen. So erz\u00e4hlte der Offizier eine Geschichte eines alten Drachenkultes und die Matrosen bestritten mit W\u00fcrfeln, Stiften und Papier Kobolde, Riesenratten und andere Ungeheuer. Die Sonne versank am Horizont, die Crew in ihrer Fantasie und schlie\u00dflich in ihren Kojen.<\/p>\n\n\n<p><center><div id=\"metaslider-id-8769\" style=\"max-width: 400px;\" class=\"ml-slider-3-109-0 metaslider metaslider-flex metaslider-8769 ml-slider ms-theme-default nav-hidden\" role=\"region\" aria-label=\"2022 Segeln Ostern Watereck\" data-height=\"266\" data-width=\"400\">\n    <div id=\"metaslider_container_8769\">\n        <div id=\"metaslider_8769\">\n            <ul class='slides'>\n                <li style=\"display: block; width: 100%;\" class=\"slide-8778 ms-image \" aria-roledescription=\"slide\" data-date=\"2022-05-17 13:43:20\" data-filename=\"1-400x266.jpg\" data-slide-type=\"image\"><img loading=\"lazy\" decoding=\"async\" src=\"https:\/\/www.jugendheimstaetten-duisburg.de\/wp-content\/uploads\/2022\/05\/1-400x266.jpg\" height=\"266\" width=\"400\" alt=\"\" class=\"slider-8769 slide-8778 msDefaultImage\" title=\"1\" \/><\/li>\n                <li style=\"display: none; width: 100%;\" class=\"slide-8779 ms-image \" aria-roledescription=\"slide\" data-date=\"2022-05-17 13:43:20\" data-filename=\"2-400x266.jpg\" data-slide-type=\"image\"><img loading=\"lazy\" decoding=\"async\" src=\"https:\/\/www.jugendheimstaetten-duisburg.de\/wp-content\/uploads\/2022\/05\/2-400x266.jpg\" height=\"266\" width=\"400\" alt=\"\" class=\"slider-8769 slide-8779 msDefaultImage\" title=\"2\" \/><\/li>\n                <li style=\"display: none; width: 100%;\" class=\"slide-8780 ms-image \" aria-roledescription=\"slide\" data-date=\"2022-05-17 13:43:20\" data-filename=\"3-400x266.jpg\" data-slide-type=\"image\"><img loading=\"lazy\" decoding=\"async\" src=\"https:\/\/www.jugendheimstaetten-duisburg.de\/wp-content\/uploads\/2022\/05\/3-400x266.jpg\" height=\"266\" width=\"400\" alt=\"\" class=\"slider-8769 slide-8780 msDefaultImage\" title=\"3\" \/><\/li>\n                <li style=\"display: none; width: 100%;\" class=\"slide-8781 ms-image \" aria-roledescription=\"slide\" data-date=\"2022-05-17 13:43:20\" data-filename=\"4-400x266.jpg\" data-slide-type=\"image\"><img loading=\"lazy\" decoding=\"async\" src=\"https:\/\/www.jugendheimstaetten-duisburg.de\/wp-content\/uploads\/2022\/05\/4-400x266.jpg\" height=\"266\" width=\"400\" alt=\"\" class=\"slider-8769 slide-8781 msDefaultImage\" title=\"4\" \/><\/li>\n                <li style=\"display: none; width: 100%;\" class=\"slide-8782 ms-image \" aria-roledescription=\"slide\" data-date=\"2022-05-17 13:43:20\" data-filename=\"5-400x266.jpg\" data-slide-type=\"image\"><img loading=\"lazy\" decoding=\"async\" src=\"https:\/\/www.jugendheimstaetten-duisburg.de\/wp-content\/uploads\/2022\/05\/5-400x266.jpg\" height=\"266\" width=\"400\" alt=\"\" class=\"slider-8769 slide-8782 msDefaultImage\" title=\"5\" \/><\/li>\n                <li style=\"display: none; width: 100%;\" class=\"slide-8783 ms-image \" aria-roledescription=\"slide\" data-date=\"2022-05-17 13:43:20\" data-filename=\"6-400x266.jpg\" data-slide-type=\"image\"><img loading=\"lazy\" decoding=\"async\" src=\"https:\/\/www.jugendheimstaetten-duisburg.de\/wp-content\/uploads\/2022\/05\/6-400x266.jpg\" height=\"266\" width=\"400\" alt=\"\" class=\"slider-8769 slide-8783 msDefaultImage\" title=\"6\" \/><\/li>\n                <li style=\"display: none; width: 100%;\" class=\"slide-8784 ms-image \" aria-roledescription=\"slide\" data-date=\"2022-05-17 13:43:20\" data-filename=\"7-400x266.jpg\" data-slide-type=\"image\"><img loading=\"lazy\" decoding=\"async\" src=\"https:\/\/www.jugendheimstaetten-duisburg.de\/wp-content\/uploads\/2022\/05\/7-400x266.jpg\" height=\"266\" width=\"400\" alt=\"\" class=\"slider-8769 slide-8784 msDefaultImage\" title=\"7\" \/><\/li>\n                <li style=\"display: none; width: 100%;\" class=\"slide-8785 ms-image \" aria-roledescription=\"slide\" data-date=\"2022-05-17 13:43:20\" data-filename=\"8-400x266.jpg\" data-slide-type=\"image\"><img loading=\"lazy\" decoding=\"async\" src=\"https:\/\/www.jugendheimstaetten-duisburg.de\/wp-content\/uploads\/2022\/05\/8-400x266.jpg\" height=\"266\" width=\"400\" alt=\"\" class=\"slider-8769 slide-8785 msDefaultImage\" title=\"8\" \/><\/li>\n            <\/ul>\n        <\/div>\n        \n    <\/div>\n<\/div><\/center><\/p>\n\n\n\n<p><em>Tag 3<\/em><\/p>\n\n\n\n<p>Nach einer ruhigen Nacht im Yachthafen von Medemblik erwachte die Crew erneut dank des Wetterberichts des Offiziers. Nach dem gemeinsamen Fr\u00fchst\u00fcck legte die Crew wieder Richtung Heimathafen in Andijk ab. Dieses Mal blas der Wind mit St\u00e4rke 5 in die Segel und der Wellengang war deutlich st\u00e4rker als an den Tagen zuvor. Langsam aber sicher schnitt sich das Boot mit ordentlicher Seitenlage schaukelnd durch die Wellen. Ziemlich z\u00fcgig zeigten zwei der Matrosen Anzeichen von Seekrankheit. Um dem entgegenzuwirken entschied sich ein Matrose dazu, sich das Fr\u00fchst\u00fcck erneut durch den Kopf gehen zu lassen und Kopf \u00fcber Bord die Fische zu f\u00fcttern. Die restliche Fahrt verlief ohne besondere Vorkommnisse und niemand ging \u00fcber Bord. In Andijk angelegt, nahm die Crew vor ihrem Landgang eine kleine St\u00e4rkung zu sich. Einige blieben an Bord, andere im Heimathafen und wieder andere begaben sich zum Einkaufen in einen Nachbarort. Beim gemeinsamen Abendessen wurde demokratischen entschieden, auch am letzten Abend Dungeons and Dragons zu spielen. Und so fand auch dieser sein Ende in der Fantasie der Crew.<\/p>\n\n\n\n<p><em>Tag 4<\/em><\/p>\n\n\n\n<p>Am Morgen des letzten Tages bereitete sich die Crew zur Abreise vor. Die Taschen wurden gepackt, das Deck geschrubbt, die Kojen gereinigt und die Segel gefaltet. Schlie\u00dflich fuhren sie in Richtung Heimat, als wohl sie einen kurzen Zwischenstopp in einem Outlet einlegten, um dort noch nach neuer Kleidung zu st\u00f6bern. Neu ausgestattet ging es nun wirklich heimw\u00e4rts. Zu Hause angekommen wartete auch schon das Abendessen auf sie und sie berichteten von ihren Erlebnissen auf See.<\/p>\n","protected":false},"excerpt":{"rendered":"<p>Tag 1 Nach einem gemeinsamen Fr\u00fchst\u00fcck machte sich die Crew, bestehend aus K\u00e4pt`n Jochen, Offizier Freddy und den Matrosen Gerrit, Timo, Yanis, Conner und Benny, \u00fcber den Landweg auf zum Heimathafen in Andijk. Auf dem Weg dorthin hielt sie in Medemblik, um sich mit Vorr\u00e4ten f\u00fcr auf See einzudecken. Am Mittag in Andijk angekommen wurden &hellip; <\/p>\n<p class=\"link-more\"><a href=\"https:\/\/www.jugendheimstaetten-duisburg.de\/?page_id=8767\" class=\"more-link\"><span class=\"screen-reader-text\">\u201eSegelfreizeit AWG Watereck\u201c <\/span>weiterlesen<\/a><\/p>\n","protected":false},"author":5,"featured_media":8768,"parent":0,"menu_order":0,"comment_status":"closed","ping_status":"closed","template":"","meta":{"footnotes":""},"class_list":["post-8767","page","type-page","status-publish","has-post-thumbnail","hentry"],"aioseo_notices":[],"_links":{"self":[{"href":"https:\/\/www.jugendheimstaetten-duisburg.de\/index.php?rest_route=\/wp\/v2\/pages\/8767","targetHints":{"allow":["GET"]}}],"collection":[{"href":"https:\/\/www.jugendheimstaetten-duisburg.de\/index.php?rest_route=\/wp\/v2\/pages"}],"about":[{"href":"https:\/\/www.jugendheimstaetten-duisburg.de\/index.php?rest_route=\/wp\/v2\/types\/page"}],"author":[{"embeddable":true,"href":"https:\/\/www.jugendheimstaetten-duisburg.de\/index.php?rest_route=\/wp\/v2\/users\/5"}],"replies":[{"embeddable":true,"href":"https:\/\/www.jugendheimstaetten-duisburg.de\/index.php?rest_route=%2Fwp%2Fv2%2Fcomments&post=8767"}],"version-history":[{"count":2,"href":"https:\/\/www.jugendheimstaetten-duisburg.de\/index.php?rest_route=\/wp\/v2\/pages\/8767\/revisions"}],"predecessor-version":[{"id":8787,"href":"https:\/\/www.jugendheimstaetten-duisburg.de\/index.php?rest_route=\/wp\/v2\/pages\/8767\/revisions\/8787"}],"wp:featuredmedia":[{"embeddable":true,"href":"https:\/\/www.jugendheimstaetten-duisburg.de\/index.php?rest_route=\/wp\/v2\/media\/8768"}],"wp:attachment":[{"href":"https:\/\/www.jugendheimstaetten-duisburg.de\/index.php?rest_route=%2Fwp%2Fv2%2Fmedia&parent=8767"}],"curies":[{"name":"wp","href":"https:\/\/api.w.org\/{rel}","templated":true}]}}