{"id":8851,"date":"2022-06-23T14:16:55","date_gmt":"2022-06-23T12:16:55","guid":{"rendered":"https:\/\/www.jugendheimstaetten-duisburg.de\/?page_id=8851"},"modified":"2022-06-23T14:22:34","modified_gmt":"2022-06-23T12:22:34","slug":"paddeln-pfingsten","status":"publish","type":"page","link":"https:\/\/www.jugendheimstaetten-duisburg.de\/?page_id=8851","title":{"rendered":"Paddel-Ausflug"},"content":{"rendered":"\n<p>Am Pfingstsamstag starteten alle im Haus der AWG Watereck mit einem gro\u00dfz\u00fcgigen Fr\u00fchst\u00fcck, um sich f\u00fcr die gro\u00dfe Tour zu st\u00e4rken.\u00a0 Nachdem alle wichtigen und unwichtigen Kleinigkeiten sicher verpackt und verstaut waren, wurden wir an unseren Startpunkten abgesetzt.<\/p>\n\n\n\n<p>Die wahren Paddler lie\u00dfen es sich nicht nehmen, die doppelte Strecke zu bezwingen und lie\u00dfen sich bereits in Schermbeck zu Wasser. Die \u201eSch\u00f6n Wetter Paddler\u201c lie\u00dfen sich in Krudenburg absetzen und paddelten die kurzen 10,5 km bis zum Zeltplatz an der Lippe. Die Paddelstrecke ist durch ihre Nat\u00fcrlichkeit und die Ruhe der perfekte Einstieg f\u00fcr so einen Wochenendtrip.<\/p>\n\n\n\n<p>Kurz hintereinander erreichten die Paddler das Camp und wir konnten unser Lager beziehen. Durch die tatkr\u00e4ftige Unterst\u00fctzung unserer Kollegen, die unsere Paddelzeit genutzt hatten, hatten wir ein wirklich tolles Pl\u00e4tzchen gefunden und verbrachten den sonnigen Nachmittag mit Fu\u00dfball, Wasserpistolen und Ausruhen. Am fr\u00fchen Abend sorgten die Grillmeister f\u00fcr unsere standesgem\u00e4\u00dfe Zeltplatzversorgung.<\/p>\n\n\n<p><\/p>\n<p><\/p><center><div id=\"metaslider-id-8828\" style=\"max-width: 400px;\" class=\"ml-slider-3-108-0 metaslider metaslider-flex metaslider-8828 ml-slider ms-theme-default nav-hidden\" role=\"region\" aria-label=\"2022 Paddeln\" data-height=\"266\" data-width=\"400\">\n    <div id=\"metaslider_container_8828\">\n        <div id=\"metaslider_8828\">\n            <ul class='slides'>\n                <li style=\"display: block; width: 100%;\" class=\"slide-8840 ms-image \" aria-roledescription=\"slide\" data-date=\"2022-06-23 14:15:36\" data-filename=\"1-1-400x266.jpg\" data-slide-type=\"image\"><img loading=\"lazy\" decoding=\"async\" src=\"https:\/\/www.jugendheimstaetten-duisburg.de\/wp-content\/uploads\/2022\/06\/1-1-400x266.jpg\" height=\"266\" width=\"400\" alt=\"\" class=\"slider-8828 slide-8840 msDefaultImage\" title=\"1\" \/><\/li>\n                <li style=\"display: none; width: 100%;\" class=\"slide-8841 ms-image \" aria-roledescription=\"slide\" data-date=\"2022-06-23 14:15:36\" data-filename=\"2-1-400x266.jpg\" data-slide-type=\"image\"><img loading=\"lazy\" decoding=\"async\" src=\"https:\/\/www.jugendheimstaetten-duisburg.de\/wp-content\/uploads\/2022\/06\/2-1-400x266.jpg\" height=\"266\" width=\"400\" alt=\"\" class=\"slider-8828 slide-8841 msDefaultImage\" title=\"2\" \/><\/li>\n                <li style=\"display: none; width: 100%;\" class=\"slide-8842 ms-image \" aria-roledescription=\"slide\" data-date=\"2022-06-23 14:15:36\" data-filename=\"3-1-400x266.jpg\" data-slide-type=\"image\"><img loading=\"lazy\" decoding=\"async\" src=\"https:\/\/www.jugendheimstaetten-duisburg.de\/wp-content\/uploads\/2022\/06\/3-1-400x266.jpg\" height=\"266\" width=\"400\" alt=\"\" class=\"slider-8828 slide-8842 msDefaultImage\" title=\"3\" \/><\/li>\n                <li style=\"display: none; width: 100%;\" class=\"slide-8843 ms-image \" aria-roledescription=\"slide\" data-date=\"2022-06-23 14:15:36\" data-filename=\"4-1-400x266.jpg\" data-slide-type=\"image\"><img loading=\"lazy\" decoding=\"async\" src=\"https:\/\/www.jugendheimstaetten-duisburg.de\/wp-content\/uploads\/2022\/06\/4-1-400x266.jpg\" height=\"266\" width=\"400\" alt=\"\" class=\"slider-8828 slide-8843 msDefaultImage\" title=\"4\" \/><\/li>\n                <li style=\"display: none; width: 100%;\" class=\"slide-8844 ms-image \" aria-roledescription=\"slide\" data-date=\"2022-06-23 14:15:36\" data-filename=\"5-1-400x266.jpg\" data-slide-type=\"image\"><img loading=\"lazy\" decoding=\"async\" src=\"https:\/\/www.jugendheimstaetten-duisburg.de\/wp-content\/uploads\/2022\/06\/5-1-400x266.jpg\" height=\"266\" width=\"400\" alt=\"\" class=\"slider-8828 slide-8844 msDefaultImage\" title=\"5\" \/><\/li>\n                <li style=\"display: none; width: 100%;\" class=\"slide-8845 ms-image \" aria-roledescription=\"slide\" data-date=\"2022-06-23 14:15:36\" data-filename=\"6-1-400x266.jpg\" data-slide-type=\"image\"><img loading=\"lazy\" decoding=\"async\" src=\"https:\/\/www.jugendheimstaetten-duisburg.de\/wp-content\/uploads\/2022\/06\/6-1-400x266.jpg\" height=\"266\" width=\"400\" alt=\"\" class=\"slider-8828 slide-8845 msDefaultImage\" title=\"6\" \/><\/li>\n                <li style=\"display: none; width: 100%;\" class=\"slide-8846 ms-image \" aria-roledescription=\"slide\" data-date=\"2022-06-23 14:15:36\" data-filename=\"7-1-400x266.jpg\" data-slide-type=\"image\"><img loading=\"lazy\" decoding=\"async\" src=\"https:\/\/www.jugendheimstaetten-duisburg.de\/wp-content\/uploads\/2022\/06\/7-1-400x266.jpg\" height=\"266\" width=\"400\" alt=\"\" class=\"slider-8828 slide-8846 msDefaultImage\" title=\"7\" \/><\/li>\n                <li style=\"display: none; width: 100%;\" class=\"slide-8847 ms-image \" aria-roledescription=\"slide\" data-date=\"2022-06-23 14:15:36\" data-filename=\"8-1-400x266.jpg\" data-slide-type=\"image\"><img loading=\"lazy\" decoding=\"async\" src=\"https:\/\/www.jugendheimstaetten-duisburg.de\/wp-content\/uploads\/2022\/06\/8-1-400x266.jpg\" height=\"266\" width=\"400\" alt=\"\" class=\"slider-8828 slide-8847 msDefaultImage\" title=\"8\" \/><\/li>\n                <li style=\"display: none; width: 100%;\" class=\"slide-8848 ms-image \" aria-roledescription=\"slide\" data-date=\"2022-06-23 14:15:36\" data-filename=\"9-1-400x266.jpg\" data-slide-type=\"image\"><img loading=\"lazy\" decoding=\"async\" src=\"https:\/\/www.jugendheimstaetten-duisburg.de\/wp-content\/uploads\/2022\/06\/9-1-400x266.jpg\" height=\"266\" width=\"400\" alt=\"\" class=\"slider-8828 slide-8848 msDefaultImage\" title=\"9\" \/><\/li>\n                <li style=\"display: none; width: 100%;\" class=\"slide-8849 ms-image \" aria-roledescription=\"slide\" data-date=\"2022-06-23 14:15:36\" data-filename=\"10-1-400x266.jpg\" data-slide-type=\"image\"><img loading=\"lazy\" decoding=\"async\" src=\"https:\/\/www.jugendheimstaetten-duisburg.de\/wp-content\/uploads\/2022\/06\/10-1-400x266.jpg\" height=\"266\" width=\"400\" alt=\"\" class=\"slider-8828 slide-8849 msDefaultImage\" title=\"10\" \/><\/li>\n                <li style=\"display: none; width: 100%;\" class=\"slide-8850 ms-image \" aria-roledescription=\"slide\" data-date=\"2022-06-23 14:15:36\" data-filename=\"11-1-400x266.jpg\" data-slide-type=\"image\"><img loading=\"lazy\" decoding=\"async\" src=\"https:\/\/www.jugendheimstaetten-duisburg.de\/wp-content\/uploads\/2022\/06\/11-1-400x266.jpg\" height=\"266\" width=\"400\" alt=\"\" class=\"slider-8828 slide-8850 msDefaultImage\" title=\"11\" \/><\/li>\n            <\/ul>\n        <\/div>\n        \n    <\/div>\n<\/div><\/center><p><\/p>\n\n\n<p>Gut gest\u00e4rkt waren nochmal eine Runde Schwimmen und einige Runden Spa\u00df angesagt. Am Abend sa\u00dfen wir bei einem gem\u00fctlichen Lagerfeuer zusammen, welches ein ganz besonderer Tagesabschluss war. W\u00e4hrend die Marshmallows der Lagerfeuerstimmung den letzten Schliff verpassten, gab es ein farbenfrohes Feuer. In den sch\u00f6nsten Blau- und Gr\u00fcnt\u00f6nen leuchtete das Feuer und sorgte somit f\u00fcr die letzten aufregenden Momente im Camp.<\/p>\n\n\n\n<p>Sonntag starteten wir mit einem gemeinsamen Fr\u00fchst\u00fcck in den Tag. Dann gings ab auf die Lippe, wo wir Kanu-Ball spielten. Wir k\u00e4mpften ganz sch\u00f6n gegen die Str\u00f6mung an, was f\u00fcr gute Laune, viel Hunger und schwere Arme sorgte. Zur Belohnung gab es Spaghetti \u00e0 la Zeltplatz, wobei die Knoblauchmenge in der Tomatenso\u00dfe vorrangig der M\u00fcckenabschreckung diente. Am Nachmittag spielten wir UNO und Fu\u00dfball. Kurzfristig konnten wir neue Mitcamper begr\u00fc\u00dfen, denn pl\u00f6tzlich wuchs unsere Gruppe um ca. 25 Mini Fr\u00f6sche.<\/p>\n\n\n\n<p>Gegen Abend war pl\u00f6tzlich ein trockenes Zelt zum h\u00f6chsten Gut geworden. Trotz Regen lie\u00dfen wir uns aber nicht den Spa\u00df nehmen. Wir bleiben n\u00e4mlich auch bei str\u00f6menden Regen ganz cool. Nach dem kurzen, aber heftigen Regen war wieder Lagerfeuerstimmung angesagt und ein kl\u00e4rendes Gespr\u00e4ch mit dem Regengott. Vom Feuer gew\u00e4rmt und den Marshmallows ges\u00e4ttigt, gingen alle m\u00fcden Paddler zufrieden in die mittlerweile getrockneten Zelte, um dort mit schweren Armen und l\u00e4chelnden Gesichtern einzuschlafen.<\/p>\n\n\n\n<p>Am Montag ging es nach einer kurzen, aber sch\u00f6nen Auszeit mit Wiederholungsbedarf wieder zur\u00fcck in den Alltag.<\/p>\n","protected":false},"excerpt":{"rendered":"<p>Am Pfingstsamstag starteten alle im Haus der AWG Watereck mit einem gro\u00dfz\u00fcgigen Fr\u00fchst\u00fcck, um sich f\u00fcr die gro\u00dfe Tour zu st\u00e4rken.\u00a0 Nachdem alle wichtigen und unwichtigen Kleinigkeiten sicher verpackt und verstaut waren, wurden wir an unseren Startpunkten abgesetzt. Die wahren Paddler lie\u00dfen es sich nicht nehmen, die doppelte Strecke zu bezwingen und lie\u00dfen sich bereits &hellip; <\/p>\n<p class=\"link-more\"><a href=\"https:\/\/www.jugendheimstaetten-duisburg.de\/?page_id=8851\" class=\"more-link\"><span class=\"screen-reader-text\">\u201ePaddel-Ausflug\u201c <\/span>weiterlesen<\/a><\/p>\n","protected":false},"author":5,"featured_media":8852,"parent":0,"menu_order":0,"comment_status":"closed","ping_status":"closed","template":"","meta":{"footnotes":""},"class_list":["post-8851","page","type-page","status-publish","has-post-thumbnail","hentry"],"aioseo_notices":[],"_links":{"self":[{"href":"https:\/\/www.jugendheimstaetten-duisburg.de\/index.php?rest_route=\/wp\/v2\/pages\/8851","targetHints":{"allow":["GET"]}}],"collection":[{"href":"https:\/\/www.jugendheimstaetten-duisburg.de\/index.php?rest_route=\/wp\/v2\/pages"}],"about":[{"href":"https:\/\/www.jugendheimstaetten-duisburg.de\/index.php?rest_route=\/wp\/v2\/types\/page"}],"author":[{"embeddable":true,"href":"https:\/\/www.jugendheimstaetten-duisburg.de\/index.php?rest_route=\/wp\/v2\/users\/5"}],"replies":[{"embeddable":true,"href":"https:\/\/www.jugendheimstaetten-duisburg.de\/index.php?rest_route=%2Fwp%2Fv2%2Fcomments&post=8851"}],"version-history":[{"count":3,"href":"https:\/\/www.jugendheimstaetten-duisburg.de\/index.php?rest_route=\/wp\/v2\/pages\/8851\/revisions"}],"predecessor-version":[{"id":8858,"href":"https:\/\/www.jugendheimstaetten-duisburg.de\/index.php?rest_route=\/wp\/v2\/pages\/8851\/revisions\/8858"}],"wp:featuredmedia":[{"embeddable":true,"href":"https:\/\/www.jugendheimstaetten-duisburg.de\/index.php?rest_route=\/wp\/v2\/media\/8852"}],"wp:attachment":[{"href":"https:\/\/www.jugendheimstaetten-duisburg.de\/index.php?rest_route=%2Fwp%2Fv2%2Fmedia&parent=8851"}],"curies":[{"name":"wp","href":"https:\/\/api.w.org\/{rel}","templated":true}]}}