{"id":9335,"date":"2024-05-01T12:02:35","date_gmt":"2024-05-01T10:02:35","guid":{"rendered":"https:\/\/www.jugendheimstaetten-duisburg.de\/?page_id=9335"},"modified":"2024-05-01T12:02:36","modified_gmt":"2024-05-01T10:02:36","slug":"ein-monstermaessiger-ausflug","status":"publish","type":"page","link":"https:\/\/www.jugendheimstaetten-duisburg.de\/?page_id=9335","title":{"rendered":"Ein Monsterm\u00e4\u00dfiger Ausflug"},"content":{"rendered":"\n<p>Sonntagmittag: Britta kommt zum Dienst, alle sind schon gespannt und sitzen in den Startl\u00f6chern, aber es war erst 12 Uhr. Verabredet waren alle f\u00fcr 15:15 Uhr. Doch das hielt die Gruppe nicht ab, schon mal vorbereitet zu sein. Die Gruppe wusste ja schlie\u00dflich wo es hingeht. An der nahegelegenen Trabrennbahn gab es eine Veranstaltung mit viel Sound und fahrerischem K\u00f6nnen. Durch den Veranstalter, von den Kinder sp\u00e4ter einfach nur Peter genannt, haben wir die M\u00f6glichkeit erhalten, an dieser spektakul\u00e4ren Show kostenlos teilzunehmen.<\/p>\n\n\n\n<p>Wir konnten bei Stunt Movie Production beeindruckende Vorf\u00fchrungen erleben, bei denen sie ihr K\u00f6nnen im Fahren von Autos, Motorr\u00e4dern und Monstertrucks unter Beweis stellten. Es gab eine Vielzahl an Aktionen, wie Feuershows und das Springen \u00fcber Autos oder Personen.<\/p>\n\n\n\n<p>In der Pause hatten wir die Gelegenheit, uns Alles in Ruhe anzusehen \u2013 ein Angebot, das wir nat\u00fcrlich gerne annahmen. Das Team sowie Peter erwiesen sich als \u00e4u\u00dferst zug\u00e4nglich, erl\u00e4uterten alle Details und bescherten uns einen fantastischen Nachmittag voller Nervenkitzel.<\/p>\n\n\n\n<p>Am Ende gab es noch Fotos mit Peter und seinem Team und &nbsp;ein Poster als Erinnerung. Zuhause wurden die Bilder noch einmal angesehen und Christian von der tollen Show erz\u00e4hlt. Sp\u00e4ter dann wurden alle Eintrittskarten und Autogramme stolz gezeigt, um dann in den Zimmern liebevoll dekoriert zu werden. Besonders die j\u00fcngeren Bewohner fanden den monsterm\u00e4\u00dfigen Ausflug sooooooooo tolll: \u201eDer Peter ist echt nett\u2026 und dann das Feuer.. und boa dann mit dem Monstertruck\u2026 dann bumm und einer ist vom Dach gefallen\u2026.aber boa das war einfach cool!!!\u201c<\/p>\n\n\n<center><div id=\"metaslider-id-9318\" style=\"max-width: 400px;\" class=\"ml-slider-3-108-0 metaslider metaslider-flex metaslider-9318 ml-slider ms-theme-default nav-hidden\" role=\"region\" aria-label=\"2024-Monster Truck\" data-height=\"266\" data-width=\"400\">\n    <div id=\"metaslider_container_9318\">\n        <div id=\"metaslider_9318\">\n            <ul class='slides'>\n                <li style=\"display: block; width: 100%;\" class=\"slide-9324 ms-image \" aria-roledescription=\"slide\" data-date=\"2024-05-01 11:58:15\" data-filename=\"1-1-400x266.jpg\" data-slide-type=\"image\"><img loading=\"lazy\" decoding=\"async\" src=\"https:\/\/www.jugendheimstaetten-duisburg.de\/wp-content\/uploads\/2024\/05\/1-1-400x266.jpg\" height=\"266\" width=\"400\" alt=\"\" class=\"slider-9318 slide-9324 msDefaultImage\" title=\"1\" \/><\/li>\n                <li style=\"display: none; width: 100%;\" class=\"slide-9325 ms-image \" aria-roledescription=\"slide\" data-date=\"2024-05-01 11:58:15\" data-filename=\"2-1-400x266.jpg\" data-slide-type=\"image\"><img loading=\"lazy\" decoding=\"async\" src=\"https:\/\/www.jugendheimstaetten-duisburg.de\/wp-content\/uploads\/2024\/05\/2-1-400x266.jpg\" height=\"266\" width=\"400\" alt=\"\" class=\"slider-9318 slide-9325 msDefaultImage\" title=\"2\" \/><\/li>\n                <li style=\"display: none; width: 100%;\" class=\"slide-9326 ms-image \" aria-roledescription=\"slide\" data-date=\"2024-05-01 11:58:15\" data-filename=\"3-1-400x266.jpg\" data-slide-type=\"image\"><img loading=\"lazy\" decoding=\"async\" src=\"https:\/\/www.jugendheimstaetten-duisburg.de\/wp-content\/uploads\/2024\/05\/3-1-400x266.jpg\" height=\"266\" width=\"400\" alt=\"\" class=\"slider-9318 slide-9326 msDefaultImage\" title=\"3\" \/><\/li>\n                <li style=\"display: none; width: 100%;\" class=\"slide-9327 ms-image \" aria-roledescription=\"slide\" data-date=\"2024-05-01 11:58:15\" data-filename=\"4-1-400x266.jpg\" data-slide-type=\"image\"><img loading=\"lazy\" decoding=\"async\" src=\"https:\/\/www.jugendheimstaetten-duisburg.de\/wp-content\/uploads\/2024\/05\/4-1-400x266.jpg\" height=\"266\" width=\"400\" alt=\"\" class=\"slider-9318 slide-9327 msDefaultImage\" title=\"4\" \/><\/li>\n                <li style=\"display: none; width: 100%;\" class=\"slide-9328 ms-image \" aria-roledescription=\"slide\" data-date=\"2024-05-01 11:58:15\" data-filename=\"5-1-400x266.jpg\" data-slide-type=\"image\"><img loading=\"lazy\" decoding=\"async\" src=\"https:\/\/www.jugendheimstaetten-duisburg.de\/wp-content\/uploads\/2024\/05\/5-1-400x266.jpg\" height=\"266\" width=\"400\" alt=\"\" class=\"slider-9318 slide-9328 msDefaultImage\" title=\"5\" \/><\/li>\n            <\/ul>\n        <\/div>\n        \n    <\/div>\n<\/div><\/center>","protected":false},"excerpt":{"rendered":"<p>Sonntagmittag: Britta kommt zum Dienst, alle sind schon gespannt und sitzen in den Startl\u00f6chern, aber es war erst 12 Uhr. Verabredet waren alle f\u00fcr 15:15 Uhr. Doch das hielt die Gruppe nicht ab, schon mal vorbereitet zu sein. Die Gruppe wusste ja schlie\u00dflich wo es hingeht. An der nahegelegenen Trabrennbahn gab es eine Veranstaltung mit &hellip; <\/p>\n<p class=\"link-more\"><a href=\"https:\/\/www.jugendheimstaetten-duisburg.de\/?page_id=9335\" class=\"more-link\"><span class=\"screen-reader-text\">\u201eEin Monsterm\u00e4\u00dfiger Ausflug\u201c <\/span>weiterlesen<\/a><\/p>\n","protected":false},"author":5,"featured_media":9331,"parent":0,"menu_order":0,"comment_status":"closed","ping_status":"closed","template":"","meta":{"footnotes":""},"class_list":["post-9335","page","type-page","status-publish","has-post-thumbnail","hentry"],"aioseo_notices":[],"_links":{"self":[{"href":"https:\/\/www.jugendheimstaetten-duisburg.de\/index.php?rest_route=\/wp\/v2\/pages\/9335","targetHints":{"allow":["GET"]}}],"collection":[{"href":"https:\/\/www.jugendheimstaetten-duisburg.de\/index.php?rest_route=\/wp\/v2\/pages"}],"about":[{"href":"https:\/\/www.jugendheimstaetten-duisburg.de\/index.php?rest_route=\/wp\/v2\/types\/page"}],"author":[{"embeddable":true,"href":"https:\/\/www.jugendheimstaetten-duisburg.de\/index.php?rest_route=\/wp\/v2\/users\/5"}],"replies":[{"embeddable":true,"href":"https:\/\/www.jugendheimstaetten-duisburg.de\/index.php?rest_route=%2Fwp%2Fv2%2Fcomments&post=9335"}],"version-history":[{"count":1,"href":"https:\/\/www.jugendheimstaetten-duisburg.de\/index.php?rest_route=\/wp\/v2\/pages\/9335\/revisions"}],"predecessor-version":[{"id":9336,"href":"https:\/\/www.jugendheimstaetten-duisburg.de\/index.php?rest_route=\/wp\/v2\/pages\/9335\/revisions\/9336"}],"wp:featuredmedia":[{"embeddable":true,"href":"https:\/\/www.jugendheimstaetten-duisburg.de\/index.php?rest_route=\/wp\/v2\/media\/9331"}],"wp:attachment":[{"href":"https:\/\/www.jugendheimstaetten-duisburg.de\/index.php?rest_route=%2Fwp%2Fv2%2Fmedia&parent=9335"}],"curies":[{"name":"wp","href":"https:\/\/api.w.org\/{rel}","templated":true}]}}