{"id":9452,"date":"2024-09-01T19:10:46","date_gmt":"2024-09-01T17:10:46","guid":{"rendered":"https:\/\/www.jugendheimstaetten-duisburg.de\/?page_id=9452"},"modified":"2024-09-01T19:10:47","modified_gmt":"2024-09-01T17:10:47","slug":"sommerferien-awg-watereck","status":"publish","type":"page","link":"https:\/\/www.jugendheimstaetten-duisburg.de\/?page_id=9452","title":{"rendered":"Sommerferien AWG-Watereck"},"content":{"rendered":"\n<p>Wir &#8211; die AWG-Waterck &#8211; hatten Sommerferien! Letzter Schultag, 8 Juli. H\u00e4nde hoch, Ferien! Alle kamen stolz mit ihren Zeugnissen und freuten sich, dass nun die Ferien beginnen. Es wurde geschw\u00e4rmt von Chillen, Ausschlafen und Freizeit.<\/p>\n\n\n\n<p>Wir mussten auch erstmal die Ferienstimmung laden. In der ersten Woche verbrachten wir zusammen den Start in die Ferien und genossen ein, zwei reichhaltige Fr\u00fchst\u00fccke und gingen ins Schwimmbad. Abends hielten wir uns lange wach und sa\u00dfen gem\u00fctlich im Garten oder schauten einen Film. Entspannung pur. Einige von den Kids gingen schon in die Abmeldung und genossen dort den Ferienstart.<\/p>\n\n\n\n<p>Ein Shopping Day mit Sarah und Britta leitete die Urlaubsstimmung ein. Im Burgers Zoo gab es mit Sarah und Freddy zudem viel zu sehen und zu laufen. Am Abend sind wir m\u00fcde ins Bett gefallen. Auch im Alma Park hatten wir viel Spa\u00df. Haben gespielt, uns ausgetobt und unsere Grenzen getestet.<\/p>\n\n\n\n<p>Ab an die Nordsee hie\u00df es mit Irene und Leandra. Dort konnten wir viele spannende und unvergessliche Erinnerungen sammeln. Wir waren zusammen in einer Seehundstation, haben eine Wattwanderung gemacht und einfach das Meer genossen. Nach sieben Tagen wurden die Erinnerungen und das Urlaubsgef\u00fchl in unsere Koffer gepackt und mit nach Hause genommen.<\/p>\n\n\n\n<p>Bis jetzt war alles sch\u00f6n, auch wenn es manchmal anstrengend war. Als wir wieder zu Hause waren, mussten wir zuerst die Koffer auspacken und viele W\u00e4scheberge waschen. Sowas Anstrengendes in den Ferien, puh!<\/p>\n\n\n\n<p>Wo kann man aber besser entspannen als beim Schwimmen? Das haben wir in den Ferien viel gemacht.<\/p>\n\n\n\n<p>Im Haus an der Watereckstra\u00dfe gab es verschiedene Spiele, im Garten wurde ein Feuer gemacht und bei schlechtem Wetter wurden Filmabende angeboten. All das hat zur Entspannung aller beigetragen.<\/p>\n\n\n\n<p>Ein Besuch im Aqua Land K\u00f6ln sollte man sich nicht entgehen lassen! W\u00e4hrend Schwimmen immer Spa\u00df macht, hebt sich dieses Erlebnis besonders hervor und wird zu einem unvergesslichen H\u00f6hepunkt der Ferien.<\/p>\n\n\n\n<p>Das Ballon Museum in D\u00fcsseldorf war am Ende der Ferien ein sehr gelungener Abschluss. Alle Kids waren dabei. Und es war soooooooooo sch\u00f6\u00f6\u00f6\u00f6\u00f6\u00f6n\u2026\u2026\u2026\u2026.!!!!!<\/p>\n","protected":false},"excerpt":{"rendered":"<p>Wir &#8211; die AWG-Waterck &#8211; hatten Sommerferien! Letzter Schultag, 8 Juli. H\u00e4nde hoch, Ferien! Alle kamen stolz mit ihren Zeugnissen und freuten sich, dass nun die Ferien beginnen. Es wurde geschw\u00e4rmt von Chillen, Ausschlafen und Freizeit. Wir mussten auch erstmal die Ferienstimmung laden. In der ersten Woche verbrachten wir zusammen den Start in die Ferien &hellip; <\/p>\n<p class=\"link-more\"><a href=\"https:\/\/www.jugendheimstaetten-duisburg.de\/?page_id=9452\" class=\"more-link\"><span class=\"screen-reader-text\">\u201eSommerferien AWG-Watereck\u201c <\/span>weiterlesen<\/a><\/p>\n","protected":false},"author":5,"featured_media":0,"parent":0,"menu_order":0,"comment_status":"closed","ping_status":"closed","template":"","meta":{"footnotes":""},"class_list":["post-9452","page","type-page","status-publish","hentry"],"aioseo_notices":[],"_links":{"self":[{"href":"https:\/\/www.jugendheimstaetten-duisburg.de\/index.php?rest_route=\/wp\/v2\/pages\/9452","targetHints":{"allow":["GET"]}}],"collection":[{"href":"https:\/\/www.jugendheimstaetten-duisburg.de\/index.php?rest_route=\/wp\/v2\/pages"}],"about":[{"href":"https:\/\/www.jugendheimstaetten-duisburg.de\/index.php?rest_route=\/wp\/v2\/types\/page"}],"author":[{"embeddable":true,"href":"https:\/\/www.jugendheimstaetten-duisburg.de\/index.php?rest_route=\/wp\/v2\/users\/5"}],"replies":[{"embeddable":true,"href":"https:\/\/www.jugendheimstaetten-duisburg.de\/index.php?rest_route=%2Fwp%2Fv2%2Fcomments&post=9452"}],"version-history":[{"count":1,"href":"https:\/\/www.jugendheimstaetten-duisburg.de\/index.php?rest_route=\/wp\/v2\/pages\/9452\/revisions"}],"predecessor-version":[{"id":9453,"href":"https:\/\/www.jugendheimstaetten-duisburg.de\/index.php?rest_route=\/wp\/v2\/pages\/9452\/revisions\/9453"}],"wp:attachment":[{"href":"https:\/\/www.jugendheimstaetten-duisburg.de\/index.php?rest_route=%2Fwp%2Fv2%2Fmedia&parent=9452"}],"curies":[{"name":"wp","href":"https:\/\/api.w.org\/{rel}","templated":true}]}}