{"id":9515,"date":"2024-09-05T15:49:18","date_gmt":"2024-09-05T13:49:18","guid":{"rendered":"https:\/\/www.jugendheimstaetten-duisburg.de\/?page_id=9515"},"modified":"2024-09-05T15:53:57","modified_gmt":"2024-09-05T13:53:57","slug":"sommerfest-im-haupthaus-2024-wir-die-awg-waterck-waren-dabei","status":"publish","type":"page","link":"https:\/\/www.jugendheimstaetten-duisburg.de\/?page_id=9515","title":{"rendered":"Sommerfest im Haupthaus 2024: Wir \u2013 die AWG-Watereck &#8211; waren dabei!"},"content":{"rendered":"\n<p>Die Prognosen f\u00fcr das Wetter waren positiv und man hatte sich bereits in der Woche um die Organisation des Sommerfests im Haupthaus&nbsp;gek\u00fcmmert. Die Einladung klang super: Slush-Eis, Popcorn, Grillen, eine Kletterwand und noch viel mehr. Die letzte Besprechung im Team und mit den Kindern fand am Mittwoch statt: Wer ist dabei und wann kommt jeder?<\/p>\n\n\n\n<p>F\u00fcr Freitag waren Sarah und Britta als Vorreiter vorgesehen. Sie brachten Kuchen sowie einige coole Sachen f\u00fcr ihren Stand mit und hatten durch Flamingo Ingo \u2013 das Symbol der Watereck \u2013 ein St\u00fcck Sommer im Gep\u00e4ck; er durfte am Stand auf keinen Fall fehlen.<\/p>\n\n\n\n<p>Wir erhielten wie gewohnt im Haupthaus einen herzlichen Empfang. Simone verteilte die Mitarbeiterschilder und Britta war besonders stolz darauf, seit vielen Jahren zur Familie der Jugendheimst\u00e4tten zu geh\u00f6ren \u2013 nun jedoch in einer neuen Rolle.<\/p>\n\n<center><div id=\"metaslider-id-9500\" style=\"max-width: 400px;\" class=\"ml-slider-3-108-0 metaslider metaslider-flex metaslider-9500 ml-slider ms-theme-default nav-hidden\" role=\"region\" aria-label=\"2024 Sommerfest\" data-height=\"266\" data-width=\"400\">\n    <div id=\"metaslider_container_9500\">\n        <div id=\"metaslider_9500\">\n            <ul class='slides'>\n                <li style=\"display: block; width: 100%;\" class=\"slide-9508 ms-image \" aria-roledescription=\"slide\" data-date=\"2024-09-05 15:47:06\" data-filename=\"1-1-400x266.jpg\" data-slide-type=\"image\"><img loading=\"lazy\" decoding=\"async\" src=\"https:\/\/www.jugendheimstaetten-duisburg.de\/wp-content\/uploads\/2024\/09\/1-1-400x266.jpg\" height=\"266\" width=\"400\" alt=\"\" class=\"slider-9500 slide-9508 msDefaultImage\" title=\"1\" \/><\/li>\n                <li style=\"display: none; width: 100%;\" class=\"slide-9509 ms-image \" aria-roledescription=\"slide\" data-date=\"2024-09-05 15:47:07\" data-filename=\"2-1-400x266.jpg\" data-slide-type=\"image\"><img loading=\"lazy\" decoding=\"async\" src=\"https:\/\/www.jugendheimstaetten-duisburg.de\/wp-content\/uploads\/2024\/09\/2-1-400x266.jpg\" height=\"266\" width=\"400\" alt=\"\" class=\"slider-9500 slide-9509 msDefaultImage\" title=\"2\" \/><\/li>\n                <li style=\"display: none; width: 100%;\" class=\"slide-9510 ms-image \" aria-roledescription=\"slide\" data-date=\"2024-09-05 15:47:07\" data-filename=\"3-1-400x266.jpg\" data-slide-type=\"image\"><img loading=\"lazy\" decoding=\"async\" src=\"https:\/\/www.jugendheimstaetten-duisburg.de\/wp-content\/uploads\/2024\/09\/3-1-400x266.jpg\" height=\"266\" width=\"400\" alt=\"\" class=\"slider-9500 slide-9510 msDefaultImage\" title=\"3\" \/><\/li>\n                <li style=\"display: none; width: 100%;\" class=\"slide-9511 ms-image \" aria-roledescription=\"slide\" data-date=\"2024-09-05 15:47:07\" data-filename=\"4-1-400x266.jpg\" data-slide-type=\"image\"><img loading=\"lazy\" decoding=\"async\" src=\"https:\/\/www.jugendheimstaetten-duisburg.de\/wp-content\/uploads\/2024\/09\/4-1-400x266.jpg\" height=\"266\" width=\"400\" alt=\"\" class=\"slider-9500 slide-9511 msDefaultImage\" title=\"4\" \/><\/li>\n                <li style=\"display: none; width: 100%;\" class=\"slide-9512 ms-image \" aria-roledescription=\"slide\" data-date=\"2024-09-05 15:47:07\" data-filename=\"5-1-400x266.jpg\" data-slide-type=\"image\"><img loading=\"lazy\" decoding=\"async\" src=\"https:\/\/www.jugendheimstaetten-duisburg.de\/wp-content\/uploads\/2024\/09\/5-1-400x266.jpg\" height=\"266\" width=\"400\" alt=\"\" class=\"slider-9500 slide-9512 msDefaultImage\" title=\"5\" \/><\/li>\n                <li style=\"display: none; width: 100%;\" class=\"slide-9513 ms-image \" aria-roledescription=\"slide\" data-date=\"2024-09-05 15:47:07\" data-filename=\"6-1-400x266.jpg\" data-slide-type=\"image\"><img loading=\"lazy\" decoding=\"async\" src=\"https:\/\/www.jugendheimstaetten-duisburg.de\/wp-content\/uploads\/2024\/09\/6-1-400x266.jpg\" height=\"266\" width=\"400\" alt=\"\" class=\"slider-9500 slide-9513 msDefaultImage\" title=\"6\" \/><\/li>\n                <li style=\"display: none; width: 100%;\" class=\"slide-9514 ms-image \" aria-roledescription=\"slide\" data-date=\"2024-09-05 15:47:07\" data-filename=\"7-1-400x266.jpg\" data-slide-type=\"image\"><img loading=\"lazy\" decoding=\"async\" src=\"https:\/\/www.jugendheimstaetten-duisburg.de\/wp-content\/uploads\/2024\/09\/7-1-400x266.jpg\" height=\"266\" width=\"400\" alt=\"\" class=\"slider-9500 slide-9514 msDefaultImage\" title=\"7\" \/><\/li>\n            <\/ul>\n        <\/div>\n        \n    <\/div>\n<\/div><\/center>\n<\/p>\n\n<p>Die AWG Watereck war an diesem Tag mit allen Kindern vertreten. Am Stand gab es unz\u00e4hlige Tattoos und gen\u00fcgend Schl\u00fcsselb\u00e4nder in coolem Design. Auch die Angebote des Haupthauses waren sehr beliebt, nicht nur bei den Menschen aus Watereck. Auch f\u00fcr Freunde, Familie und alle anderen, die an diesem tollen Nachmittag dabei waren. Es wurde gespielt, herumgetollt und gegessen. Bei all der Anstrengung war es gut, dass Flamingo Ingo uns zur Seite stand und wir uns bei ihm erholen konnten.<\/p>\n\n\n\n<p>Herzlichen Dank von der AWG&nbsp;Watereck&nbsp;f\u00fcr einen fantastischen Nachmittag! Ein gro\u00dfes Lob geht an&nbsp;Simone, Jochen, Kalle und das gesamte Team im Haupthaus auf der Zeppelinstra\u00dfe f\u00fcr die tolle&nbsp;Vorbereitung und den Ablauf.<\/p>\n","protected":false},"excerpt":{"rendered":"<p>Die Prognosen f\u00fcr das Wetter waren positiv und man hatte sich bereits in der Woche um die Organisation des Sommerfests im Haupthaus&nbsp;gek\u00fcmmert. Die Einladung klang super: Slush-Eis, Popcorn, Grillen, eine Kletterwand und noch viel mehr. Die letzte Besprechung im Team und mit den Kindern fand am Mittwoch statt: Wer ist dabei und wann kommt jeder? &hellip; <\/p>\n<p class=\"link-more\"><a href=\"https:\/\/www.jugendheimstaetten-duisburg.de\/?page_id=9515\" class=\"more-link\"><span class=\"screen-reader-text\">\u201eSommerfest im Haupthaus 2024: Wir \u2013 die AWG-Watereck &#8211; waren dabei!\u201c <\/span>weiterlesen<\/a><\/p>\n","protected":false},"author":5,"featured_media":9517,"parent":0,"menu_order":0,"comment_status":"closed","ping_status":"closed","template":"","meta":{"footnotes":""},"class_list":["post-9515","page","type-page","status-publish","has-post-thumbnail","hentry"],"aioseo_notices":[],"_links":{"self":[{"href":"https:\/\/www.jugendheimstaetten-duisburg.de\/index.php?rest_route=\/wp\/v2\/pages\/9515","targetHints":{"allow":["GET"]}}],"collection":[{"href":"https:\/\/www.jugendheimstaetten-duisburg.de\/index.php?rest_route=\/wp\/v2\/pages"}],"about":[{"href":"https:\/\/www.jugendheimstaetten-duisburg.de\/index.php?rest_route=\/wp\/v2\/types\/page"}],"author":[{"embeddable":true,"href":"https:\/\/www.jugendheimstaetten-duisburg.de\/index.php?rest_route=\/wp\/v2\/users\/5"}],"replies":[{"embeddable":true,"href":"https:\/\/www.jugendheimstaetten-duisburg.de\/index.php?rest_route=%2Fwp%2Fv2%2Fcomments&post=9515"}],"version-history":[{"count":4,"href":"https:\/\/www.jugendheimstaetten-duisburg.de\/index.php?rest_route=\/wp\/v2\/pages\/9515\/revisions"}],"predecessor-version":[{"id":9523,"href":"https:\/\/www.jugendheimstaetten-duisburg.de\/index.php?rest_route=\/wp\/v2\/pages\/9515\/revisions\/9523"}],"wp:featuredmedia":[{"embeddable":true,"href":"https:\/\/www.jugendheimstaetten-duisburg.de\/index.php?rest_route=\/wp\/v2\/media\/9517"}],"wp:attachment":[{"href":"https:\/\/www.jugendheimstaetten-duisburg.de\/index.php?rest_route=%2Fwp%2Fv2%2Fmedia&parent=9515"}],"curies":[{"name":"wp","href":"https:\/\/api.w.org\/{rel}","templated":true}]}}