{"id":9557,"date":"2024-12-28T14:18:54","date_gmt":"2024-12-28T13:18:54","guid":{"rendered":"https:\/\/www.jugendheimstaetten-duisburg.de\/?page_id=9557"},"modified":"2024-12-28T14:24:19","modified_gmt":"2024-12-28T13:24:19","slug":"die-awg-watereck-macht-urlaub-in-lieberhausen","status":"publish","type":"page","link":"https:\/\/www.jugendheimstaetten-duisburg.de\/?page_id=9557","title":{"rendered":"Die AWG Watereck macht Urlaub in Lieberhausen"},"content":{"rendered":"\n<p>Vor der Abfahrt am 21. Oktober 2024 haben wir beim leckeren Fr\u00fchst\u00fcck nochmal kurz unsere&nbsp;Pl\u00e4ne besprochen, wie wir die sch\u00f6nen Tage verbringen wollen. Das Ergebnis war, dass wir etwas sehen und erleben m\u00f6chten, aber gutes Essen und Entspannung auch wichtig sind. Jetzt waren alle bereit, alles und alle in den Transit zu packen und die Reise konnte&nbsp;beginnen.<\/p>\n\n\n\n<p>Nach kurzem Ankommen sind wir auch direkt f\u00fcr die Woche einkaufen gegangen, haben alles einger\u00e4umt und dann gab es eine richtige Brotzeit. Nach ein paar Spielen, einer Pause und einer Lichtershow im Wohnzimmer sind wir sp\u00e4ter noch einmal losgegangen. Erlebnisp\u00e4dagogik-Spielplatz-Vibes gab es&nbsp;nur f\u00fcr ungef\u00e4hr einer Stunde, dann war es auch ausreichend, wir gingen zur\u00fcck ins Haus und genossen eine entspannte Zeit.<\/p>\n\n\n<div class=\"wp-block-image\">\n<figure class=\"aligncenter size-full is-resized\"><a href=\"https:\/\/www.jugendheimstaetten-duisburg.de\/wp-content\/uploads\/2024\/12\/Bild-2.jpg\"><img loading=\"lazy\" decoding=\"async\" width=\"800\" height=\"532\" src=\"https:\/\/www.jugendheimstaetten-duisburg.de\/wp-content\/uploads\/2024\/12\/Bild-2.jpg\" alt=\"\" class=\"wp-image-9539\" style=\"object-fit:cover;width:400px;height:266px\" srcset=\"https:\/\/www.jugendheimstaetten-duisburg.de\/wp-content\/uploads\/2024\/12\/Bild-2.jpg 800w, https:\/\/www.jugendheimstaetten-duisburg.de\/wp-content\/uploads\/2024\/12\/Bild-2-300x200.jpg 300w, https:\/\/www.jugendheimstaetten-duisburg.de\/wp-content\/uploads\/2024\/12\/Bild-2-768x511.jpg 768w, https:\/\/www.jugendheimstaetten-duisburg.de\/wp-content\/uploads\/2024\/12\/Bild-2-400x266.jpg 400w\" sizes=\"auto, (max-width: 767px) 89vw, (max-width: 1000px) 54vw, (max-width: 1071px) 543px, 580px\" \/><\/a><\/figure>\n<\/div>\n\n\n<p>Es war der zweite Urlaubstag und wir setzen ihn gem\u00e4chlich fort mit einem angenehmen Fr\u00fchst\u00fcck. Nach einer kurzen Besprechung dar\u00fcber, was wir heute unternehmen m\u00f6chten und in welcher Reihenfolge, waren wir uns einig: Zuerst haben wir einige Spiele im Haus gespielt und alles vorbereitet. Neben Musik mit Britta gab es \u201ewer ist Vader Abraham\u201c, Gebr\u00fcder Blattschuss, Fred Sonnenschein und vieles mehr.<\/p>\n\n\n\n<p>Um 14 Uhr gab es dann das Gulasch, das bereits seit dem Vortag auf dem Herd stand. Der bet\u00f6rende Duft zog jeden in seinen Bann. Nach dem Mittagessen wurde sich f\u00fcr die Eishalle herausgeputzt. Dann ging es richtig los.<\/p>\n\n\n\n<p>Es war wirklich entt\u00e4uschend, dass die Eishalle nicht ge\u00f6ffnet hatte. Sie hatten Sarah erz\u00e4hlt, dass sie offen haben. Was k\u00f6nnen wir jetzt tun? Es gab noch eine andere Halle hier in der N\u00e4he \u2013 aber auch die hatte zu. Wir gingen in den Hexenbusch, obwohl niemand wirklich begeistert war. Aber Britta und Sarah gaben nicht auf. Und siehe da, wir hatten Spa\u00df und erkundeten die Gegend. Wir spielten und tobten fr\u00f6hlich bis es dunkel wurde und der Hunger uns nach Hause brachte. Am Abend hie\u00df es: Essen, Aufr\u00e4umen, Duschen&nbsp;and&nbsp;let\u2018s&nbsp;go&nbsp;to&nbsp;Bingo.<\/p>\n\n\n\n<p>Der dritte Tag begann dank Jochen und Herrn Sch\u00fcller \u00fcberraschend fr\u00fch. Nach einem gem\u00fctlichen Fr\u00fchst\u00fcck haben wir unseren Tag geplant und uns entspannt. Heute Abend wollen wir unbedingt in die Eishalle gehen! Davor haben wir jedoch einen Abstecher zur Attah\u00f6hle gemacht \u2013 es wurde gemunkelt, dass sie einen Besuch wert ist \u2013 was sich als wahr herausstellte! Jetzt wissen wir sogar, wo der Osterhase lebt, wo der Nikolaus seine Freizeit verbringt und wo ein Eisb\u00e4r zu finden ist.<\/p>\n\n\n\n<p>Beim Schlittschuhlaufen hatten wir die Gelegenheit, viele neue Erlebnisse zu sammeln. Das Binden unserer Schuhe war f\u00fcr jeden eine echte Herausforderung, aber zum Gl\u00fcck konnten Britta und Sarah uns dabei helfen. Au\u00dferdem trafen wir auf sehr freundliche Menschen, die sich auskannten und bereitwillig Ratschl\u00e4ge gaben sowie unterst\u00fctzten. Bern machte seine ersten Gehversuche auf dem Eis und wurde dank der Hilfe aller immer sicherer darin.<\/p>\n\n\n<div class=\"wp-block-image\">\n<figure class=\"aligncenter size-full is-resized\"><a href=\"https:\/\/www.jugendheimstaetten-duisburg.de\/wp-content\/uploads\/2024\/12\/Bild-6.jpg\"><img loading=\"lazy\" decoding=\"async\" width=\"800\" height=\"532\" src=\"https:\/\/www.jugendheimstaetten-duisburg.de\/wp-content\/uploads\/2024\/12\/Bild-6.jpg\" alt=\"\" class=\"wp-image-9543\" style=\"object-fit:cover;width:400px;height:266px\" srcset=\"https:\/\/www.jugendheimstaetten-duisburg.de\/wp-content\/uploads\/2024\/12\/Bild-6.jpg 800w, https:\/\/www.jugendheimstaetten-duisburg.de\/wp-content\/uploads\/2024\/12\/Bild-6-300x200.jpg 300w, https:\/\/www.jugendheimstaetten-duisburg.de\/wp-content\/uploads\/2024\/12\/Bild-6-768x511.jpg 768w, https:\/\/www.jugendheimstaetten-duisburg.de\/wp-content\/uploads\/2024\/12\/Bild-6-400x266.jpg 400w\" sizes=\"auto, (max-width: 767px) 89vw, (max-width: 1000px) 54vw, (max-width: 1071px) 543px, 580px\" \/><\/a><\/figure>\n<\/div>\n\n\n<p>Nach dem Eislaufen machten wir uns auf den Weg nach Hause, duschten hastig und legten uns schlie\u00dflich der Reihe nach ins Bett, denn es war schon ziemlich sp\u00e4t.<\/p>\n\n\n\n<p>Der letzte Tag war da und wie an den vorherigen Tagen begonnen wir ihn mit einem leckeren Fr\u00fchst\u00fcck und besprachen den Tag. An diesem Tag fuhren wir zum Panabora, einige von uns kannten es bereits, andere sollten es unbedingt kennenlernen. Die Fahrt dorthin war entspannt, bis wir auf dem Parkplatz angekommen waren; dort haben wir alle laut gesungen, weil ein tolles Lied im Radio lief. Jetzt ging es los zum Entdecken und Ausprobieren \u2013 Tiere streicheln und spielen.<\/p>\n\n\n\n<p>Und dann ging es auf zum Turm, der wollte bezwungen werden. Herausforderung angenommen&nbsp; und geschafft .&nbsp; Auf dem Weg nach gaaaaanz oben (34 Meter) konnte man weit \u00fcber das Land schauen und auch ein zwei kleine Halloween Attraktionen gab es &#8211; versteckte und nicht versteckte.<\/p>\n\n\n\n<p>Oben angekommen hatten wir eine gro\u00dfartige Sicht. Beim Abstieg sind wir zus\u00e4tzlich den Pfad durch die B\u00e4ume entlanggegangen, was auch sehr beeindruckend war.<\/p>\n\n\n\n<p>Als sie zu Hause ankamen, g\u00f6nnten sie sich zuerst etwas zu essen. Britta und Benny hatten schon fr\u00fch am Morgen Kuchen gebacken. Dann gingen sie der Reihe nach duschen, um den Abend mit Spielen und einem Film einzul\u00e4uten.<\/p>\n\n\n\n<p>Am Abend im Kino haben sich alle gem\u00fctlich in ihre Decken eingekuschelt und zusammen einen Film angesehen. Doch irgendwann wurde gesagt, dass es Zeit f\u00fcrs Bett ist, denn morgen steht ein fr\u00fcher Tag an: Aufr\u00e4umen sauber machen, Haus verlassen!<\/p>\n\n\n\n<p><strong><em>Der Spruch des Tages wurde auf der Freizeit t\u00e4glich von Britta und Sarah bestimmt:<\/em><\/strong><\/p>\n\n\n\n<p>21.10. &#8211; Benny: Querfeld Beet ein!<\/p>\n\n\n\n<p>22.10. &#8211; Britta: Team Sporti, sind wir!<\/p>\n\n\n\n<p>22.10. Sarah, Akim, Bern: Frage von Sarah: \u201eAkim, bist du mutig? Antwort Akim: \u201eWas ist das?\u201c Bern haut raus: \u201eHasse Eier?\u201c<\/p>\n\n\n\n<p>24.10. Britta bei der Filmwahl: \u201eIn welche Richtung wollt ihr?\u201c Yazn: \u201eLinks\u201c<\/p>\n\n\n\n<p><\/p>\n\n\n<center><div id=\"metaslider-id-9536\" style=\"width: 100%;\" class=\"ml-slider-3-108-0 metaslider metaslider-flex metaslider-9536 ml-slider ms-theme-default-base nav-hidden\" role=\"region\" aria-label=\"2024-LH Herbstferien\" data-height=\"266\" data-width=\"400\">\n    <div id=\"metaslider_container_9536\">\n        <div id=\"metaslider_9536\">\n            <ul class='slides'>\n                <li style=\"display: block; width: 100%;\" class=\"slide-9547 ms-image \" aria-roledescription=\"slide\" data-date=\"2024-12-28 14:17:33\" data-filename=\"Bild-10-400x266.jpg\" data-slide-type=\"image\"><img loading=\"lazy\" decoding=\"async\" src=\"https:\/\/www.jugendheimstaetten-duisburg.de\/wp-content\/uploads\/2024\/12\/Bild-10-400x266.jpg\" height=\"266\" width=\"400\" alt=\"\" class=\"slider-9536 slide-9547 msDefaultImage\" title=\"Bild (10)\" \/><\/li>\n                <li style=\"display: none; width: 100%;\" class=\"slide-9548 ms-image \" aria-roledescription=\"slide\" data-date=\"2024-12-28 14:17:34\" data-filename=\"Bild-1-400x266.jpg\" data-slide-type=\"image\"><img loading=\"lazy\" decoding=\"async\" src=\"https:\/\/www.jugendheimstaetten-duisburg.de\/wp-content\/uploads\/2024\/12\/Bild-1-400x266.jpg\" height=\"266\" width=\"400\" alt=\"\" class=\"slider-9536 slide-9548 msDefaultImage\" title=\"Bild (1)\" \/><\/li>\n                <li style=\"display: none; width: 100%;\" class=\"slide-9549 ms-image \" aria-roledescription=\"slide\" data-date=\"2024-12-28 14:17:34\" data-filename=\"Bild-2-400x266.jpg\" data-slide-type=\"image\"><img loading=\"lazy\" decoding=\"async\" src=\"https:\/\/www.jugendheimstaetten-duisburg.de\/wp-content\/uploads\/2024\/12\/Bild-2-400x266.jpg\" height=\"266\" width=\"400\" alt=\"\" class=\"slider-9536 slide-9549 msDefaultImage\" title=\"Bild (2)\" \/><\/li>\n                <li style=\"display: none; width: 100%;\" class=\"slide-9550 ms-image \" aria-roledescription=\"slide\" data-date=\"2024-12-28 14:17:34\" data-filename=\"Bild-3-400x266.jpg\" data-slide-type=\"image\"><img loading=\"lazy\" decoding=\"async\" src=\"https:\/\/www.jugendheimstaetten-duisburg.de\/wp-content\/uploads\/2024\/12\/Bild-3-400x266.jpg\" height=\"266\" width=\"400\" alt=\"\" class=\"slider-9536 slide-9550 msDefaultImage\" title=\"Bild (3)\" \/><\/li>\n                <li style=\"display: none; width: 100%;\" class=\"slide-9551 ms-image \" aria-roledescription=\"slide\" data-date=\"2024-12-28 14:17:34\" data-filename=\"Bild-4-400x266.jpg\" data-slide-type=\"image\"><img loading=\"lazy\" decoding=\"async\" src=\"https:\/\/www.jugendheimstaetten-duisburg.de\/wp-content\/uploads\/2024\/12\/Bild-4-400x266.jpg\" height=\"266\" width=\"400\" alt=\"\" class=\"slider-9536 slide-9551 msDefaultImage\" title=\"Bild (4)\" \/><\/li>\n                <li style=\"display: none; width: 100%;\" class=\"slide-9552 ms-image \" aria-roledescription=\"slide\" data-date=\"2024-12-28 14:17:34\" data-filename=\"Bild-5-400x266.jpg\" data-slide-type=\"image\"><img loading=\"lazy\" decoding=\"async\" src=\"https:\/\/www.jugendheimstaetten-duisburg.de\/wp-content\/uploads\/2024\/12\/Bild-5-400x266.jpg\" height=\"266\" width=\"400\" alt=\"\" class=\"slider-9536 slide-9552 msDefaultImage\" title=\"Bild (5)\" \/><\/li>\n                <li style=\"display: none; width: 100%;\" class=\"slide-9553 ms-image \" aria-roledescription=\"slide\" data-date=\"2024-12-28 14:17:34\" data-filename=\"Bild-6-400x266.jpg\" data-slide-type=\"image\"><img loading=\"lazy\" decoding=\"async\" src=\"https:\/\/www.jugendheimstaetten-duisburg.de\/wp-content\/uploads\/2024\/12\/Bild-6-400x266.jpg\" height=\"266\" width=\"400\" alt=\"\" class=\"slider-9536 slide-9553 msDefaultImage\" title=\"Bild (6)\" \/><\/li>\n                <li style=\"display: none; width: 100%;\" class=\"slide-9554 ms-image \" aria-roledescription=\"slide\" data-date=\"2024-12-28 14:17:34\" data-filename=\"Bild-7-400x266.jpg\" data-slide-type=\"image\"><img loading=\"lazy\" decoding=\"async\" src=\"https:\/\/www.jugendheimstaetten-duisburg.de\/wp-content\/uploads\/2024\/12\/Bild-7-400x266.jpg\" height=\"266\" width=\"400\" alt=\"\" class=\"slider-9536 slide-9554 msDefaultImage\" title=\"Bild (7)\" \/><\/li>\n                <li style=\"display: none; width: 100%;\" class=\"slide-9555 ms-image \" aria-roledescription=\"slide\" data-date=\"2024-12-28 14:17:35\" data-filename=\"Bild-8-400x266.jpg\" data-slide-type=\"image\"><img loading=\"lazy\" decoding=\"async\" src=\"https:\/\/www.jugendheimstaetten-duisburg.de\/wp-content\/uploads\/2024\/12\/Bild-8-400x266.jpg\" height=\"266\" width=\"400\" alt=\"\" class=\"slider-9536 slide-9555 msDefaultImage\" title=\"Bild (8)\" \/><\/li>\n                <li style=\"display: none; width: 100%;\" class=\"slide-9556 ms-image \" aria-roledescription=\"slide\" data-date=\"2024-12-28 14:17:35\" data-filename=\"Bild-9-400x266.jpg\" data-slide-type=\"image\"><img loading=\"lazy\" decoding=\"async\" src=\"https:\/\/www.jugendheimstaetten-duisburg.de\/wp-content\/uploads\/2024\/12\/Bild-9-400x266.jpg\" height=\"266\" width=\"400\" alt=\"\" class=\"slider-9536 slide-9556 msDefaultImage\" title=\"Bild (9)\" \/><\/li>\n            <\/ul>\n        <\/div>\n        \n    <\/div>\n<\/div><\/center>\n\n\n<p><\/p>\n","protected":false},"excerpt":{"rendered":"<p>Vor der Abfahrt am 21. Oktober 2024 haben wir beim leckeren Fr\u00fchst\u00fcck nochmal kurz unsere&nbsp;Pl\u00e4ne besprochen, wie wir die sch\u00f6nen Tage verbringen wollen. Das Ergebnis war, dass wir etwas sehen und erleben m\u00f6chten, aber gutes Essen und Entspannung auch wichtig sind. Jetzt waren alle bereit, alles und alle in den Transit zu packen und die &hellip; <\/p>\n<p class=\"link-more\"><a href=\"https:\/\/www.jugendheimstaetten-duisburg.de\/?page_id=9557\" class=\"more-link\"><span class=\"screen-reader-text\">\u201eDie AWG Watereck macht Urlaub in Lieberhausen\u201c <\/span>weiterlesen<\/a><\/p>\n","protected":false},"author":5,"featured_media":9558,"parent":0,"menu_order":0,"comment_status":"closed","ping_status":"closed","template":"","meta":{"footnotes":""},"class_list":["post-9557","page","type-page","status-publish","has-post-thumbnail","hentry"],"aioseo_notices":[],"_links":{"self":[{"href":"https:\/\/www.jugendheimstaetten-duisburg.de\/index.php?rest_route=\/wp\/v2\/pages\/9557","targetHints":{"allow":["GET"]}}],"collection":[{"href":"https:\/\/www.jugendheimstaetten-duisburg.de\/index.php?rest_route=\/wp\/v2\/pages"}],"about":[{"href":"https:\/\/www.jugendheimstaetten-duisburg.de\/index.php?rest_route=\/wp\/v2\/types\/page"}],"author":[{"embeddable":true,"href":"https:\/\/www.jugendheimstaetten-duisburg.de\/index.php?rest_route=\/wp\/v2\/users\/5"}],"replies":[{"embeddable":true,"href":"https:\/\/www.jugendheimstaetten-duisburg.de\/index.php?rest_route=%2Fwp%2Fv2%2Fcomments&post=9557"}],"version-history":[{"count":5,"href":"https:\/\/www.jugendheimstaetten-duisburg.de\/index.php?rest_route=\/wp\/v2\/pages\/9557\/revisions"}],"predecessor-version":[{"id":9566,"href":"https:\/\/www.jugendheimstaetten-duisburg.de\/index.php?rest_route=\/wp\/v2\/pages\/9557\/revisions\/9566"}],"wp:featuredmedia":[{"embeddable":true,"href":"https:\/\/www.jugendheimstaetten-duisburg.de\/index.php?rest_route=\/wp\/v2\/media\/9558"}],"wp:attachment":[{"href":"https:\/\/www.jugendheimstaetten-duisburg.de\/index.php?rest_route=%2Fwp%2Fv2%2Fmedia&parent=9557"}],"curies":[{"name":"wp","href":"https:\/\/api.w.org\/{rel}","templated":true}]}}