{"id":9797,"date":"2026-01-08T17:21:42","date_gmt":"2026-01-08T16:21:42","guid":{"rendered":"https:\/\/www.jugendheimstaetten-duisburg.de\/?page_id=9797"},"modified":"2026-01-08T17:23:39","modified_gmt":"2026-01-08T16:23:39","slug":"silvesterfahrt-zwischen-burgerduft-und-neujahrsplaenen","status":"publish","type":"page","link":"https:\/\/www.jugendheimstaetten-duisburg.de\/?page_id=9797","title":{"rendered":"Silvesterfahrt: Zwischen Burgerduft und Neujahrspl\u00e4nen"},"content":{"rendered":"\n<p><em>Tag 1 \u2013 Anreise und Ankommen<\/em><\/p>\n\n\n\n<p>Unsere Silvesterfreizeit startete fr\u00fch: Um 9:00 Uhr waren wir vor Ort. Bevor es richtig los ging, stand erst einmal etwas Wichtiges an \u2013 wir feierten unser Geburtstagskind. Kim hatte Geburtstag und ist nun stolze 14 Jahre alt. Ihr Essenswunsch war schnell klar und uns bereits bekannt: Burger mit Pommes.<\/p>\n\n\n\n<p>P\u00fcnktlich um 10:00 Uhr ging es los Richtung Lieberhausen. Die Stimmung war gut, alle freuten sich auf die gemeinsame Zeit. Am Haus angekommen empfing uns kalte, aber klare Winterluft. Nachdem alle ihre Zimmer bezogen und sich eingerichtet hatten, machten wir uns direkt auf den Weg zum Einkaufen.<\/p>\n\n\n\n<p>Der Einkaufswagen f\u00fcllte sich schnell: viele leckere Dinge f\u00fcr den Tag und nat\u00fcrlich alles f\u00fcr unser Silvesterbuffet und den Neujahrstag. Das Ziel war klar \u2013 wir wollten es uns gut gehen lassen und das Jahr 2026 entspannt und gemeinsam begr\u00fc\u00dfen.<\/p>\n\n\n\n<p>Zur\u00fcck im Haus gab es zun\u00e4chst eine gem\u00fctliche Brotzeit. Ankommen, aufw\u00e4rmen, reden, lachen. Am Abend folgte dann das Highlight: Um 19:30 Uhr gab es Burger mit Pommes und Salat \u2013 ganz nach Kims Wunsch. Nat\u00fcrlich durfte auch der Geburtstagskuchen nicht fehlen. Geburtstag ist schlie\u00dflich Geburtstag, auch ein Tag vor Silvester. So starteten wir gemeinsam in den Abend und freuten uns \u00fcber gutes Essen und die Zeit miteinander.<\/p>\n\n\n\n<figure class=\"wp-block-image size-full\"><a href=\"https:\/\/www.jugendheimstaetten-duisburg.de\/wp-content\/uploads\/2026\/01\/5.jpg\"><img loading=\"lazy\" decoding=\"async\" width=\"800\" height=\"532\" src=\"https:\/\/www.jugendheimstaetten-duisburg.de\/wp-content\/uploads\/2026\/01\/5.jpg\" alt=\"\" class=\"wp-image-9806\" srcset=\"https:\/\/www.jugendheimstaetten-duisburg.de\/wp-content\/uploads\/2026\/01\/5.jpg 800w, https:\/\/www.jugendheimstaetten-duisburg.de\/wp-content\/uploads\/2026\/01\/5-300x200.jpg 300w, https:\/\/www.jugendheimstaetten-duisburg.de\/wp-content\/uploads\/2026\/01\/5-768x511.jpg 768w\" sizes=\"auto, (max-width: 767px) 89vw, (max-width: 1000px) 54vw, (max-width: 1071px) 543px, 580px\" \/><\/a><\/figure>\n\n\n\n<p><em>Tag 2 \u2013 Silvester<\/em><\/p>\n\n\n\n<p>Der Tag begann mit einem sehr ausgewogenen und reichhaltigen Fr\u00fchst\u00fcck. In ruhiger Atmosph\u00e4re starteten alle gest\u00e4rkt in den Tag. Anschlie\u00dfend machten sich alle frisch.<\/p>\n\n\n\n<p>Danach ging es nach drau\u00dfen. Gemeinsam unternahmen wir einen ausgiebigen Winterspaziergang. Es hatte geschneit \u2013 nicht viel, aber genug, um alle zu motivieren, rauszugehen. Die Stimmung war gel\u00f6st, es wurden viele lustige Fotos gemacht und alle kamen gut gelaunt, deutlich verschneit und durchgefroren zur\u00fcck.<\/p>\n\n\n\n<p>Im Anschluss wurde geduscht, um wieder warm und sauber zu werden. Danach begannen wir gemeinsam mit der Vorbereitung des Buffets. Alle halfen mit \u2013 viele H\u00e4nde, schnelles Ende.<\/p>\n\n\n\n<p>Am Abend startete unser Ballon-Ritual, ein durchg\u00e4ngiges Abendritual: Auf den Ballons waren jeweils Uhrzeiten notiert und im Inneren befand sich ein kleines Aktionsk\u00e4rtchen. Zu der jeweiligen Uhrzeit wurde der Ballon gemeinsam von den Jugendlichen zum Platzen gebracht und die Aktion umgesetzt.<\/p>\n\n\n\n<p>Um 19:00 Uhr schauten wir gemeinsam den Film \u201eDer Stockmann\u201c \u2013 ein Film, der auch dann noch gut ankommt, wenn die Kids schon gr\u00f6\u00dfer sind. Der Spruch des Abends lautete: \u201eSie tut so, als w\u00e4re sie wach\u201c \u2013 bezogen auf Britta. Um 20:00 Uhr lie\u00df Joshua den Ballon platzen, der das Wachsgie\u00dfen ank\u00fcndigte. Um 20:30 Uhr knallte Kim den n\u00e4chsten Ballon und gemeinsam schrieben wir unsere W\u00fcnsche f\u00fcr das neue Jahr 2026 auf. Um 21:00 Uhr wurden Spiele gespielt, ausgel\u00f6st durch einen weiteren Ballon, den Bern zerst\u00f6rte. Um 22:00 Uhr enthielt der Ballon die Aktion: eine Kurzgeschichte gemeinsam erfinden, bei der jede Person einmal an der Reihe war. Yazn brachte diesen Ballon zum Platzen und alle machten mit. Um 22:30 Uhr machte Benny den Ballon kaputt, der die Aktion enthielt, Briefe zu schreiben, die im Jahr 2025 losgelassen werden sollen. Um 23:00 Uhr lie\u00df Sarah, die P\u00e4dagogin, den letzten Ballon platzen. Es wurden viele lustige Gruppenfotos gemacht.<\/p>\n\n\n\n<p>Gegen 23:40 Uhr machten wir uns gemeinsam auf den Weg zu einer Anh\u00f6he, um das Feuerwerk von Lieberhausen zu bestaunen. Dort mussten wir noch ein wenig warten und vertrieben uns die Zeit, w\u00e4hrend bereits die ersten Raketen am Himmel zu sehen waren. Die Lichter flogen \u00fcber den Himmel, die Vorfreude war deutlich sp\u00fcrbar.<\/p>\n\n\n\n<p>Als es schlie\u00dflich los ging, waren besonders die Jungs mit Feuer und Flamme dabei und der Jahreswechsel wurde mit viel Freude und Begeisterung erlebt. Nach dem Feuerwerk liefen wir gemeinsam zur\u00fcck. Um 01:02 Uhr lagen alle geschafft in ihren Betten.<\/p>\n\n\n\n<figure class=\"wp-block-image size-full\"><a href=\"https:\/\/www.jugendheimstaetten-duisburg.de\/wp-content\/uploads\/2026\/01\/2.jpg\"><img loading=\"lazy\" decoding=\"async\" width=\"800\" height=\"532\" src=\"https:\/\/www.jugendheimstaetten-duisburg.de\/wp-content\/uploads\/2026\/01\/2.jpg\" alt=\"\" class=\"wp-image-9803\" srcset=\"https:\/\/www.jugendheimstaetten-duisburg.de\/wp-content\/uploads\/2026\/01\/2.jpg 800w, https:\/\/www.jugendheimstaetten-duisburg.de\/wp-content\/uploads\/2026\/01\/2-300x200.jpg 300w, https:\/\/www.jugendheimstaetten-duisburg.de\/wp-content\/uploads\/2026\/01\/2-768x511.jpg 768w\" sizes=\"auto, (max-width: 767px) 89vw, (max-width: 1000px) 54vw, (max-width: 1071px) 543px, 580px\" \/><\/a><\/figure>\n\n\n\n<p><em>Tag 3 \u2013 Abreise<\/em><\/p>\n\n\n\n<p>Der Abreisetag verlief ruhig. Nach dem sp\u00e4ten Abend und der kurzen Nacht war die Stimmung entspannt, alle deutlich m\u00fcde. Im Bulli machten viele die \u00c4uglein zu und schliefen bis zur R\u00fcckkehr ins Haus.<\/p>\n\n\n\n<p>Im Haus angekommen wurden die Nachbereitungen der Freizeit getroffen: der Bulli wurde geleert, danach ging jeder seine Wege. Bis es dann hie\u00df, Buffet 2.0 ist er\u00f6ffnet: alles was in Lieberhausen besorgt wurde, war auch nochmal f\u00fcr heute. Sarah und Britta verabschiedeten sich dann sp\u00e4ter \u201edienstlich\u201c, bevor der Alltag wieder am 02-01-2026 beginnen muss.<\/p>\n\n\n\n<p>Alle verabschiedeten sich zufrieden und mit vielen Eindr\u00fccken im Gep\u00e4ck. Die drei Tage waren gepr\u00e4gt von Gemeinschaft, Beteiligung, Humor und einer durchweg positiven Atmosph\u00e4re \u2013 ein gelungener Abschluss des alten Jahres und ein sch\u00f6ner Start in das neue Jahr.<\/p>\n\n\n<div id=\"metaslider-id-9801\" style=\"width: 100%;\" class=\"ml-slider-3-108-0 metaslider metaslider-flex metaslider-9801 ml-slider ms-theme-default-base nav-hidden\" role=\"region\" aria-label=\"2026-Silvesterfahrt\" data-height=\"566\" data-width=\"800\">\n    <div id=\"metaslider_container_9801\">\n        <div id=\"metaslider_9801\">\n            <ul aria-live='off' class='slides'>\n                <li style=\"display: block; width: 100%;\" class=\"slide-9808 ms-image \" aria-roledescription=\"slide\" data-date=\"2026-01-08 17:22:29\" data-filename=\"1-751x532.jpg\" data-slide-type=\"image\"><img loading=\"lazy\" decoding=\"async\" src=\"https:\/\/www.jugendheimstaetten-duisburg.de\/wp-content\/uploads\/2026\/01\/1-751x532.jpg\" height=\"566\" width=\"800\" alt=\"\" class=\"slider-9801 slide-9808 msDefaultImage\" title=\"1\" \/><\/li>\n                <li style=\"display: none; width: 100%;\" class=\"slide-9809 ms-image \" aria-roledescription=\"slide\" data-date=\"2026-01-08 17:22:29\" data-filename=\"2-751x532.jpg\" data-slide-type=\"image\"><img loading=\"lazy\" decoding=\"async\" src=\"https:\/\/www.jugendheimstaetten-duisburg.de\/wp-content\/uploads\/2026\/01\/2-751x532.jpg\" height=\"566\" width=\"800\" alt=\"\" class=\"slider-9801 slide-9809 msDefaultImage\" title=\"2\" \/><\/li>\n                <li style=\"display: none; width: 100%;\" class=\"slide-9810 ms-image \" aria-roledescription=\"slide\" data-date=\"2026-01-08 17:22:29\" data-filename=\"3-751x532.jpg\" data-slide-type=\"image\"><img loading=\"lazy\" decoding=\"async\" src=\"https:\/\/www.jugendheimstaetten-duisburg.de\/wp-content\/uploads\/2026\/01\/3-751x532.jpg\" height=\"566\" width=\"800\" alt=\"\" class=\"slider-9801 slide-9810 msDefaultImage\" title=\"3\" \/><\/li>\n                <li style=\"display: none; width: 100%;\" class=\"slide-9811 ms-image \" aria-roledescription=\"slide\" data-date=\"2026-01-08 17:22:29\" data-filename=\"4-751x532.jpg\" data-slide-type=\"image\"><img loading=\"lazy\" decoding=\"async\" src=\"https:\/\/www.jugendheimstaetten-duisburg.de\/wp-content\/uploads\/2026\/01\/4-751x532.jpg\" height=\"566\" width=\"800\" alt=\"\" class=\"slider-9801 slide-9811 msDefaultImage\" title=\"4\" \/><\/li>\n                <li style=\"display: none; width: 100%;\" class=\"slide-9812 ms-image \" aria-roledescription=\"slide\" data-date=\"2026-01-08 17:22:29\" data-filename=\"5-751x532.jpg\" data-slide-type=\"image\"><img loading=\"lazy\" decoding=\"async\" src=\"https:\/\/www.jugendheimstaetten-duisburg.de\/wp-content\/uploads\/2026\/01\/5-751x532.jpg\" height=\"566\" width=\"800\" alt=\"\" class=\"slider-9801 slide-9812 msDefaultImage\" title=\"5\" \/><\/li>\n                <li style=\"display: none; width: 100%;\" class=\"slide-9813 ms-image \" aria-roledescription=\"slide\" data-date=\"2026-01-08 17:22:29\" data-filename=\"6-751x532.jpg\" data-slide-type=\"image\"><img loading=\"lazy\" decoding=\"async\" src=\"https:\/\/www.jugendheimstaetten-duisburg.de\/wp-content\/uploads\/2026\/01\/6-751x532.jpg\" height=\"566\" width=\"800\" alt=\"\" class=\"slider-9801 slide-9813 msDefaultImage\" title=\"6\" \/><\/li>\n            <\/ul>\n        <\/div>\n        \n    <\/div>\n<\/div>\n","protected":false},"excerpt":{"rendered":"<p>Tag 1 \u2013 Anreise und Ankommen Unsere Silvesterfreizeit startete fr\u00fch: Um 9:00 Uhr waren wir vor Ort. Bevor es richtig los ging, stand erst einmal etwas Wichtiges an \u2013 wir feierten unser Geburtstagskind. Kim hatte Geburtstag und ist nun stolze 14 Jahre alt. Ihr Essenswunsch war schnell klar und uns bereits bekannt: Burger mit Pommes. &hellip; <\/p>\n<p class=\"link-more\"><a href=\"https:\/\/www.jugendheimstaetten-duisburg.de\/?page_id=9797\" class=\"more-link\"><span class=\"screen-reader-text\">\u201eSilvesterfahrt: Zwischen Burgerduft und Neujahrspl\u00e4nen\u201c <\/span>weiterlesen<\/a><\/p>\n","protected":false},"author":5,"featured_media":9799,"parent":0,"menu_order":0,"comment_status":"closed","ping_status":"closed","template":"","meta":{"footnotes":""},"class_list":["post-9797","page","type-page","status-publish","has-post-thumbnail","hentry"],"aioseo_notices":[],"_links":{"self":[{"href":"https:\/\/www.jugendheimstaetten-duisburg.de\/index.php?rest_route=\/wp\/v2\/pages\/9797","targetHints":{"allow":["GET"]}}],"collection":[{"href":"https:\/\/www.jugendheimstaetten-duisburg.de\/index.php?rest_route=\/wp\/v2\/pages"}],"about":[{"href":"https:\/\/www.jugendheimstaetten-duisburg.de\/index.php?rest_route=\/wp\/v2\/types\/page"}],"author":[{"embeddable":true,"href":"https:\/\/www.jugendheimstaetten-duisburg.de\/index.php?rest_route=\/wp\/v2\/users\/5"}],"replies":[{"embeddable":true,"href":"https:\/\/www.jugendheimstaetten-duisburg.de\/index.php?rest_route=%2Fwp%2Fv2%2Fcomments&post=9797"}],"version-history":[{"count":2,"href":"https:\/\/www.jugendheimstaetten-duisburg.de\/index.php?rest_route=\/wp\/v2\/pages\/9797\/revisions"}],"predecessor-version":[{"id":9814,"href":"https:\/\/www.jugendheimstaetten-duisburg.de\/index.php?rest_route=\/wp\/v2\/pages\/9797\/revisions\/9814"}],"wp:featuredmedia":[{"embeddable":true,"href":"https:\/\/www.jugendheimstaetten-duisburg.de\/index.php?rest_route=\/wp\/v2\/media\/9799"}],"wp:attachment":[{"href":"https:\/\/www.jugendheimstaetten-duisburg.de\/index.php?rest_route=%2Fwp%2Fv2%2Fmedia&parent=9797"}],"curies":[{"name":"wp","href":"https:\/\/api.w.org\/{rel}","templated":true}]}}