{"id":9829,"date":"2026-04-10T19:49:12","date_gmt":"2026-04-10T17:49:12","guid":{"rendered":"https:\/\/www.jugendheimstaetten-duisburg.de\/?page_id=9829"},"modified":"2026-04-12T09:45:54","modified_gmt":"2026-04-12T07:45:54","slug":"osterferien-ohne-ausfluege-nicht-bei-der-awg-watereck","status":"publish","type":"page","link":"https:\/\/www.jugendheimstaetten-duisburg.de\/?page_id=9829","title":{"rendered":"Osterferien ohne Ausfl\u00fcge? Nicht bei der AWG Watereck!"},"content":{"rendered":"\n<p>Die Osterferien haben wir in diesem Jahr ganz bewusst genutzt, um den Jugendlichen Abwechslung, Erlebnisse und kleine Auszeiten vom Alltag zu erm\u00f6glichen \u2013 gerade weil eine gr\u00f6\u00dfere Freizeit diesmal nicht stattfindet. Umso wichtiger war es uns, kleine Highlights zu schaffen, die in Erinnerung bleiben.<\/p>\n\n\n\n<p>Bereits in der vergangenen Woche stand ein Ausflug in den Nordpark an. In ruhiger Atmosph\u00e4re haben wir gemeinsam einen ausgedehnten Spaziergang gemacht, die besondere Abendstimmung genutzt und Fotos in einer wirklich sch\u00f6nen Kulisse aufgenommen. Die Stimmung war entspannt, fast schon entschleunigend. Es ging nicht um Programm oder Action, sondern bewusst darum, runterzukommen, Gespr\u00e4che zu f\u00fchren, auch mal nebeneinander her zu laufen und einfach den Moment zu genie\u00dfen. F\u00fcr viele Jugendliche sind genau diese ruhigen Settings ungewohnt \u2013 aber gleichzeitig unglaublich wertvoll, um zur Ruhe zu kommen und sich selbst wieder ein St\u00fcck besser wahrzunehmen.<\/p>\n\n\n\n<p>Heute am 08.04.2026 folgte dann ein ganz anderes Highlight: ein Tagesausflug an die Nordsee mit einem Zwischenstopp bei der Seehundauffangstation. Die Jugendlichen konnten die Tiere aus n\u00e4chster N\u00e4he beobachten, bei der F\u00fctterung zusehen und sich spielerisch mit dem Thema Meeresschutz auseinandersetzen. Besonders eindr\u00fccklich war dabei zu sehen, wie verletzlich die Tiere sind und warum Schutzma\u00dfnahmen so wichtig sind. Solche direkten Erfahrungen bleiben einfach besser h\u00e4ngen als jedes Gespr\u00e4ch im Gruppenraum.<\/p>\n\n\n<div class=\"wp-block-image\">\n<figure class=\"aligncenter size-full\"><a href=\"https:\/\/www.jugendheimstaetten-duisburg.de\/wp-content\/uploads\/2026\/04\/4-1.jpg\"><img loading=\"lazy\" decoding=\"async\" width=\"800\" height=\"532\" src=\"https:\/\/www.jugendheimstaetten-duisburg.de\/wp-content\/uploads\/2026\/04\/4-1.jpg\" alt=\"\" class=\"wp-image-9862\" srcset=\"https:\/\/www.jugendheimstaetten-duisburg.de\/wp-content\/uploads\/2026\/04\/4-1.jpg 800w, https:\/\/www.jugendheimstaetten-duisburg.de\/wp-content\/uploads\/2026\/04\/4-1-300x200.jpg 300w, https:\/\/www.jugendheimstaetten-duisburg.de\/wp-content\/uploads\/2026\/04\/4-1-768x511.jpg 768w\" sizes=\"auto, (max-width: 767px) 89vw, (max-width: 1000px) 54vw, (max-width: 1071px) 543px, 580px\" \/><\/a><\/figure>\n<\/div>\n\n\n<p>Im Anschluss ging es weiter an den Strand. Weite, Wind und Bewegung \u2013 genau das Richtige nach dem ersten Programmpunkt. Ein echtes Highlight war das Drachensteigen: F\u00fcr viele tats\u00e4chlich das erste Mal. Anfangs noch etwas unsicher, aber nach kurzer Anleitung waren die Drachen stabil in der Luft und hielten sich \u00fcber eine Stunde am Himmel. Ein einfacher, aber richtig sch\u00f6ner Moment, der f\u00fcr viel Freude, Stolz und auch Gemeinschaft gesorgt hat.<\/p>\n\n\n\n<p>Die R\u00fcckfahrt hatte dann noch einen kleinen \u201eSpannungsbogen\u201c eingebaut \u2013 der Tank war n\u00e4mlich deutlich optimistischer geplant als n\u00f6tig. Wir sind also mit einer guten Portion Vertrauen und einem Auge auf die Tankanzeige gestartet. Aber: alles entspannt geblieben, ruhig durchgezogen und am Ende sicher angekommen \u2013 inklusive kleiner Erleichterung im Bus.<\/p>\n\n\n\n<p><strong>Fazit:<\/strong> Zwei ganz unterschiedliche Ausfl\u00fcge \u2013 einmal ruhig und entschleunigend im Nordpark, einmal aktiv und erlebnisreich an der Nordsee. Genau diese Mischung macht Ferien f\u00fcr unsere Jugendlichen wertvoll: Erlebnisse schaffen, Gemeinschaft st\u00e4rken und zwischendurch einfach mal die Seele baumeln lassen.<\/p>\n\n\n<div id=\"metaslider-id-9830\" style=\"width: 100%;\" class=\"ml-slider-3-108-0 metaslider metaslider-flex metaslider-9830 ml-slider ms-theme-default-base nav-hidden\" role=\"region\" aria-label=\"2026-Watereck Ostern\" data-height=\"532\" data-width=\"800\">\n    <div id=\"metaslider_container_9830\">\n        <div id=\"metaslider_9830\">\n            <ul aria-live='off' class='slides'>\n                <li style=\"display: block; width: 100%;\" class=\"slide-9843 ms-image \" aria-roledescription=\"slide\" data-date=\"2026-04-10 19:48:07\" data-filename=\"11.jpg\" data-slide-type=\"image\"><img loading=\"lazy\" decoding=\"async\" src=\"https:\/\/www.jugendheimstaetten-duisburg.de\/wp-content\/uploads\/2026\/04\/11.jpg\" height=\"532\" width=\"800\" alt=\"\" class=\"slider-9830 slide-9843 msDefaultImage\" title=\"11\" \/><\/li>\n                <li style=\"display: none; width: 100%;\" class=\"slide-9844 ms-image \" aria-roledescription=\"slide\" data-date=\"2026-04-10 19:48:07\" data-filename=\"12.jpg\" data-slide-type=\"image\"><img loading=\"lazy\" decoding=\"async\" src=\"https:\/\/www.jugendheimstaetten-duisburg.de\/wp-content\/uploads\/2026\/04\/12.jpg\" height=\"532\" width=\"800\" alt=\"\" class=\"slider-9830 slide-9844 msDefaultImage\" title=\"12\" \/><\/li>\n                <li style=\"display: none; width: 100%;\" class=\"slide-9845 ms-image \" aria-roledescription=\"slide\" data-date=\"2026-04-10 19:48:07\" data-filename=\"1.jpg\" data-slide-type=\"image\"><img loading=\"lazy\" decoding=\"async\" src=\"https:\/\/www.jugendheimstaetten-duisburg.de\/wp-content\/uploads\/2026\/04\/1.jpg\" height=\"532\" width=\"800\" alt=\"\" class=\"slider-9830 slide-9845 msDefaultImage\" title=\"1\" \/><\/li>\n                <li style=\"display: none; width: 100%;\" class=\"slide-9846 ms-image \" aria-roledescription=\"slide\" data-date=\"2026-04-10 19:48:07\" data-filename=\"2.jpg\" data-slide-type=\"image\"><img loading=\"lazy\" decoding=\"async\" src=\"https:\/\/www.jugendheimstaetten-duisburg.de\/wp-content\/uploads\/2026\/04\/2.jpg\" height=\"532\" width=\"800\" alt=\"\" class=\"slider-9830 slide-9846 msDefaultImage\" title=\"2\" \/><\/li>\n                <li style=\"display: none; width: 100%;\" class=\"slide-9847 ms-image \" aria-roledescription=\"slide\" data-date=\"2026-04-10 19:48:07\" data-filename=\"3.jpg\" data-slide-type=\"image\"><img loading=\"lazy\" decoding=\"async\" src=\"https:\/\/www.jugendheimstaetten-duisburg.de\/wp-content\/uploads\/2026\/04\/3.jpg\" height=\"532\" width=\"800\" alt=\"\" class=\"slider-9830 slide-9847 msDefaultImage\" title=\"3\" \/><\/li>\n                <li style=\"display: none; width: 100%;\" class=\"slide-9849 ms-image \" aria-roledescription=\"slide\" data-date=\"2026-04-10 19:48:07\" data-filename=\"5.jpg\" data-slide-type=\"image\"><img loading=\"lazy\" decoding=\"async\" src=\"https:\/\/www.jugendheimstaetten-duisburg.de\/wp-content\/uploads\/2026\/04\/5.jpg\" height=\"532\" width=\"800\" alt=\"\" class=\"slider-9830 slide-9849 msDefaultImage\" title=\"5\" \/><\/li>\n                <li style=\"display: none; width: 100%;\" class=\"slide-9850 ms-image \" aria-roledescription=\"slide\" data-date=\"2026-04-10 19:48:07\" data-filename=\"6.jpg\" data-slide-type=\"image\"><img loading=\"lazy\" decoding=\"async\" src=\"https:\/\/www.jugendheimstaetten-duisburg.de\/wp-content\/uploads\/2026\/04\/6.jpg\" height=\"532\" width=\"800\" alt=\"\" class=\"slider-9830 slide-9850 msDefaultImage\" title=\"6\" \/><\/li>\n                <li style=\"display: none; width: 100%;\" class=\"slide-9851 ms-image \" aria-roledescription=\"slide\" data-date=\"2026-04-10 19:48:07\" data-filename=\"7.jpg\" data-slide-type=\"image\"><img loading=\"lazy\" decoding=\"async\" src=\"https:\/\/www.jugendheimstaetten-duisburg.de\/wp-content\/uploads\/2026\/04\/7.jpg\" height=\"532\" width=\"800\" alt=\"\" class=\"slider-9830 slide-9851 msDefaultImage\" title=\"7\" \/><\/li>\n                <li style=\"display: none; width: 100%;\" class=\"slide-9852 ms-image \" aria-roledescription=\"slide\" data-date=\"2026-04-10 19:48:07\" data-filename=\"8.jpg\" data-slide-type=\"image\"><img loading=\"lazy\" decoding=\"async\" src=\"https:\/\/www.jugendheimstaetten-duisburg.de\/wp-content\/uploads\/2026\/04\/8.jpg\" height=\"532\" width=\"800\" alt=\"\" class=\"slider-9830 slide-9852 msDefaultImage\" title=\"8\" \/><\/li>\n                <li style=\"display: none; width: 100%;\" class=\"slide-9854 ms-image \" aria-roledescription=\"slide\" data-date=\"2026-04-10 19:48:07\" data-filename=\"10.jpg\" data-slide-type=\"image\"><img loading=\"lazy\" decoding=\"async\" src=\"https:\/\/www.jugendheimstaetten-duisburg.de\/wp-content\/uploads\/2026\/04\/10.jpg\" height=\"532\" width=\"800\" alt=\"\" class=\"slider-9830 slide-9854 msDefaultImage\" title=\"10\" \/><\/li>\n                <li style=\"display: none; width: 100%;\" class=\"slide-9863 ms-image \" aria-roledescription=\"slide\" data-date=\"2026-04-12 09:45:31\" data-filename=\"9-1.jpg\" data-slide-type=\"image\"><img loading=\"lazy\" decoding=\"async\" src=\"https:\/\/www.jugendheimstaetten-duisburg.de\/wp-content\/uploads\/2026\/04\/9-1.jpg\" height=\"532\" width=\"800\" alt=\"\" class=\"slider-9830 slide-9863 msDefaultImage\" title=\"9\" \/><\/li>\n                <li style=\"display: none; width: 100%;\" class=\"slide-9864 ms-image \" aria-roledescription=\"slide\" data-date=\"2026-04-12 09:45:31\" data-filename=\"4-1.jpg\" data-slide-type=\"image\"><img loading=\"lazy\" decoding=\"async\" src=\"https:\/\/www.jugendheimstaetten-duisburg.de\/wp-content\/uploads\/2026\/04\/4-1.jpg\" height=\"532\" width=\"800\" alt=\"\" class=\"slider-9830 slide-9864 msDefaultImage\" title=\"4\" \/><\/li>\n            <\/ul>\n        <\/div>\n        \n    <\/div>\n<\/div>\n","protected":false},"excerpt":{"rendered":"<p>Die Osterferien haben wir in diesem Jahr ganz bewusst genutzt, um den Jugendlichen Abwechslung, Erlebnisse und kleine Auszeiten vom Alltag zu erm\u00f6glichen \u2013 gerade weil eine gr\u00f6\u00dfere Freizeit diesmal nicht stattfindet. Umso wichtiger war es uns, kleine Highlights zu schaffen, die in Erinnerung bleiben. Bereits in der vergangenen Woche stand ein Ausflug in den Nordpark &hellip; <\/p>\n<p class=\"link-more\"><a href=\"https:\/\/www.jugendheimstaetten-duisburg.de\/?page_id=9829\" class=\"more-link\"><span class=\"screen-reader-text\">\u201eOsterferien ohne Ausfl\u00fcge? Nicht bei der AWG Watereck!\u201c <\/span>weiterlesen<\/a><\/p>\n","protected":false},"author":5,"featured_media":9856,"parent":0,"menu_order":0,"comment_status":"closed","ping_status":"closed","template":"","meta":{"footnotes":""},"class_list":["post-9829","page","type-page","status-publish","has-post-thumbnail","hentry"],"aioseo_notices":[],"_links":{"self":[{"href":"https:\/\/www.jugendheimstaetten-duisburg.de\/index.php?rest_route=\/wp\/v2\/pages\/9829","targetHints":{"allow":["GET"]}}],"collection":[{"href":"https:\/\/www.jugendheimstaetten-duisburg.de\/index.php?rest_route=\/wp\/v2\/pages"}],"about":[{"href":"https:\/\/www.jugendheimstaetten-duisburg.de\/index.php?rest_route=\/wp\/v2\/types\/page"}],"author":[{"embeddable":true,"href":"https:\/\/www.jugendheimstaetten-duisburg.de\/index.php?rest_route=\/wp\/v2\/users\/5"}],"replies":[{"embeddable":true,"href":"https:\/\/www.jugendheimstaetten-duisburg.de\/index.php?rest_route=%2Fwp%2Fv2%2Fcomments&post=9829"}],"version-history":[{"count":3,"href":"https:\/\/www.jugendheimstaetten-duisburg.de\/index.php?rest_route=\/wp\/v2\/pages\/9829\/revisions"}],"predecessor-version":[{"id":9865,"href":"https:\/\/www.jugendheimstaetten-duisburg.de\/index.php?rest_route=\/wp\/v2\/pages\/9829\/revisions\/9865"}],"wp:featuredmedia":[{"embeddable":true,"href":"https:\/\/www.jugendheimstaetten-duisburg.de\/index.php?rest_route=\/wp\/v2\/media\/9856"}],"wp:attachment":[{"href":"https:\/\/www.jugendheimstaetten-duisburg.de\/index.php?rest_route=%2Fwp%2Fv2%2Fmedia&parent=9829"}],"curies":[{"name":"wp","href":"https:\/\/api.w.org\/{rel}","templated":true}]}}